{"id":38577,"date":"2025-04-16T11:16:33","date_gmt":"2025-04-16T09:16:33","guid":{"rendered":"http:\/\/www.mondo-legno.com\/?post_type=product&#038;p=38577"},"modified":"2025-12-10T13:35:32","modified_gmt":"2025-12-10T12:35:32","slug":"amalgame-ferrari-12cilindri","status":"publish","type":"product","link":"https:\/\/www.modelcars24.de\/fr\/amalgam-ferrari-12cilindri\/","title":{"rendered":"Amalgame Ferrari 12Cilindri (2024) | Edition limit\u00e9e 1:8 - 1\/18"},"content":{"rendered":"<h3>Amalgame Ferrari 12Cilindri (2024) | Edition limit\u00e9e 1:8<\/h3>\n<p>&nbsp;<\/p>\n<ul>\n<li>Edition limit\u00e9e \u00e0 199 exemplaires<\/li>\n<li>Des mod\u00e8les sur mesure peuvent \u00eatre construits selon les sp\u00e9cifications du propri\u00e9taire<\/li>\n<li>Mod\u00e8le en \u00e9dition limit\u00e9e, peint en Verde Toscana avec int\u00e9rieur Terra Antica<\/li>\n<li>Chaque mod\u00e8le est fabriqu\u00e9 et assembl\u00e9 \u00e0 la main par une petite \u00e9quipe d'artisans.<\/li>\n<li>Mod\u00e8le \u00e0 l'\u00e9chelle 1:8, plus de 59 cm\/23 pouces de long<\/li>\n<li>Fabriqu\u00e9 \u00e0 partir de mat\u00e9riaux de la plus haute qualit\u00e9<\/li>\n<li>Plus de 3000 heures pour le d\u00e9veloppement du mod\u00e8le<\/li>\n<li>Plus de 300 heures pour la construction de chaque mod\u00e8le<\/li>\n<li>Des milliers de pi\u00e8ces usin\u00e9es avec pr\u00e9cision : Pi\u00e8ces coul\u00e9es, photogravures et composants m\u00e9talliques usin\u00e9s CNC<\/li>\n<li>Cr\u00e9\u00e9 en utilisant les designs CAO originaux, les codes de peinture et les sp\u00e9cifications des mat\u00e9riaux de Ferrari<\/li>\n<\/ul>\n<p>La Ferrari 12Cilindri, la nouvelle berlinette biplace de Maranello, propuls\u00e9e par un moteur V12 atmosph\u00e9rique mont\u00e9 en position centrale avant, incarne parfaitement l'ADN du cheval dansant et offre des performances et une maniabilit\u00e9 incomparables avec un design sophistiqu\u00e9 et sculptural. La Ferrari 12Cilindri de 830 ch s'adresse aux connaisseurs du l\u00e9gendaire moteur V12 et s'inspire des voitures Ferrari Gran Turismo des ann\u00e9es 1950 et 1960. Elle offre un plaisir de conduite typique de la course automobile, associ\u00e9 \u00e0 la polyvalence. La 12Cilindri est l'\u00e9volution naturelle de la philosophie de propulsion sans compromis de l'entreprise, qui enthousiasme les fans du \u201echeval qui danse\u201c depuis que le tout premier moteur Ferrari a franchi les portes de l'usine de Maranello en 1947. La 12Cilindri est une combinaison sans effort d'\u00e9l\u00e9gance, de polyvalence et de performance 12Cilindri perp\u00e9tue cet h\u00e9ritage unique et \u00e9tablit de nouvelles normes en mati\u00e8re de performance, de confort et de design.<\/p>\n<p><strong>Design<\/strong><\/p>\n<p>Avec la Ferrari 12Cilindri, Flavio Manzoni et l'\u00e9quipe de designers du Ferrari Centro Stile ont entrepris de changer radicalement les codes stylistiques des anciens mod\u00e8les V12 Ferrari \u00e0 moteur central avant. Des lignes \u00e9pur\u00e9es dominent la g\u00e9om\u00e9trie de la voiture et soulignent les volumes qui forment un ensemble parfaitement imbriqu\u00e9. Les flancs ultra-propres partent d'une d\u00e9coupe en V et s'\u00e9tendent vers l'arri\u00e8re tout au long du v\u00e9hicule. Bien que la sensualit\u00e9 typique de Ferrari ait \u00e9t\u00e9 pr\u00e9serv\u00e9e, les ailes ont \u00e9t\u00e9 fa\u00e7onn\u00e9es avec une pr\u00e9cision g\u00e9om\u00e9trique extr\u00eame : Toutes les lignes sont le r\u00e9sultat d'intersections entre les volumes, et une approche plus fonctionnelle de la forme a \u00e9t\u00e9 adopt\u00e9e, refl\u00e9tant la nostalgie. L'aileron arri\u00e8re muscl\u00e9 est imposant, mais aussi parfaitement contr\u00f4l\u00e9 g\u00e9om\u00e9triquement. Sur l'aile avant, cette tension musculaire s'\u00e9tire l\u00e9g\u00e8rement et s'arr\u00eate le long du flanc, soulignant encore davantage l'esth\u00e9tique monolithique de la voiture. La silhouette de la 12Cilindri respire la sportivit\u00e9 et la classe : Des lignes simples mais harmonieuses, un dispositif a\u00e9rodynamique actif int\u00e9gr\u00e9 garantissant des performances incomparables, un capot qui s'ouvre vers l'avant pour laisser entrevoir le compartiment moteur et les deux doubles sorties d'\u00e9chappement qui sont devenues la marque de fabrique de la 12 de Ferrari -des voitures \u00e0 cylindres.<\/p>\n<p><strong>Moteur<\/strong><\/p>\n<p>Le moteur F140HD de la Ferrari 12Cilindri est la derni\u00e8re \u00e9volution du l\u00e9gendaire moteur V12 qui a pos\u00e9 les bases de la l\u00e9gende de Maranello. Dans cette version, il lib\u00e8re 830 ch et le r\u00e9gime maximal atteint le niveau enivrant de 9 500 tr\/min. Il est associ\u00e9 \u00e0 la bo\u00eete de vitesses \u00e0 huit rapports \u00e0 double embrayage qui a \u00e9t\u00e9 unanimement salu\u00e9e sur les autres voitures de cette gamme. Le moteur dispose de composants et de logiciels modifi\u00e9s, d\u00e9j\u00e0 partiellement repris dans la s\u00e9rie sp\u00e9ciale 812 Competizione, et lui assure une place de choix dans sa cat\u00e9gorie en termes de performances. Pour permettre au V12 d'atteindre un tel r\u00e9gime, les ing\u00e9nieurs ont travaill\u00e9 \u00e0 r\u00e9duire le poids et l'inertie des composants du moteur, notamment en utilisant des bielles en titane, des pistons plus l\u00e9gers en alliage d'aluminium et en introduisant un vilebrequin r\u00e9\u00e9quilibr\u00e9. La plupart des modifications se sont concentr\u00e9es sur l'optimisation du couple d\u00e9livr\u00e9 dans toutes les conditions de fonctionnement. Il en r\u00e9sulte un moteur d'une douceur et d'une r\u00e9activit\u00e9 \u00e9tonnantes, qui fournit des performances de pointe sur la ligne rouge. Une strat\u00e9gie logicielle innovante a \u00e9t\u00e9 mise au point, qui procure une sensation de plaisir de conduite vraiment unique gr\u00e2ce \u00e0 un crescendo d'acc\u00e9l\u00e9ration et de puissance sans fin et aux sons les plus purs de la sonorit\u00e9 caract\u00e9ristique de Ferrari jusqu'au limiteur.<\/p>\n<p><strong>Ch\u00e2ssis &amp; dynamique<\/strong><\/p>\n<p>La Ferrari 12Cilindri a \u00e9t\u00e9 con\u00e7ue pour les connaisseurs avec une vision tr\u00e8s claire de ce qu'a toujours \u00e9t\u00e9 l'ADN de Ferrari, ce qui en fait vraiment une voiture pour un petit nombre. Les ing\u00e9nieurs de Ferrari voulaient construire une voiture simple et \u00e9l\u00e9gante, sans faire de compromis sur les performances. La 12Cilindri est dot\u00e9e de la gestion dynamique ultramoderne de la Berlinetta \u00e0 moteur avant, y compris des \u00e9l\u00e9ments emprunt\u00e9s \u00e0 d'autres voitures de la gamme comme la 296 GTB, et dispose de la direction \u00e0 quatre roues ind\u00e9pendantes (4WS), introduite pour la premi\u00e8re fois sur la s\u00e9rie sp\u00e9ciale 812 Competizione La direction des roues arri\u00e8re pr\u00e9sente des caract\u00e9ristiques m\u00e9caniques innovantes qui am\u00e9liorent consid\u00e9rablement la pr\u00e9cision de la gestion de la position de chaque actionneur, ce qui se traduit par un temps de r\u00e9action plus rapide de l'essieu et donc par une meilleure r\u00e9activit\u00e9 dans les virages. Gr\u00e2ce \u00e0 une r\u00e9partition quasi id\u00e9ale des masses, une maniabilit\u00e9 optimale est \u00e9galement garantie et la r\u00e9activit\u00e9 de la voiture b\u00e9n\u00e9ficie \u00e9galement de la r\u00e9duction de l'empattement de 20 mm par rapport \u00e0 la 812 Superfast. Le ch\u00e2ssis tout aluminium de la Ferrari 12Cilindri est enti\u00e8rement nouveau : une attention particuli\u00e8re a \u00e9t\u00e9 port\u00e9e \u00e0 la g\u00e9om\u00e9trie des composants moul\u00e9s tels que les ponts d'amortisseurs et les montants A et C, afin d'am\u00e9liorer la rigidit\u00e9 en torsion tout en r\u00e9duisant le poids. En position de faible d\u00e9port, de nombreux \u00e9l\u00e9ments sont con\u00e7us pour affleurer la carrosserie, ce qui optimise l'a\u00e9rodynamisme du v\u00e9hicule tout en offrant un design \u00e9pur\u00e9. En revanche, dans la configuration \u00e0 forte d\u00e9portance, le 12Cilindri g\u00e9n\u00e8re une d\u00e9portance maximale et garantit que le v\u00e9hicule est a\u00e9rodynamiquement \u00e9quilibr\u00e9. Les exigences en mati\u00e8re de dissipation thermique du moteur et des organes auxiliaires ont n\u00e9cessit\u00e9 une refonte de l'ensemble du syst\u00e8me de refroidissement du v\u00e9hicule, ce qui a conduit \u00e0 une optimisation de l'aspiration du soubassement avant avec pas moins de sept ouvertures dans le pare-chocs avant.<\/p>\n<p><strong>Int\u00e9rieur<\/strong><\/p>\n<p>Le cockpit de la Ferrari 12Cilindri garantit un confort maximal pour le conducteur et le passager, m\u00eame lors de longs trajets : la sensation d'a\u00e9ration et d'espace est encore renforc\u00e9e par un toit en verre, des mat\u00e9riaux nobles et un \u00e9cran central en plus d'un pour le conducteur et le passager un tiers devant le passager. Le style int\u00e9rieur s'inspire de l'architecture \u00e0 double cockpit du Cavallino Rampante, utilis\u00e9e ces derni\u00e8res ann\u00e9es pour les mod\u00e8les Ferrari Roma, Roma Spider et Purosangue. La cabine de la 12Cilindri a une structure presque sym\u00e9trique, compos\u00e9e de deux modules pour le conducteur et le passager, et offre un niveau \u00e9tonnant de confort et d'implication dans l'exp\u00e9rience de conduite.<\/p>\n<p>Cette belle maquette de la Ferrari 12Cilindri \u00e0 l'\u00e9chelle 1:8, peinte en Rosso Imola avec int\u00e9rieur en Blu Sterling, a \u00e9t\u00e9 fabriqu\u00e9e \u00e0 la main dans nos ateliers et finalis\u00e9e avec les donn\u00e9es CAO confidentielles de l'\u00e9quipe du Ferrari Centro Stile, ce qui nous a permis de reproduire parfaitement chaque d\u00e9tail \u00e0 l'\u00e9chelle. Il a \u00e9t\u00e9 fabriqu\u00e9 et achev\u00e9 \u00e0 la main dans nos ateliers avec la collaboration et le soutien de Ferrari en ce qui concerne les surfaces originales, les mat\u00e9riaux, les images d'archives et les dessins. De plus, il a \u00e9t\u00e9 soumis \u00e0 un examen d\u00e9taill\u00e9 par les \u00e9quipes d'ing\u00e9nieurs et de designers afin de garantir une pr\u00e9cision totale de la repr\u00e9sentation.<\/p>\n<p><em>La Ferrari 12Cilindri est limit\u00e9e \u00e0 199 exemplaires seulement.<\/em><br \/>\nnum\u00e9ro d'article : amg-3-1<\/p>","protected":false},"excerpt":{"rendered":"<p>1-brandneu &#8211; anstatt 16600,00 \u20ac jetzt 12500,00 \u20ac inkl. 19% Vat<\/p>","protected":false},"featured_media":38578,"comment_status":"open","ping_status":"closed","template":"","meta":[],"product_brand":[864],"product_cat":[286,63,21],"product_tag":[288,209,202],"class_list":{"0":"post-38577","1":"product","2":"type-product","3":"status-publish","4":"has-post-thumbnail","6":"product_brand-amalgam","7":"product_cat-amalgam","8":"product_cat-ferrari","9":"product_cat-verfuegbar","10":"product_tag-amalgam","11":"product_tag-ferrari","12":"product_tag-verfuegbar","13":"pa_automarke-ferrari","14":"pa_decade-2020s","15":"pa_fahrzeugtyp-coupe","16":"pa_massstab-1-18","17":"pa_modelmarke-amalgam","18":"pa_modeltyp-alles-zum-oeffnen","19":"pa_modeltyp-fertigmodell","20":"pa_status-beim-hersteller-verfuegbar","21":"pa_verfuegbarkeit-5-tage-lieferzeit","22":"pa_zustand_modell-1-brandneu","23":"pa_zustand_verpackung-1-brandneu","25":"first","26":"instock","27":"taxable","28":"shipping-taxable","29":"purchasable","30":"product-type-simple"},"jetpack_sharing_enabled":true,"_links":{"self":[{"href":"https:\/\/www.modelcars24.de\/fr\/wp-json\/wp\/v2\/product\/38577","targetHints":{"allow":["GET"]}}],"collection":[{"href":"https:\/\/www.modelcars24.de\/fr\/wp-json\/wp\/v2\/product"}],"about":[{"href":"https:\/\/www.modelcars24.de\/fr\/wp-json\/wp\/v2\/types\/product"}],"replies":[{"embeddable":true,"href":"https:\/\/www.modelcars24.de\/fr\/wp-json\/wp\/v2\/comments?post=38577"}],"version-history":[{"count":4,"href":"https:\/\/www.modelcars24.de\/fr\/wp-json\/wp\/v2\/product\/38577\/revisions"}],"predecessor-version":[{"id":58486,"href":"https:\/\/www.modelcars24.de\/fr\/wp-json\/wp\/v2\/product\/38577\/revisions\/58486"}],"wp:featuredmedia":[{"embeddable":true,"href":"https:\/\/www.modelcars24.de\/fr\/wp-json\/wp\/v2\/media\/38578"}],"wp:attachment":[{"href":"https:\/\/www.modelcars24.de\/fr\/wp-json\/wp\/v2\/media?parent=38577"}],"wp:term":[{"taxonomy":"product_brand","embeddable":true,"href":"https:\/\/www.modelcars24.de\/fr\/wp-json\/wp\/v2\/product_brand?post=38577"},{"taxonomy":"product_cat","embeddable":true,"href":"https:\/\/www.modelcars24.de\/fr\/wp-json\/wp\/v2\/product_cat?post=38577"},{"taxonomy":"product_tag","embeddable":true,"href":"https:\/\/www.modelcars24.de\/fr\/wp-json\/wp\/v2\/product_tag?post=38577"}],"curies":[{"name":"wp","href":"https:\/\/api.w.org\/{rel}","templated":true}]}}