{"id":38667,"date":"2026-03-10T13:07:35","date_gmt":"2026-03-10T12:07:35","guid":{"rendered":"http:\/\/www.mondo-legno.com\/?post_type=product&#038;p=38667"},"modified":"2026-03-13T16:45:25","modified_gmt":"2026-03-13T15:45:25","slug":"cmc-mercedes-benz-300-sl-blue-metalliic","status":"publish","type":"product","link":"https:\/\/www.modelcars24.de\/fr\/cmc-mercedes-benz-300-sl-blue-metalliic\/","title":{"rendered":"CMC Mercedes-Benz 300 SL, W198, Hardtop blue metallic exterior \/ creme interior \/ roof blue metallic Limited Edition 1000 pcs - 1\/18"},"content":{"rendered":"<h2>CMC Mercedes-Benz 300 SL bleu M-283, W198, Hardtop blue metallic exterior \/ creme interior \/ roof blue metallic Limited Edition 1000 pcs.<\/h2>\n<p>Mod\u00e8le de collection de haute qualit\u00e9 \u00e0 l'\u00e9chelle 1:18.<\/p>\n<p>Le roadster CMC Mercedes 300 SL en bleu m\u00e9tallis\u00e9 noble est un chef-d'\u0153uvre de mod\u00e9lisme. Ce mod\u00e8le fid\u00e8le aux d\u00e9tails capture parfaitement l'\u00e9l\u00e9gance intemporelle et le caract\u00e8re sportif de l'original. Avec son toit rigide amovible, il offre la possibilit\u00e9 de pr\u00e9senter le roadster aussi bien comme une voiture de sport ferm\u00e9e que comme une voiture de sport ouverte. Chaque d\u00e9tail, des phares en filigrane aux jantes reproduites avec pr\u00e9cision, a \u00e9t\u00e9 r\u00e9alis\u00e9 avec le plus grand soin et l'amour du d\u00e9tail. Ce mod\u00e8le n'attire pas seulement l'attention des collectionneurs, il rend \u00e9galement hommage \u00e0 l'une des voitures de sport les plus embl\u00e9matiques de l'histoire de l'automobile. Un must-have absolu pour tous les passionn\u00e9s d'automobile !<br \/>\nNum\u00e9ro d'article : M-283<\/p>","protected":false},"excerpt":{"rendered":"<p>M-283 &#8211; preorder &#8211; anstatt 697,00 \u20ac jetzt 627,00 \u20ac inkl. 19% vat<\/p>","protected":false},"featured_media":60403,"comment_status":"open","ping_status":"closed","template":"","meta":{"_acf_changed":false},"product_brand":[537],"product_cat":[18,19,262],"product_tag":[505,46,449,263],"class_list":{"0":"post-38667","1":"product","2":"type-product","3":"status-publish","4":"has-post-thumbnail","6":"product_brand-cmc","7":"product_cat-cmc","8":"product_cat-mercedes-benz","9":"product_cat-vorbestellbar","10":"product_tag-1-o","11":"product_tag-cmc","12":"product_tag-mercedes-benz","13":"product_tag-vorbestellbar","14":"pa_automarke-mercedes","15":"pa_decade-1960s","16":"pa_fahrzeugtyp-cabrio","17":"pa_massstab-1-18","18":"pa_modelmarke-cmc","19":"pa_modeltyp-alles-zum-oeffnen","20":"pa_modeltyp-fertigmodell","21":"pa_status-beim-hersteller-verfuegbar","22":"pa_verfuegbarkeit-vorbestellbar","23":"pa_zustand_modell-1-brandneu","24":"pa_zustand_verpackung-1-brandneu","26":"first","27":"instock","28":"sale","29":"taxable","30":"shipping-taxable","31":"purchasable","32":"product-type-simple"},"acf":[],"jetpack_sharing_enabled":true,"_links":{"self":[{"href":"https:\/\/www.modelcars24.de\/fr\/wp-json\/wp\/v2\/product\/38667","targetHints":{"allow":["GET"]}}],"collection":[{"href":"https:\/\/www.modelcars24.de\/fr\/wp-json\/wp\/v2\/product"}],"about":[{"href":"https:\/\/www.modelcars24.de\/fr\/wp-json\/wp\/v2\/types\/product"}],"replies":[{"embeddable":true,"href":"https:\/\/www.modelcars24.de\/fr\/wp-json\/wp\/v2\/comments?post=38667"}],"version-history":[{"count":11,"href":"https:\/\/www.modelcars24.de\/fr\/wp-json\/wp\/v2\/product\/38667\/revisions"}],"predecessor-version":[{"id":60404,"href":"https:\/\/www.modelcars24.de\/fr\/wp-json\/wp\/v2\/product\/38667\/revisions\/60404"}],"wp:featuredmedia":[{"embeddable":true,"href":"https:\/\/www.modelcars24.de\/fr\/wp-json\/wp\/v2\/media\/60403"}],"wp:attachment":[{"href":"https:\/\/www.modelcars24.de\/fr\/wp-json\/wp\/v2\/media?parent=38667"}],"wp:term":[{"taxonomy":"product_brand","embeddable":true,"href":"https:\/\/www.modelcars24.de\/fr\/wp-json\/wp\/v2\/product_brand?post=38667"},{"taxonomy":"product_cat","embeddable":true,"href":"https:\/\/www.modelcars24.de\/fr\/wp-json\/wp\/v2\/product_cat?post=38667"},{"taxonomy":"product_tag","embeddable":true,"href":"https:\/\/www.modelcars24.de\/fr\/wp-json\/wp\/v2\/product_tag?post=38667"}],"curies":[{"name":"wp","href":"https:\/\/api.w.org\/{rel}","templated":true}]}}