{"id":38849,"date":"2025-01-05T18:51:20","date_gmt":"2025-01-05T17:51:20","guid":{"rendered":"http:\/\/www.mondo-legno.com\/?post_type=product&#038;p=38849"},"modified":"2025-12-10T13:35:39","modified_gmt":"2025-12-10T12:35:39","slug":"amalgame-ferrari-f2004","status":"publish","type":"product","link":"https:\/\/www.modelcars24.de\/fr\/amalgam-ferrari-f2004\/","title":{"rendered":"Amalgame Ferrari F2004 - Grand Prix de Saint-Marin 1:8 - 1\/18"},"content":{"rendered":"<h3>Amalgame Ferrari F2004 - Grand Prix de Saint-Marin Edition limit\u00e9e 1:8<\/h3>\n<p>&nbsp;<\/p>\n<ul>\n<li>Limit\u00e9e \u00e0 99 exemplaires seulement<\/li>\n<li>Comment Michael Schumacher a remport\u00e9 le Gran Premio Foster's di San Marino 2004 le 25 avril 2004 \u00e0 l'Autodromo Enzo e Dino Ferrari<\/li>\n<li>Chaque mod\u00e8le a \u00e9t\u00e9 fabriqu\u00e9 et assembl\u00e9 \u00e0 la main par une petite \u00e9quipe d'artisans.<\/li>\n<li>Mod\u00e8le \u00e0 l'\u00e9chelle 1:8, plus de 56 cm\/22 pouces de long<\/li>\n<li>Fabriqu\u00e9 \u00e0 partir de mat\u00e9riaux de la plus haute qualit\u00e9<\/li>\n<li>Plus de 2500 heures pour le d\u00e9veloppement du mod\u00e8le<\/li>\n<li>Plus de 250 heures pour la construction de chaque mod\u00e8le<\/li>\n<li>Des milliers de pi\u00e8ces con\u00e7ues avec pr\u00e9cision : Pi\u00e8ces moul\u00e9es, photogravures et composants m\u00e9talliques usin\u00e9s CNC<\/li>\n<li>Construit d'apr\u00e8s les designs CAO originaux et les codes de peinture de Scuderia Ferrari<\/li>\n<\/ul>\n<p><span style=\"font-size: 16px;\">M\u00eame dans une histoire aussi riche, glorieuse et r\u00e9ussie que celle de la Scuderia Ferrari, il existe peu de voitures plus dominantes que leur concurrente dans le championnat du monde de Formule 1 de la FIA 2004, la F2004. La ph\u00e9nom\u00e9nale Ferrari F2004 est sortie victorieuse de quinze des dix-huit courses, ce qui en fait l'une des machines les plus dominantes jamais engag\u00e9es dans ce sport. La F2004 devait \u00eatre le couronnement de la remarquable \u201e\u00e8re d'or\u201c de Ross Brawn, Rory Byrne et Michael Schumacher, apr\u00e8s une p\u00e9riode extr\u00eamement fructueuse au cours de laquelle Ferrari a remport\u00e9 six titres cons\u00e9cutifs de constructeur et cinq titres ininterrompus de pilote en six ans...<\/span><br \/>Num\u00e9ro d'article : AM-1<\/p>","protected":false},"excerpt":{"rendered":"<p>1-brandneu &#8211; anstatt 10495,00 \u20ac jetzt 9450,00 inkl. 19% Vat<\/p>","protected":false},"featured_media":38850,"comment_status":"open","ping_status":"closed","template":"","meta":[],"product_brand":[864],"product_cat":[286,63,262],"product_tag":[288,209,202],"class_list":{"0":"post-38849","1":"product","2":"type-product","3":"status-publish","4":"has-post-thumbnail","6":"product_brand-amalgam","7":"product_cat-amalgam","8":"product_cat-ferrari","9":"product_cat-vorbestellbar","10":"product_tag-amalgam","11":"product_tag-ferrari","12":"product_tag-verfuegbar","13":"product_shipping_class-sperrgut","14":"pa_automarke-ferrari","15":"pa_decade-2020s","16":"pa_fahrzeugtyp-formel-1","17":"pa_massstab-1-18","18":"pa_modelmarke-amalgam","19":"pa_modeltyp-fertigmodell","20":"pa_modeltyp-geschlossen","21":"pa_status-beim-hersteller-verfuegbar","22":"pa_verfuegbarkeit-5-tage-lieferzeit","23":"pa_zustand_modell-1-brandneu","24":"pa_zustand_verpackung-1-brandneu","26":"first","27":"instock","28":"taxable","29":"shipping-taxable","30":"purchasable","31":"product-type-simple"},"jetpack_sharing_enabled":true,"_links":{"self":[{"href":"https:\/\/www.modelcars24.de\/fr\/wp-json\/wp\/v2\/product\/38849","targetHints":{"allow":["GET"]}}],"collection":[{"href":"https:\/\/www.modelcars24.de\/fr\/wp-json\/wp\/v2\/product"}],"about":[{"href":"https:\/\/www.modelcars24.de\/fr\/wp-json\/wp\/v2\/types\/product"}],"replies":[{"embeddable":true,"href":"https:\/\/www.modelcars24.de\/fr\/wp-json\/wp\/v2\/comments?post=38849"}],"version-history":[{"count":3,"href":"https:\/\/www.modelcars24.de\/fr\/wp-json\/wp\/v2\/product\/38849\/revisions"}],"predecessor-version":[{"id":58497,"href":"https:\/\/www.modelcars24.de\/fr\/wp-json\/wp\/v2\/product\/38849\/revisions\/58497"}],"wp:featuredmedia":[{"embeddable":true,"href":"https:\/\/www.modelcars24.de\/fr\/wp-json\/wp\/v2\/media\/38850"}],"wp:attachment":[{"href":"https:\/\/www.modelcars24.de\/fr\/wp-json\/wp\/v2\/media?parent=38849"}],"wp:term":[{"taxonomy":"product_brand","embeddable":true,"href":"https:\/\/www.modelcars24.de\/fr\/wp-json\/wp\/v2\/product_brand?post=38849"},{"taxonomy":"product_cat","embeddable":true,"href":"https:\/\/www.modelcars24.de\/fr\/wp-json\/wp\/v2\/product_cat?post=38849"},{"taxonomy":"product_tag","embeddable":true,"href":"https:\/\/www.modelcars24.de\/fr\/wp-json\/wp\/v2\/product_tag?post=38849"}],"curies":[{"name":"wp","href":"https:\/\/api.w.org\/{rel}","templated":true}]}}