{"id":41142,"date":"2026-04-25T00:00:00","date_gmt":"2026-04-24T22:00:00","guid":{"rendered":"https:\/\/www.modelcars24.de\/?post_type=product&#038;p=41142"},"modified":"2026-04-29T15:30:50","modified_gmt":"2026-04-29T13:30:50","slug":"cmc-jaguar-c-type-1952-british-racing-green","status":"publish","type":"product","link":"https:\/\/www.modelcars24.de\/fr\/cmc-jaguar-c-type-1952-british-racing-green\/","title":{"rendered":"CMC Jaguar C Type, 1952 British Racing Green - 1\/18"},"content":{"rendered":"<h3>CMC Jaguar C Type, 1952 British Racing Green<\/h3>\n<p>La d\u00e9cennie du fauve a d\u00e9but\u00e9 en 1949 avec la grandiose voiture de sport XK120 et a donn\u00e9 naissance \u00e0 ce qui est probablement la plus belle voiture jamais construite, la Type XKE - plus connue sous le nom de Type E en Europe continentale. La Type C a \u00e9t\u00e9 d\u00e9velopp\u00e9e \u00e0 partir de la XK120 en 1951 pour \u00eatre utilis\u00e9e dans le sport automobile.<\/p>\n<ul>\n<li>Mod\u00e8le de pr\u00e9cision en m\u00e9tal assembl\u00e9 \u00e0 la main \u00e0 partir de 1.155 pi\u00e8ces.<\/li>\n<li>Capot moteur rabattable et verrouillable<\/li>\n<li>Reproduction fid\u00e8le du moteur six cylindres en ligne avec tous les \u00e9l\u00e9ments rapport\u00e9s et pose\/c\u00e2blage complet des conduites<\/li>\n<li>Pots d'\u00e9chappement en m\u00e9tal<\/li>\n<li>Essieu avant \u00e0 bras triangulaires avec amortisseurs m\u00e9talliques \u00e0 pression d'huile<\/li>\n<li>Suspension \u00e0 barres de torsion en position longitudinale<\/li>\n<li>Essieu arri\u00e8re rigide avec bras longitudinaux et amortisseurs \u00e0 pression d'huile en m\u00e9tal<\/li>\n<li>suspension \u00e0 barres de torsion en disposition transversale<\/li>\n<li>Grille de calandre en acier inoxydable fabriqu\u00e9e \u00e0 la main<\/li>\n<li>Reproduction d\u00e9taill\u00e9e du syst\u00e8me de refroidissement<\/li>\n<li>Pose d\u00e9taill\u00e9e des conduites d'huile et de carburant<\/li>\n<li>Bouchon de r\u00e9servoir mobile<\/li>\n<li>Porte du conducteur avec charni\u00e8res d'ouverture reproduites de mani\u00e8re authentique<\/li>\n<li>Cockpit avec si\u00e8ges conducteur et passager recouverts de cuir<\/li>\n<li>Roues \u00e0 rayons parfaitement con\u00e7ues avec des rayons en fil d'acier inoxydable ins\u00e9r\u00e9s et nervur\u00e9s \u00e0 la main<\/li>\n<li>Verrouillage central de roue vissable avec filetage \u00e0 droite\/gauche<\/li>\n<li>Peinture brillante en vert British Racing original<\/li>\n<\/ul>\n<p>Num\u00e9ro d'article : M-191<\/p>","protected":false},"excerpt":{"rendered":"<p>M-191 &#8211; 1-brandneu &#8211; 525,00 \u20ac inkl. 19% Vat<\/p>","protected":false},"featured_media":41144,"comment_status":"open","ping_status":"closed","template":"","meta":{"_acf_changed":false},"product_brand":[537],"product_cat":[279,960,18,139,20,21],"product_tag":[],"class_list":{"0":"post-41142","1":"product","2":"type-product","3":"status-publish","4":"has-post-thumbnail","6":"product_brand-cmc","7":"product_cat-1-m","8":"product_cat-aktion","9":"product_cat-cmc","10":"product_cat-jaguar","11":"product_cat-titel","12":"product_cat-verfuegbar","13":"pa_automarke-jaguar","14":"pa_decade-1950s","15":"pa_fahrzeugtyp-cabrio","16":"pa_farbe-gruen","17":"pa_limitiert-ja","18":"pa_massstab-1-18","19":"pa_modelmarke-cmc","20":"pa_modeltyp-alles-zum-oeffnen","21":"pa_modeltyp-fertigmodell","22":"pa_status-beim-hersteller-ausverkauft","23":"pa_verfuegbarkeit-nicht-verfuegbar","24":"pa_zustand_modell-1-brandneu","25":"pa_zustand_verpackung-1-brandneu","27":"first","28":"instock","29":"taxable","30":"shipping-taxable","31":"purchasable","32":"product-type-simple"},"acf":[],"jetpack_sharing_enabled":true,"_links":{"self":[{"href":"https:\/\/www.modelcars24.de\/fr\/wp-json\/wp\/v2\/product\/41142","targetHints":{"allow":["GET"]}}],"collection":[{"href":"https:\/\/www.modelcars24.de\/fr\/wp-json\/wp\/v2\/product"}],"about":[{"href":"https:\/\/www.modelcars24.de\/fr\/wp-json\/wp\/v2\/types\/product"}],"replies":[{"embeddable":true,"href":"https:\/\/www.modelcars24.de\/fr\/wp-json\/wp\/v2\/comments?post=41142"}],"version-history":[{"count":6,"href":"https:\/\/www.modelcars24.de\/fr\/wp-json\/wp\/v2\/product\/41142\/revisions"}],"predecessor-version":[{"id":58578,"href":"https:\/\/www.modelcars24.de\/fr\/wp-json\/wp\/v2\/product\/41142\/revisions\/58578"}],"wp:featuredmedia":[{"embeddable":true,"href":"https:\/\/www.modelcars24.de\/fr\/wp-json\/wp\/v2\/media\/41144"}],"wp:attachment":[{"href":"https:\/\/www.modelcars24.de\/fr\/wp-json\/wp\/v2\/media?parent=41142"}],"wp:term":[{"taxonomy":"product_brand","embeddable":true,"href":"https:\/\/www.modelcars24.de\/fr\/wp-json\/wp\/v2\/product_brand?post=41142"},{"taxonomy":"product_cat","embeddable":true,"href":"https:\/\/www.modelcars24.de\/fr\/wp-json\/wp\/v2\/product_cat?post=41142"},{"taxonomy":"product_tag","embeddable":true,"href":"https:\/\/www.modelcars24.de\/fr\/wp-json\/wp\/v2\/product_tag?post=41142"}],"curies":[{"name":"wp","href":"https:\/\/api.w.org\/{rel}","templated":true}]}}