{"id":41176,"date":"2025-03-25T09:54:27","date_gmt":"2025-03-25T08:54:27","guid":{"rendered":"https:\/\/www.modelcars24.de\/?post_type=product&#038;p=41176"},"modified":"2026-03-12T11:06:16","modified_gmt":"2026-03-12T10:06:16","slug":"cmc-jaguar-c-type-goodwood-members-meeting-1954-jimmy-stewart-19-bleu-limite-a-1500-exemplaires","status":"publish","type":"product","link":"https:\/\/www.modelcars24.de\/fr\/cmc-jaguar-c-type-goodwood-members-meeting-1954-jimmy-stewart-19-blau-limitiert-auf-1500-stueck\/","title":{"rendered":"CMC Jaguar C Type, Goodwood Members Meeting, 1954, Jimmy Stewart #19 (bleu) Limit\u00e9e \u00e0 1500 exemplaires - 1\/18"},"content":{"rendered":"<h3>CMC Jaguar C Type, Goodwood Members Meeting, 1954, Jimmy Stewart #19 (bleu) Limit\u00e9e \u00e0 1500 exemplaires<\/h3>\n<p>CMC a reproduit de mani\u00e8re authentique la voiture de course l\u00e9gendaire dans la version du Goodwood Members meeting en \u201escottish flag blue metallic\u201c.<\/p>\n<p>Fond\u00e9e en 1951, l'Ecurie Ecosse \u00e9tait li\u00e9e \u00e0 Jaguar Cars Ltd, surtout dans les ann\u00e9es 50. L'\u00e9curie de course \u00e9tait issue de Merchiston Motors des fondateurs David Murray et Walter Wilkinson. L'Ecurie Ecosse a particip\u00e9 trois fois au Grand Prix britannique, mais sans succ\u00e8s : l'\u00e9quipe de course a eu d'autant plus de succ\u00e8s avec des voitures de sport de la marque Jaguar.<\/p>\n<ul>\n<li>Mod\u00e8le de pr\u00e9cision en m\u00e9tal compos\u00e9 de 1 155 pi\u00e8ces assembl\u00e9es \u00e0 la main<\/li>\n<li>Capot moteur rabattable et verrouillable<\/li>\n<li>Reproduction fid\u00e8le du moteur six cylindres en ligne avec tous les \u00e9l\u00e9ments rapport\u00e9s et pose\/c\u00e2blage complet des conduites<\/li>\n<li>Pots d'\u00e9chappement en m\u00e9tal<\/li>\n<li>Essieu avant \u00e0 bras triangulaires avec amortisseurs m\u00e9talliques \u00e0 pression d'huile<\/li>\n<li>Suspension \u00e0 barres de torsion en position longitudinale<\/li>\n<li>Essieu arri\u00e8re rigide avec bras longitudinaux et amortisseurs \u00e0 pression d'huile en m\u00e9tal<\/li>\n<li>suspension \u00e0 barres de torsion en disposition transversale<\/li>\n<li>Grille de calandre en acier inoxydable fabriqu\u00e9e \u00e0 la main<\/li>\n<li>Reproduction d\u00e9taill\u00e9e du syst\u00e8me de refroidissement<\/li>\n<li>Pose d\u00e9taill\u00e9e des conduites d'huile et de carburant<\/li>\n<li>Bouchon de r\u00e9servoir mobile<\/li>\n<li>Porte du conducteur avec charni\u00e8res d'ouverture reproduites de mani\u00e8re authentique<\/li>\n<li>Cockpit avec si\u00e8ges conducteur et passager recouverts de cuir<\/li>\n<li>Roues \u00e0 rayons parfaitement con\u00e7ues avec des rayons en fil d'acier inoxydable ins\u00e9r\u00e9s et nervur\u00e9s \u00e0 la main<\/li>\n<li>Verrouillage central de roue vissable avec filetage \u00e0 droite\/gauche<\/li>\n<li>Positionnement du dossard 19 par tampographie<\/li>\n<\/ul>\n<p>Num\u00e9ro d'article : M-192<\/p>","protected":false},"excerpt":{"rendered":"<p>M-192 &#8211; 1-brandneu &#8211; 645 \u20ac inkl. 19% Vat<\/p>","protected":false},"featured_media":41178,"comment_status":"open","ping_status":"closed","template":"","meta":{"_acf_changed":false},"product_brand":[537],"product_cat":[18,139,45,21],"product_tag":[666,667],"class_list":{"0":"post-41176","1":"product","2":"type-product","3":"status-publish","4":"has-post-thumbnail","6":"product_brand-cmc","7":"product_cat-cmc","8":"product_cat-jaguar","9":"product_cat-neuzugang","10":"product_cat-verfuegbar","11":"product_tag-goodwood-members-stewart","12":"product_tag-jaguar-c-type-goodwood-members-stewart-19","13":"pa_automarke-jaguar","14":"pa_decade-1950s","15":"pa_fahrzeugtyp-cabrio","16":"pa_farbe-blau","17":"pa_limitiert-ja","18":"pa_massstab-1-18","19":"pa_modelmarke-cmc","20":"pa_modeltyp-alles-zum-oeffnen","21":"pa_modeltyp-fertigmodell","22":"pa_status-beim-hersteller-ausverkauft","23":"pa_verfuegbarkeit-nicht-verfuegbar","24":"pa_zustand_modell-2-neuwertig","25":"pa_zustand_verpackung-2-neuwertig","27":"first","28":"instock","29":"taxable","30":"shipping-taxable","31":"purchasable","32":"product-type-simple"},"acf":[],"jetpack_sharing_enabled":true,"_links":{"self":[{"href":"https:\/\/www.modelcars24.de\/fr\/wp-json\/wp\/v2\/product\/41176","targetHints":{"allow":["GET"]}}],"collection":[{"href":"https:\/\/www.modelcars24.de\/fr\/wp-json\/wp\/v2\/product"}],"about":[{"href":"https:\/\/www.modelcars24.de\/fr\/wp-json\/wp\/v2\/types\/product"}],"replies":[{"embeddable":true,"href":"https:\/\/www.modelcars24.de\/fr\/wp-json\/wp\/v2\/comments?post=41176"}],"version-history":[{"count":6,"href":"https:\/\/www.modelcars24.de\/fr\/wp-json\/wp\/v2\/product\/41176\/revisions"}],"predecessor-version":[{"id":61923,"href":"https:\/\/www.modelcars24.de\/fr\/wp-json\/wp\/v2\/product\/41176\/revisions\/61923"}],"wp:featuredmedia":[{"embeddable":true,"href":"https:\/\/www.modelcars24.de\/fr\/wp-json\/wp\/v2\/media\/41178"}],"wp:attachment":[{"href":"https:\/\/www.modelcars24.de\/fr\/wp-json\/wp\/v2\/media?parent=41176"}],"wp:term":[{"taxonomy":"product_brand","embeddable":true,"href":"https:\/\/www.modelcars24.de\/fr\/wp-json\/wp\/v2\/product_brand?post=41176"},{"taxonomy":"product_cat","embeddable":true,"href":"https:\/\/www.modelcars24.de\/fr\/wp-json\/wp\/v2\/product_cat?post=41176"},{"taxonomy":"product_tag","embeddable":true,"href":"https:\/\/www.modelcars24.de\/fr\/wp-json\/wp\/v2\/product_tag?post=41176"}],"curies":[{"name":"wp","href":"https:\/\/api.w.org\/{rel}","templated":true}]}}