{"id":43392,"date":"2024-11-26T00:00:00","date_gmt":"2024-11-25T23:00:00","guid":{"rendered":"https:\/\/www.modelcars24.de\/?post_type=product&#038;p=43392"},"modified":"2026-02-20T14:33:22","modified_gmt":"2026-02-20T13:33:22","slug":"ixo-porsche-911-carrera-27-rs-jaune","status":"publish","type":"product","link":"https:\/\/www.modelcars24.de\/fr\/ixo-porsche-911-carrera-27-rs-gelb\/","title":{"rendered":"IXO Porsche 911 Carrera 2,7 RS jaune kit 1\/8"},"content":{"rendered":"<p>IXO Porsche 911 Carrera 2,7 RS jaune. Kit de construction de haute qualit\u00e9 \u00e0 l'\u00e9chelle 1:8<\/p>\n<ul>\n<li>Carrosserie en m\u00e9tal, enti\u00e8rement peinte<\/li>\n<li>Portes et capots ouvrables<\/li>\n<li>environ 713 pi\u00e8ces<\/li>\n<li>dont 83 pi\u00e8ces m\u00e9talliques<\/li>\n<li>instructions de montage d\u00e9taill\u00e9es<\/li>\n<\/ul>\n<h4><strong>Donn\u00e9es techniques :<\/strong><\/h4>\n<ul>\n<li><strong>\u00c9chelle :<\/strong>\u00a01\/8<\/li>\n<li><strong>couleur :<\/strong>\u00a0Jaune<\/li>\n<li><strong>Dimensions :<\/strong>\u00a051,7 cm (longueur) x 20,7 cm (largeur) x 16,4 cm (hauteur)<\/li>\n<li><strong>poids :<\/strong>\u00a06,4 kg<\/li>\n<li><strong>Fonctions :<\/strong>\n<ul>\n<li>Sons de moteur et de klaxon<\/li>\n<li>Phares fonctionnels<\/li>\n<li>Portes, capot et coffre \u00e0 bagages ouvrables<\/li>\n<\/ul>\n<\/li>\n<\/ul>\n<h4><strong>Instructions de montage Inclus<\/strong><\/h4>\n<p>Le kit contient une\u00a0<strong>instructions de montage d\u00e9taill\u00e9es<\/strong>, Il vous guide pas \u00e0 pas tout au long du montage. Que vous soyez d\u00e9butant en mod\u00e9lisme ou un mod\u00e9liste exp\u00e9riment\u00e9, ce guide rend le montage clair et agr\u00e9able. Chaque phase est expliqu\u00e9e avec pr\u00e9cision et accompagn\u00e9e d'illustrations claires, ce qui vous permet de\u00a0<strong>713 pi\u00e8ces<\/strong>\u00a0ce\u00a0<strong>Porsche 911 jaune<\/strong>-Vous pourrez ainsi assembler votre mod\u00e8le sans difficult\u00e9.<\/p>\n<h4><strong>R\u00e9plique Porsche sous licence officielle<\/strong><\/h4>\n<p>Cette r\u00e9plique est sous licence officielle et garantit une reproduction exacte et fid\u00e8le du v\u00e9hicule original. Chaque d\u00e9tail, des dimensions aux finitions, a \u00e9t\u00e9 soigneusement pens\u00e9 pour refl\u00e9ter l'excellence et la beaut\u00e9 de la\u00a0<strong>Porsche 911 Carrera<\/strong>\u00a0de refl\u00e9ter la r\u00e9alit\u00e9.<br \/>\nNum\u00e9ro d'article : IXC.PRS.YB.FK<\/p>","protected":false},"excerpt":{"rendered":"<p>10BBB &#8211; 1-brandneu &#8211; anstatt 990,00 \u20ac jetzt 849,00 \u20ac inkl. 19% Vat<\/p>","protected":false},"featured_media":43395,"comment_status":"open","ping_status":"closed","template":"","meta":{"_acf_changed":false},"product_brand":[839],"product_cat":[417,56,21],"product_tag":[460,265],"class_list":{"0":"post-43392","1":"product","2":"type-product","3":"status-publish","4":"has-post-thumbnail","6":"product_brand-ixo","7":"product_cat-ixo","8":"product_cat-porsche","9":"product_cat-verfuegbar","10":"product_tag-ixo","11":"product_tag-porsche","12":"product_shipping_class-sperrgut","13":"pa_automarke-porsche","14":"pa_decade-1970s","15":"pa_fahrzeugtyp-coupe","16":"pa_limitiert-nein","17":"pa_massstab-1-8","18":"pa_modelmarke-ixo","19":"pa_modeltyp-alles-zum-oeffnen","20":"pa_modeltyp-bausatz","21":"pa_status-beim-hersteller-verfuegbar","22":"pa_verfuegbarkeit-sofort-verfuegbar","23":"pa_zustand_modell-1-brandneu","24":"pa_zustand_verpackung-1-brandneu","26":"first","27":"instock","28":"sale","29":"taxable","30":"shipping-taxable","31":"purchasable","32":"product-type-simple"},"acf":[],"jetpack_sharing_enabled":true,"_links":{"self":[{"href":"https:\/\/www.modelcars24.de\/fr\/wp-json\/wp\/v2\/product\/43392","targetHints":{"allow":["GET"]}}],"collection":[{"href":"https:\/\/www.modelcars24.de\/fr\/wp-json\/wp\/v2\/product"}],"about":[{"href":"https:\/\/www.modelcars24.de\/fr\/wp-json\/wp\/v2\/types\/product"}],"replies":[{"embeddable":true,"href":"https:\/\/www.modelcars24.de\/fr\/wp-json\/wp\/v2\/comments?post=43392"}],"version-history":[{"count":7,"href":"https:\/\/www.modelcars24.de\/fr\/wp-json\/wp\/v2\/product\/43392\/revisions"}],"predecessor-version":[{"id":59492,"href":"https:\/\/www.modelcars24.de\/fr\/wp-json\/wp\/v2\/product\/43392\/revisions\/59492"}],"wp:featuredmedia":[{"embeddable":true,"href":"https:\/\/www.modelcars24.de\/fr\/wp-json\/wp\/v2\/media\/43395"}],"wp:attachment":[{"href":"https:\/\/www.modelcars24.de\/fr\/wp-json\/wp\/v2\/media?parent=43392"}],"wp:term":[{"taxonomy":"product_brand","embeddable":true,"href":"https:\/\/www.modelcars24.de\/fr\/wp-json\/wp\/v2\/product_brand?post=43392"},{"taxonomy":"product_cat","embeddable":true,"href":"https:\/\/www.modelcars24.de\/fr\/wp-json\/wp\/v2\/product_cat?post=43392"},{"taxonomy":"product_tag","embeddable":true,"href":"https:\/\/www.modelcars24.de\/fr\/wp-json\/wp\/v2\/product_tag?post=43392"}],"curies":[{"name":"wp","href":"https:\/\/api.w.org\/{rel}","templated":true}]}}