{"id":43720,"date":"2024-08-19T11:53:59","date_gmt":"2024-08-19T09:53:59","guid":{"rendered":"https:\/\/www.modelcars24.de\/?post_type=product&#038;p=43720"},"modified":"2026-03-15T19:30:51","modified_gmt":"2026-03-15T18:30:51","slug":"cmc-audi-920-1938-40-2","status":"publish","type":"product","link":"https:\/\/www.modelcars24.de\/fr\/cmc-audi-920-1938-40-2\/","title":{"rendered":"CMC Audi 920, 1938\/40 - 1\/24"},"content":{"rendered":"<h3>CMC Audi 920, 1938\/40<\/h3>\n<div>\n<ul>\n<li>Mod\u00e8le de pr\u00e9cision assembl\u00e9 \u00e0 la main en 399 pi\u00e8ces<\/li>\n<li>Carrosserie authentique et \u00e0 l'\u00e9chelle avec une peinture bicolore s\u00e9duisante<\/li>\n<li>Groupe de sous-vodos d\u00e9taill\u00e9s<\/li>\n<li>Si\u00e8ges en cuir v\u00e9ritable<\/li>\n<li>Si\u00e8ges avant avec dossier rabattable<\/li>\n<li>Volant \u00e0 trois branches avec quadruple barreau photograv\u00e9<\/li>\n<li>Masque de radiateur travaill\u00e9 avec pr\u00e9cision avec des lamelles ajour\u00e9es fabriqu\u00e9es en photod\u00e9coupe<\/li>\n<li>Pare-brise en deux parties avec cadre m\u00e9tallique profil\u00e9<\/li>\n<li>R\u00e9troviseur ext\u00e9rieur en m\u00e9tal assembl\u00e9 en plusieurs parties<\/li>\n<li>Grilles d'a\u00e9ration lat\u00e9rales du compartiment moteur en m\u00e9tal<\/li>\n<li>Les portes et le couvercle du coffre peuvent \u00eatre ouverts<\/li>\n<li>Coffre et plancher recouverts de moquette, bordures de moquette dans l'habitacle avec bordure en similicuir<\/li>\n<li>capot moteur mobile \u00e0 deux battants<\/li>\n<li>Moteur d\u00e9taill\u00e9<\/li>\n<li>Tableau de bord en imitation bois v\u00e9ritable<\/li>\n<li>Cadre de fen\u00eatre en photod\u00e9coupe<\/li>\n<li>Pare-chocs moul\u00e9s par compression en m\u00e9tal massif<\/li>\n<li>Capote en tissu v\u00e9ritable<\/li>\n<li>Enjoliveurs de roue moul\u00e9s en m\u00e9tal<\/li>\n<li>Jantes en acier avec valve m\u00e9tallique mont\u00e9e \u00e0 la main<\/li>\n<\/ul>\n<\/div>\n<h4>Description du v\u00e9hicule original :<\/h4>\n<div>En 1899, August Horch a fond\u00e9 la soci\u00e9t\u00e9 A.Horch &amp; Cie ; en 1932, Audi, DKW, Horch et Wanderer s'associent pour former Auto Union. Les quatre anneaux du logo symbolisent l'union des entreprises.<br \/>\nL'Audi 920 \u00e9tait particuli\u00e8rement convoit\u00e9e par les individualistes et les conducteurs \u00e0 l'esprit sportif. Con\u00e7ue et assembl\u00e9e par Horch, la voiture, livr\u00e9e \u00e0 partir de d\u00e9cembre 1938, pr\u00e9sentait les caract\u00e9ristiques modulaires de l'Auto Union, typiques de la fin des ann\u00e9es 1930. L'Audi n'existait en s\u00e9rie qu'en deux versions de carrosserie : la berline fabriqu\u00e9e par les usines Horch elles-m\u00eames et le cabriolet produit par Gl\u00e4ser \u00e0 Dresde.<br \/>\nContrairement \u00e0 son pr\u00e9d\u00e9cesseur, l'Audi Front, la 920 \u00e9tait \u00e0 nouveau \u00e9quip\u00e9e d'une traction arri\u00e8re.<br \/>\nCette voiture extr\u00eamement moderne pour l'\u00e9poque, et encore magnifique aujourd'hui, a rapidement su s\u00e9duire une client\u00e8le exclusive et aurait pu \u00e9tablir solidement la marque Audi dans le segment haut de gamme du march\u00e9 - si le d\u00e9but de la Seconde Guerre mondiale n'avait pas mis un terme \u00e0 son succ\u00e8s. La production a d\u00fb \u00eatre consid\u00e9rablement r\u00e9duite et finalement totalement arr\u00eat\u00e9e en avril 1940 : La fin d'une marque glorieuse, qui a toutefois pu c\u00e9l\u00e9brer une r\u00e9surrection tr\u00e8s remarqu\u00e9e pr\u00e8s de 30 ans plus tard.<\/div>\n<p>Num\u00e9ro d'article : M-032A<\/p>\n<p>2 neufs avec tous les accessoires<\/p>","protected":false},"excerpt":{"rendered":"<p>M-032A &#8211; 2-neuwertig &#8211; 175,00 \u20ac<\/p>","protected":false},"featured_media":59947,"comment_status":"open","ping_status":"closed","template":"","meta":{"_acf_changed":false},"product_brand":[537],"product_cat":[41,18,34,21],"product_tag":[],"class_list":{"0":"post-43720","1":"product","2":"type-product","3":"status-publish","4":"has-post-thumbnail","6":"product_brand-cmc","7":"product_cat-audi","8":"product_cat-cmc","9":"product_cat-nicht-verfuegbar","10":"product_cat-verfuegbar","11":"pa_automarke-audi","12":"pa_decade-1930s","13":"pa_fahrzeugtyp-cabrio","14":"pa_massstab-1-24","15":"pa_modelmarke-cmc","16":"pa_modeltyp-alles-zum-oeffnen","17":"pa_modeltyp-fertigmodell","18":"pa_zustand_modell-2-neuwertig","19":"pa_zustand_verpackung-2-neuwertig","21":"first","22":"outofstock","23":"purchasable","24":"product-type-simple"},"acf":[],"jetpack_sharing_enabled":true,"_links":{"self":[{"href":"https:\/\/www.modelcars24.de\/fr\/wp-json\/wp\/v2\/product\/43720","targetHints":{"allow":["GET"]}}],"collection":[{"href":"https:\/\/www.modelcars24.de\/fr\/wp-json\/wp\/v2\/product"}],"about":[{"href":"https:\/\/www.modelcars24.de\/fr\/wp-json\/wp\/v2\/types\/product"}],"replies":[{"embeddable":true,"href":"https:\/\/www.modelcars24.de\/fr\/wp-json\/wp\/v2\/comments?post=43720"}],"version-history":[{"count":5,"href":"https:\/\/www.modelcars24.de\/fr\/wp-json\/wp\/v2\/product\/43720\/revisions"}],"predecessor-version":[{"id":59944,"href":"https:\/\/www.modelcars24.de\/fr\/wp-json\/wp\/v2\/product\/43720\/revisions\/59944"}],"wp:featuredmedia":[{"embeddable":true,"href":"https:\/\/www.modelcars24.de\/fr\/wp-json\/wp\/v2\/media\/59947"}],"wp:attachment":[{"href":"https:\/\/www.modelcars24.de\/fr\/wp-json\/wp\/v2\/media?parent=43720"}],"wp:term":[{"taxonomy":"product_brand","embeddable":true,"href":"https:\/\/www.modelcars24.de\/fr\/wp-json\/wp\/v2\/product_brand?post=43720"},{"taxonomy":"product_cat","embeddable":true,"href":"https:\/\/www.modelcars24.de\/fr\/wp-json\/wp\/v2\/product_cat?post=43720"},{"taxonomy":"product_tag","embeddable":true,"href":"https:\/\/www.modelcars24.de\/fr\/wp-json\/wp\/v2\/product_tag?post=43720"}],"curies":[{"name":"wp","href":"https:\/\/api.w.org\/{rel}","templated":true}]}}