{"id":43726,"date":"2024-04-19T00:00:00","date_gmt":"2024-04-18T22:00:00","guid":{"rendered":"https:\/\/www.modelcars24.de\/?post_type=product&#038;p=43726"},"modified":"2026-03-24T15:06:36","modified_gmt":"2026-03-24T14:06:36","slug":"cmc-auto-union-type-c-1936-2","status":"publish","type":"product","link":"https:\/\/www.modelcars24.de\/fr\/cmc-auto-union-typ-c-1936-37\/","title":{"rendered":"CMC Auto-Union Type C, 1936\/37 - 1\/18"},"content":{"rendered":"<p>CMC Auto Union Type C, 1936-1937 Auto Union, M-034, a connu d'embl\u00e9e un grand succ\u00e8s en Grand Prix lors de la pr\u00e9sentation de ce v\u00e9hicule en 1936. Le pilote de course le plus connu sur cette voiture \u00e9tait Bernd Rosemeyer, qui a remport\u00e9 le championnat d'Europe en 1936 avec la Type C. En 1937, Bernd Rosemeyer s'inscrivit \u00e9galement au palmar\u00e8s avec d'autres succ\u00e8s.<\/p>\n<ul>\n<li>Mod\u00e8le de pr\u00e9cision en m\u00e9tal assembl\u00e9 \u00e0 la main \u00e0 partir de 1 191 pi\u00e8ces<\/li>\n<li>Capot avant et capot moteur amovibles avec verrouillage au moyen de v\u00e9ritables \u00e9lastiques<\/li>\n<li>Pare-brise mobile<\/li>\n<li>Reproduction fid\u00e8le du moteur 16 cylindres en V avec tous les \u00e9l\u00e9ments rapport\u00e9s et la pose et le c\u00e2blage complets des conduites<\/li>\n<li>S\u00e9rie de tuyaux d'\u00e9chappement des deux c\u00f4t\u00e9s en version m\u00e9tallique<\/li>\n<li>Essieu avant \u00e0 bras articul\u00e9s avec amortisseurs \u00e0 friction, chacun en m\u00e9tal<\/li>\n<li>essieu arri\u00e8re fabriqu\u00e9 en m\u00e9tal<\/li>\n<li>Grille de calandre en acier inoxydable fabriqu\u00e9e \u00e0 la main et reproduction d\u00e9taill\u00e9e du syst\u00e8me de refroidissement et de la pose des conduites d'huile et de carburant<\/li>\n<li>Couvercle de r\u00e9servoir mobile fabriqu\u00e9 en acier inoxydable<\/li>\n<li>Cockpit avec si\u00e8ge conducteur recouvert de textile et tableau de bord avec instruments au design int\u00e9ressant dans le style avion et dominance de l'\u00e9clairage de la cabine.<\/li>\n<li>Compte-tours en affichage circulaire<\/li>\n<li>Roues \u00e0 rayons parfaitement con\u00e7ues avec des rayons en fil d'acier inoxydable ins\u00e9r\u00e9s et nervur\u00e9s \u00e0 la main<\/li>\n<li>Verrous centraux de roue vissables en version filetage \u00e0 droite\/gauche<\/li>\n<li>Peinture brillante dans un ton argent\u00e9 \u201eadapt\u00e9 aux fl\u00e8ches d'argent\u201c.<\/li>\n<\/ul>\n<p>HISTOIRE (V\u00c9HICULE ORIGINAL) Avec le Type C, Auto Union lan\u00e7a \u00e0 partir de 1936 une voiture de course de formule de 750 kg dans la comp\u00e9tition, qui pouvait tenir t\u00eate aux marques \u00e9tablies, en particulier Mercedes-Benz. Le bolide d\u00e9velopp\u00e9 par Ferdinand Porsche pr\u00e9sentait comme caract\u00e9ristique de construction importante la disposition r\u00e9volutionnaire d'un moteur en V \u00e0 16 cylindres derri\u00e8re le pilote et devant l'essieu arri\u00e8re. Le moteur \u00e9tait suraliment\u00e9 par un compresseur Roots et atteignait, dans sa troisi\u00e8me phase de d\u00e9veloppement, le type C, une puissance de 520 ch \u00e0 5000 tr\/min. La puissance pure exigeait du pilote une sensibilit\u00e9 extr\u00eame et un savoir-faire absolu en mati\u00e8re de conduite. Nul autre que Bernd Rosemeyer, la nouvelle star des courses de Grand Prix, ma\u00eetrisait ce bolide avec tant d'habilet\u00e9 et de souverainet\u00e9 qu'il devint, \u00e0 partir de 1936, le pilote de pointe incontest\u00e9 et vola de victoire en victoire pour la marque aux quatre anneaux entrelac\u00e9s. C'est ainsi que la combinaison de la g\u00e9niale voiture de course Type C et du jeune pilote talentueux Bernd Rosemeyer devint une histoire \u00e0 succ\u00e8s en 1936, avec 5 victoires en Grand Prix et le couronnement en tant que champion d'Europe. En 1937, Bernd Rosemeyer fut \u00e9galement le pilote sup\u00e9rieur avec sa Type C, qui remporta \u00e0 nouveau 5 courses et emp\u00eacha ainsi la domination illimit\u00e9e de Mercedes.<br \/>\nNum\u00e9ro d'article : M-034<\/p>","protected":false},"excerpt":{"rendered":"<p>M-034 &#8211; 1-brandneu &#8211; anstatt 385,00 \u20ac jetzt 296,00 \u20ac inkl. 19% Vat<\/p>","protected":false},"featured_media":42728,"comment_status":"open","ping_status":"closed","template":"","meta":{"_acf_changed":false},"product_brand":[537],"product_cat":[960,109,18,20,21],"product_tag":[78],"class_list":{"0":"post-43726","1":"product","2":"type-product","3":"status-publish","4":"has-post-thumbnail","6":"product_brand-cmc","7":"product_cat-aktion","8":"product_cat-auto-union","9":"product_cat-cmc","10":"product_cat-titel","11":"product_cat-verfuegbar","12":"product_tag-angebot","13":"pa_automarke-auto-union","14":"pa_decade-1930s","15":"pa_fahrzeugtyp-formel-1","16":"pa_massstab-1-18","17":"pa_modelmarke-cmc","18":"pa_modeltyp-alles-zum-oeffnen","19":"pa_modeltyp-fertigmodell","20":"pa_zustand_modell-1-brandneu","21":"pa_zustand_verpackung-1-brandneu","23":"first","24":"instock","25":"sale","26":"taxable","27":"shipping-taxable","28":"purchasable","29":"product-type-simple"},"acf":[],"jetpack_sharing_enabled":true,"_links":{"self":[{"href":"https:\/\/www.modelcars24.de\/fr\/wp-json\/wp\/v2\/product\/43726","targetHints":{"allow":["GET"]}}],"collection":[{"href":"https:\/\/www.modelcars24.de\/fr\/wp-json\/wp\/v2\/product"}],"about":[{"href":"https:\/\/www.modelcars24.de\/fr\/wp-json\/wp\/v2\/types\/product"}],"replies":[{"embeddable":true,"href":"https:\/\/www.modelcars24.de\/fr\/wp-json\/wp\/v2\/comments?post=43726"}],"version-history":[{"count":6,"href":"https:\/\/www.modelcars24.de\/fr\/wp-json\/wp\/v2\/product\/43726\/revisions"}],"predecessor-version":[{"id":63137,"href":"https:\/\/www.modelcars24.de\/fr\/wp-json\/wp\/v2\/product\/43726\/revisions\/63137"}],"wp:featuredmedia":[{"embeddable":true,"href":"https:\/\/www.modelcars24.de\/fr\/wp-json\/wp\/v2\/media\/42728"}],"wp:attachment":[{"href":"https:\/\/www.modelcars24.de\/fr\/wp-json\/wp\/v2\/media?parent=43726"}],"wp:term":[{"taxonomy":"product_brand","embeddable":true,"href":"https:\/\/www.modelcars24.de\/fr\/wp-json\/wp\/v2\/product_brand?post=43726"},{"taxonomy":"product_cat","embeddable":true,"href":"https:\/\/www.modelcars24.de\/fr\/wp-json\/wp\/v2\/product_cat?post=43726"},{"taxonomy":"product_tag","embeddable":true,"href":"https:\/\/www.modelcars24.de\/fr\/wp-json\/wp\/v2\/product_tag?post=43726"}],"curies":[{"name":"wp","href":"https:\/\/api.w.org\/{rel}","templated":true}]}}