{"id":43731,"date":"2021-08-19T11:54:00","date_gmt":"2021-08-19T09:54:00","guid":{"rendered":"https:\/\/www.modelcars24.de\/?post_type=product&#038;p=43731"},"modified":"2025-12-10T13:36:44","modified_gmt":"2025-12-10T12:36:44","slug":"cmc-mercedes-camion-de-course-1954","status":"publish","type":"product","link":"https:\/\/www.modelcars24.de\/fr\/cmc-mercedes-renntransporter-1954\/","title":{"rendered":"CMC Mercedes Renntransporter, 1954 \u2013 1\/18"},"content":{"rendered":"<p>CMC Mercedes Renntransporter, 1954, mod\u00e8le de collection tr\u00e8s d\u00e9taill\u00e9 en m\u00e9tal, pi\u00e8ces rapport\u00e9es chrom\u00e9es majoritairement en m\u00e9tal, assembl\u00e9 \u00e0 la main, mat\u00e9riaux fid\u00e8les au mod\u00e8le original, si\u00e8ges en cuir ou rembourr\u00e9s, version d\u00e9taill\u00e9e de l'original, nombreuses fonctions et d\u00e9tails.<br \/>Num\u00e9ro d'articule : M-036<\/p>","protected":false},"excerpt":{"rendered":"<p>Mercedes Renntransporter, mod\u00e8le r\u00e9duit de 1954, M-036, de CMC, disponible d\u00e8s maintenant sur www.modelcars24.de<\/p>","protected":false},"featured_media":43733,"comment_status":"open","ping_status":"closed","template":"","meta":{"_acf_changed":false},"product_brand":[537],"product_cat":[18,19,34],"product_tag":[],"class_list":{"0":"post-43731","1":"product","2":"type-product","3":"status-publish","4":"has-post-thumbnail","6":"product_brand-cmc","7":"product_cat-cmc","8":"product_cat-mercedes-benz","9":"product_cat-nicht-verfuegbar","10":"pa_automarke-mercedes","11":"pa_decade-1950s","12":"pa_fahrzeugtyp-lastwagen","13":"pa_massstab-1-18","14":"pa_modelmarke-cmc","15":"pa_modeltyp-alles-zum-oeffnen","16":"pa_modeltyp-fertigmodell","17":"pa_zustand_modell-2-neuwertig","18":"pa_zustand_verpackung-2-neuwertig","20":"first","21":"outofstock","22":"taxable","23":"shipping-taxable","24":"product-type-simple"},"acf":[],"jetpack_sharing_enabled":true,"_links":{"self":[{"href":"https:\/\/www.modelcars24.de\/fr\/wp-json\/wp\/v2\/product\/43731","targetHints":{"allow":["GET"]}}],"collection":[{"href":"https:\/\/www.modelcars24.de\/fr\/wp-json\/wp\/v2\/product"}],"about":[{"href":"https:\/\/www.modelcars24.de\/fr\/wp-json\/wp\/v2\/types\/product"}],"replies":[{"embeddable":true,"href":"https:\/\/www.modelcars24.de\/fr\/wp-json\/wp\/v2\/comments?post=43731"}],"version-history":[{"count":3,"href":"https:\/\/www.modelcars24.de\/fr\/wp-json\/wp\/v2\/product\/43731\/revisions"}],"predecessor-version":[{"id":58643,"href":"https:\/\/www.modelcars24.de\/fr\/wp-json\/wp\/v2\/product\/43731\/revisions\/58643"}],"wp:featuredmedia":[{"embeddable":true,"href":"https:\/\/www.modelcars24.de\/fr\/wp-json\/wp\/v2\/media\/43733"}],"wp:attachment":[{"href":"https:\/\/www.modelcars24.de\/fr\/wp-json\/wp\/v2\/media?parent=43731"}],"wp:term":[{"taxonomy":"product_brand","embeddable":true,"href":"https:\/\/www.modelcars24.de\/fr\/wp-json\/wp\/v2\/product_brand?post=43731"},{"taxonomy":"product_cat","embeddable":true,"href":"https:\/\/www.modelcars24.de\/fr\/wp-json\/wp\/v2\/product_cat?post=43731"},{"taxonomy":"product_tag","embeddable":true,"href":"https:\/\/www.modelcars24.de\/fr\/wp-json\/wp\/v2\/product_tag?post=43731"}],"curies":[{"name":"wp","href":"https:\/\/api.w.org\/{rel}","templated":true}]}}