{"id":43855,"date":"2025-08-19T00:00:00","date_gmt":"2025-08-18T22:00:00","guid":{"rendered":"https:\/\/www.modelcars24.de\/?post_type=product&#038;p=43855"},"modified":"2026-05-01T13:33:02","modified_gmt":"2026-05-01T11:33:02","slug":"cmc-mercedes-benz-300-slr-uhlenhaut-coupe-1955","status":"publish","type":"product","link":"https:\/\/www.modelcars24.de\/fr\/cmc-mercedes-benz-300-slr-uhlenhaut-coupe-1955\/","title":{"rendered":"CMC Mercedes-Benz 300 SLR, Uhlenhaut Coup\u00e9, 1955, 2\u00e8me s\u00e9rie - 1\/18"},"content":{"rendered":"<h3>CMC Mercedes-Benz 300 SLR Coup\u00e9 Uhlenhaut, 1955<\/h3>\n<p>Le coup\u00e9 dit \u201cUhlenhaut\u201d fait partie des ic\u00f4nes de l'histoire de la marque Mercedes-Benz. Pourtant, seuls deux exemplaires ont \u00e9t\u00e9 construits, officiellement en tant que prototypes de course. Sous l'\u00e9l\u00e9gante robe de t\u00f4le se cache la technique de la voiture de course ouverte 300 SLR ; le coup\u00e9 devait \u00eatre utilis\u00e9 en version ferm\u00e9e pour les courses. Comme Mercedes-Benz a mis fin \u00e0 son engagement dans la course automobile apr\u00e8s la saison 1955, il n'a plus \u00e9t\u00e9 utilis\u00e9.<\/p>\n<p>D\u00e9tails de la CMC Mercedes-Benz 300 SLR<\/p>\n<div>\n<ul>\n<li>La structure du toit du coup\u00e9 ressemble \u00e0 un cockpit de pilote. Les si\u00e8ges sont recouverts de tissu \u00e0 carreaux.<\/li>\n<li>L'int\u00e9rieur est fid\u00e8lement rev\u00eatu de cuir rouge.<\/li>\n<li>Le cockpit contient une instrumentation compl\u00e8te, y compris tous les \u00e9l\u00e9ments de commande tels que les interrupteurs et les leviers.<\/li>\n<li>D\u00e9tails fid\u00e8les \u00e0 l'original<\/li>\n<li>Dans le coffre, on trouve deux roues de secours amovibles, adapt\u00e9es \u00e0 la taille des roues avant et arri\u00e8re.<\/li>\n<li>Les sidepipes qui d\u00e9passent des ouvertures de ventilation sont en acier inoxydable. La trappe d'entretien du moteur peut \u00eatre retir\u00e9e. Elle est fix\u00e9e par de petits aimants<\/li>\n<li>Moteur huit cylindres en ligne hautement d\u00e9taill\u00e9, mont\u00e9 en position inclin\u00e9e, avec tous les \u00e9l\u00e9ments de montage ainsi que la pose compl\u00e8te des conduites et le c\u00e2blage.<\/li>\n<li>Barre d'appui pour fixer le capot ouvert<\/li>\n<li>Fen\u00eatres \u00e0 projection pivotantes int\u00e9gr\u00e9es aux vitres lat\u00e9rales<\/li>\n<li>Roues \u00e0 rayons avec jantes en aluminium et rayons en fil d'acier inoxydable enfonc\u00e9s \u00e0 la main, avec embouts<\/li>\n<li>Entr\u00e9e d'air recouverte d'une grille de protection m\u00e9tallique filigrane pour la ventilation du moteur<\/li>\n<li>Des fermetures centrales \u00e0 trois vantaux permettent d'enlever les roues. La g\u00e9om\u00e9trie des ailes est adapt\u00e9e au c\u00f4t\u00e9 du v\u00e9hicule<\/li>\n<li>Partie arri\u00e8re r\u00e9ussie avec l'\u00e9toile Mercedes, l'inscription 300 SLR et le bouclier D<\/li>\n<\/ul>\n<\/div>\n<div>\n<p>Particularit\u00e9 :<\/p>\n<ul>\n<li>Trappe d'entretien du moteur droite amovible. Trappe jointe \u00e0 l'emballage et pouvant \u00eatre mont\u00e9e au moyen d'une fixation magn\u00e9tique.<\/li>\n<li>Fen\u00eatres \u00e0 projection pivotantes, int\u00e9gr\u00e9es dans les vitres lat\u00e9rales (voir mode d'emploi)<\/li>\n<\/ul>\n<\/div>\n<p>Num\u00e9ro d'article : M-076<\/p>","protected":false},"excerpt":{"rendered":"<p>1:18 &#8211; M-076 &#8211; 1-brandneu &#8211; anstatt 577,00 \u20ac jetzt 485,00 \u20ac inkl. 19% Vat<\/p>","protected":false},"featured_media":43857,"comment_status":"open","ping_status":"closed","template":"","meta":{"_acf_changed":false},"product_brand":[537],"product_cat":[960,18,19,20,21],"product_tag":[624,606,748],"class_list":{"0":"post-43855","1":"product","2":"type-product","3":"status-publish","4":"has-post-thumbnail","6":"product_brand-cmc","7":"product_cat-aktion","8":"product_cat-cmc","9":"product_cat-mercedes-benz","10":"product_cat-titel","11":"product_cat-verfuegbar","12":"product_tag-mercedes-benz-300-slr","13":"product_tag-uhlenhaut-coupe","14":"product_tag-ulhlenhaut-coupe","15":"pa_automarke-mercedes","16":"pa_decade-1950s","17":"pa_fahrzeugtyp-gt-rennen","18":"pa_massstab-1-18","19":"pa_modelmarke-cmc","20":"pa_modeltyp-alles-zum-oeffnen","21":"pa_modeltyp-fertigmodell","22":"pa_zustand_modell-1-brandneu","23":"pa_zustand_verpackung-1-brandneu","25":"first","26":"instock","27":"sale","28":"taxable","29":"shipping-taxable","30":"purchasable","31":"product-type-simple"},"acf":[],"jetpack_sharing_enabled":true,"_links":{"self":[{"href":"https:\/\/www.modelcars24.de\/fr\/wp-json\/wp\/v2\/product\/43855","targetHints":{"allow":["GET"]}}],"collection":[{"href":"https:\/\/www.modelcars24.de\/fr\/wp-json\/wp\/v2\/product"}],"about":[{"href":"https:\/\/www.modelcars24.de\/fr\/wp-json\/wp\/v2\/types\/product"}],"replies":[{"embeddable":true,"href":"https:\/\/www.modelcars24.de\/fr\/wp-json\/wp\/v2\/comments?post=43855"}],"version-history":[{"count":6,"href":"https:\/\/www.modelcars24.de\/fr\/wp-json\/wp\/v2\/product\/43855\/revisions"}],"predecessor-version":[{"id":58650,"href":"https:\/\/www.modelcars24.de\/fr\/wp-json\/wp\/v2\/product\/43855\/revisions\/58650"}],"wp:featuredmedia":[{"embeddable":true,"href":"https:\/\/www.modelcars24.de\/fr\/wp-json\/wp\/v2\/media\/43857"}],"wp:attachment":[{"href":"https:\/\/www.modelcars24.de\/fr\/wp-json\/wp\/v2\/media?parent=43855"}],"wp:term":[{"taxonomy":"product_brand","embeddable":true,"href":"https:\/\/www.modelcars24.de\/fr\/wp-json\/wp\/v2\/product_brand?post=43855"},{"taxonomy":"product_cat","embeddable":true,"href":"https:\/\/www.modelcars24.de\/fr\/wp-json\/wp\/v2\/product_cat?post=43855"},{"taxonomy":"product_tag","embeddable":true,"href":"https:\/\/www.modelcars24.de\/fr\/wp-json\/wp\/v2\/product_tag?post=43855"}],"curies":[{"name":"wp","href":"https:\/\/api.w.org\/{rel}","templated":true}]}}