{"id":43989,"date":"2023-01-13T11:54:21","date_gmt":"2023-01-13T10:54:21","guid":{"rendered":"https:\/\/www.modelcars24.de\/?post_type=product&#038;p=43989"},"modified":"2025-12-10T13:36:52","modified_gmt":"2025-12-10T12:36:52","slug":"cmc-maserati-250f-32-gp-monaco-fangio-1957","status":"publish","type":"product","link":"https:\/\/www.modelcars24.de\/fr\/cmc-maserati-250f-32-gp-monaco-fangio-1957\/","title":{"rendered":"CMC Maserati 250 F , # 32 GP Monaco, \u201cFangio\u201d, 1957 - 1\/18"},"content":{"rendered":"<h3>CMC Maserati 250F , # 32 GP Monaco, \u201cFangio\u201d, 1957<\/h3>\n<p>D\u00e9tails de la Maserati 250F<\/p>\n<div>\n<ul>\n<li>Mod\u00e8le enti\u00e8rement en m\u00e9tal mont\u00e9 \u00e0 la main, fabriqu\u00e9 de mani\u00e8re authentique jusque dans les moindres d\u00e9tails<\/li>\n<li>Conception \u00e9labor\u00e9e du cadre tubulaire en treillis m\u00e9tallique<\/li>\n<li>Reproduction fid\u00e8le du moteur six cylindres en ligne avec tous les \u00e9l\u00e9ments rapport\u00e9s ainsi que les conduites et le c\u00e2blage<\/li>\n<li>Fentes d'a\u00e9ration ajour\u00e9es sur l'ensemble de la carrosserie<\/li>\n<li>Capot moteur amovible avec verrouillage d'origine<\/li>\n<li>Tambours de frein nervur\u00e9s en m\u00e9tal<\/li>\n<li>Roues \u00e0 rayons amovibles avec fermetures centrales \u00e0 deux battants en acier inoxydable avec logo du fabricant Borrani imprim\u00e9<\/li>\n<li>Fermetures rapides du nez du v\u00e9hicule et des parties lat\u00e9rales du compartiment moteur fabriqu\u00e9es sous forme de boulons en acier inoxydable et s\u00e9curis\u00e9es par un fil d'acier (pi\u00e8ces non amovibles)<\/li>\n<li>Bouchons de r\u00e9servoir m\u00e9talliques mobiles et bande de serrage m\u00e9tallique recouverte de cuir pour le maintien du r\u00e9servoir de carburant<\/li>\n<li>Si\u00e8ge de cockpit avec rev\u00eatement en cuir v\u00e9ritable<\/li>\n<li>Num\u00e9ros de d\u00e9part appliqu\u00e9s par tampographie<\/li>\n<\/ul>\n<\/div>\n<div>\n<p>Particularit\u00e9<\/p>\n<ul>\n<li>Un maximum de travail artisanal pour repr\u00e9senter les rivets \u00e0 l'arri\u00e8re du v\u00e9hicule<\/li>\n<li>Des rivets pos\u00e9s individuellement \u00e0 la main, parfois avec une rondelle, forment un ensemble remarquable de 301 rivets.<\/li>\n<\/ul>\n<h4>Description du v\u00e9hicule original :<\/h4>\n<p>En 1957, Maserati \u00e9tait \u00e0 l'apog\u00e9e de son d\u00e9veloppement en course. Apr\u00e8s avoir r\u00e9int\u00e9gr\u00e9 l'\u00e9quipe d'usine Maserati, Juan Manuel Fangio a remport\u00e9 de nombreuses courses de Grand Prix au volant de sa Maserati 250 F (construction l\u00e9g\u00e8re) et a pu f\u00eater son cinqui\u00e8me titre de champion du monde de Grand Prix \u00e0 la fin de la saison.<br \/>\nD\u00e8s la premi\u00e8re course du championnat du monde de Formule 1, au Grand Prix de Monaco le 19 mai 1957, Juan Manuel Fangio a inscrit son nom au palmar\u00e8s.<br \/>\nApr\u00e8s un d\u00e9but de course dramatique, avec de nombreux changements de position et quelques t\u00eate-\u00e0-queue impliquant les pilotes Lancia \/ Ferrari et les bolides britanniques Vanwall, Fangio, avec le num\u00e9ro de d\u00e9part 32, a pu se d\u00e9tacher progressivement du peloton et se diriger vers une victoire sans encombre. Le pilote britannique Tony Brooks a termin\u00e9 deuxi\u00e8me sur Vanwall.<\/p>\n<\/div>\n<p>Num\u00e9ro d'article : M-101<\/p>","protected":false},"excerpt":{"rendered":"<p>M-101 &#8211; 2-neuwertig &#8211; 345,00 \u20ac<\/p>","protected":false},"featured_media":43991,"comment_status":"open","ping_status":"closed","template":"","meta":[],"product_brand":[537],"product_cat":[18,90,45,21],"product_tag":[753,566,567,137],"class_list":{"0":"post-43989","1":"product","2":"type-product","3":"status-publish","4":"has-post-thumbnail","6":"product_brand-cmc","7":"product_cat-cmc","8":"product_cat-maserati","9":"product_cat-neuzugang","10":"product_cat-verfuegbar","11":"product_tag-32-gp-monaco","12":"product_tag-566","13":"product_tag-cmc-maserati-250f","14":"product_tag-fangio","15":"pa_automarke-maserati","16":"pa_decade-1950s","17":"pa_fahrzeugtyp-formel-1","18":"pa_massstab-1-18","19":"pa_modelmarke-cmc","20":"pa_modeltyp-alles-zum-oeffnen","21":"pa_modeltyp-fertigmodell","22":"pa_zustand_modell-2-neuwertig","23":"pa_zustand_verpackung-2-neuwertig","25":"first","26":"outofstock","27":"purchasable","28":"product-type-simple"},"jetpack_sharing_enabled":true,"_links":{"self":[{"href":"https:\/\/www.modelcars24.de\/fr\/wp-json\/wp\/v2\/product\/43989","targetHints":{"allow":["GET"]}}],"collection":[{"href":"https:\/\/www.modelcars24.de\/fr\/wp-json\/wp\/v2\/product"}],"about":[{"href":"https:\/\/www.modelcars24.de\/fr\/wp-json\/wp\/v2\/types\/product"}],"replies":[{"embeddable":true,"href":"https:\/\/www.modelcars24.de\/fr\/wp-json\/wp\/v2\/comments?post=43989"}],"version-history":[{"count":3,"href":"https:\/\/www.modelcars24.de\/fr\/wp-json\/wp\/v2\/product\/43989\/revisions"}],"predecessor-version":[{"id":58662,"href":"https:\/\/www.modelcars24.de\/fr\/wp-json\/wp\/v2\/product\/43989\/revisions\/58662"}],"wp:featuredmedia":[{"embeddable":true,"href":"https:\/\/www.modelcars24.de\/fr\/wp-json\/wp\/v2\/media\/43991"}],"wp:attachment":[{"href":"https:\/\/www.modelcars24.de\/fr\/wp-json\/wp\/v2\/media?parent=43989"}],"wp:term":[{"taxonomy":"product_brand","embeddable":true,"href":"https:\/\/www.modelcars24.de\/fr\/wp-json\/wp\/v2\/product_brand?post=43989"},{"taxonomy":"product_cat","embeddable":true,"href":"https:\/\/www.modelcars24.de\/fr\/wp-json\/wp\/v2\/product_cat?post=43989"},{"taxonomy":"product_tag","embeddable":true,"href":"https:\/\/www.modelcars24.de\/fr\/wp-json\/wp\/v2\/product_tag?post=43989"}],"curies":[{"name":"wp","href":"https:\/\/api.w.org\/{rel}","templated":true}]}}