{"id":44016,"date":"2026-04-23T00:00:00","date_gmt":"2026-04-22T22:00:00","guid":{"rendered":"https:\/\/www.modelcars24.de\/?post_type=product&#038;p=44016"},"modified":"2026-04-29T15:07:28","modified_gmt":"2026-04-29T13:07:28","slug":"cmc-maserati-300s-chassis-roulant-1956","status":"publish","type":"product","link":"https:\/\/www.modelcars24.de\/fr\/cmc-maserati-300s-rolling-chassis-1956\/","title":{"rendered":"CMC Maserati 300S, ch\u00e2ssis roulant, 1956 - 1\/18"},"content":{"rendered":"<p>CMC Maserati 300S, Rolling Chassis, 1956, mod\u00e8le de collection hautement d\u00e9taill\u00e9 en m\u00e9tal, pi\u00e8ces rapport\u00e9es chrom\u00e9es en grande partie en m\u00e9tal, assembl\u00e9es \u00e0 la main, mat\u00e9riaux conformes \u00e0 l'original, si\u00e8ges en cuir ou rembourr\u00e9s, version d\u00e9taill\u00e9e de l'original, nombreuses fonctions et d\u00e9tails.<br \/>Num\u00e9ro d'article : M-109<\/p>","protected":false},"excerpt":{"rendered":"<p>M-109 &#8211; 1-brandneu &#8211; anstatt 323,00 \u20ac jetzt 295,00 \u20ac inkl. 19% Vat<\/p>","protected":false},"featured_media":44018,"comment_status":"open","ping_status":"closed","template":"","meta":{"_acf_changed":false},"product_brand":[537],"product_cat":[960,18,85,90,20,21],"product_tag":[],"class_list":{"0":"post-44016","1":"product","2":"type-product","3":"status-publish","4":"has-post-thumbnail","6":"product_brand-cmc","7":"product_cat-aktion","8":"product_cat-cmc","9":"product_cat-coupon","10":"product_cat-maserati","11":"product_cat-titel","12":"product_cat-verfuegbar","13":"pa_automarke-maserati","14":"pa_decade-1950s","15":"pa_fahrzeugtyp-gt-rennen","16":"pa_massstab-1-18","17":"pa_modelmarke-cmc","18":"pa_modeltyp-alles-zum-oeffnen","19":"pa_modeltyp-fertigmodell","20":"pa_zustand_modell-1-brandneu","21":"pa_zustand_verpackung-1-brandneu","23":"first","24":"instock","25":"sale","26":"taxable","27":"shipping-taxable","28":"purchasable","29":"product-type-simple"},"acf":[],"jetpack_sharing_enabled":true,"_links":{"self":[{"href":"https:\/\/www.modelcars24.de\/fr\/wp-json\/wp\/v2\/product\/44016","targetHints":{"allow":["GET"]}}],"collection":[{"href":"https:\/\/www.modelcars24.de\/fr\/wp-json\/wp\/v2\/product"}],"about":[{"href":"https:\/\/www.modelcars24.de\/fr\/wp-json\/wp\/v2\/types\/product"}],"replies":[{"embeddable":true,"href":"https:\/\/www.modelcars24.de\/fr\/wp-json\/wp\/v2\/comments?post=44016"}],"version-history":[{"count":3,"href":"https:\/\/www.modelcars24.de\/fr\/wp-json\/wp\/v2\/product\/44016\/revisions"}],"predecessor-version":[{"id":58667,"href":"https:\/\/www.modelcars24.de\/fr\/wp-json\/wp\/v2\/product\/44016\/revisions\/58667"}],"wp:featuredmedia":[{"embeddable":true,"href":"https:\/\/www.modelcars24.de\/fr\/wp-json\/wp\/v2\/media\/44018"}],"wp:attachment":[{"href":"https:\/\/www.modelcars24.de\/fr\/wp-json\/wp\/v2\/media?parent=44016"}],"wp:term":[{"taxonomy":"product_brand","embeddable":true,"href":"https:\/\/www.modelcars24.de\/fr\/wp-json\/wp\/v2\/product_brand?post=44016"},{"taxonomy":"product_cat","embeddable":true,"href":"https:\/\/www.modelcars24.de\/fr\/wp-json\/wp\/v2\/product_cat?post=44016"},{"taxonomy":"product_tag","embeddable":true,"href":"https:\/\/www.modelcars24.de\/fr\/wp-json\/wp\/v2\/product_tag?post=44016"}],"curies":[{"name":"wp","href":"https:\/\/api.w.org\/{rel}","templated":true}]}}