{"id":44073,"date":"2025-01-13T00:00:00","date_gmt":"2025-01-12T23:00:00","guid":{"rendered":"https:\/\/www.modelcars24.de\/?post_type=product&#038;p=44073"},"modified":"2026-04-02T09:18:44","modified_gmt":"2026-04-02T07:18:44","slug":"cmc-alfa-romeo-8c-2900-b-moteur-avec-vitrine","status":"publish","type":"product","link":"https:\/\/www.modelcars24.de\/fr\/cmc-alfa-romeo-8c-2900-b-motor-mit-vitrine\/","title":{"rendered":"CMC Alfa Romeo 8C 2900 B Moteur avec vitrine - 1\/18"},"content":{"rendered":"<h3>CMC Alfa Romeo 8C 2900 B moteur avec vitrine<\/h3>\n<p>Le c\u0153ur de tout v\u00e9hicule sportif performant est un moteur puissant et fiable. Dans notre cas, il s'agit du groupe motopropulseur de l'Alfa Romeo 8C 2900 B. Le moteur est un \u00e9l\u00e9ment essentiel de la voiture.<br \/>\nSon c\u00e9l\u00e8bre constructeur, Vittorio Jano, a utilis\u00e9 la construction l\u00e9g\u00e8re pour le moteur huit cylindres en ligne et a con\u00e7u le carter moteur \u00e0 partir de deux blocs d'alliage l\u00e9ger de quatre cylindres chacun. Avec ce principe de construction, l'entra\u00eenement de l'arbre \u00e0 cames a \u00e9t\u00e9 d\u00e9plac\u00e9 au centre du moteur via un train d'engrenages. La longueur de l'arbre \u00e0 cames a ainsi pu \u00eatre r\u00e9duite de moiti\u00e9, ce qui a permis d'obtenir des pi\u00e8ces tr\u00e8s r\u00e9sistantes \u00e0 la torsion et tr\u00e8s stables. Chacun des deux blocs cylindres \u00e9tait ventil\u00e9 par un superchargeur Roots.<br \/>\nLe groupe moteur pr\u00e9sent\u00e9 ici dans une vitrine acrylique attrayante et prot\u00e9g\u00e9e contre la poussi\u00e8re enrichira la s\u00e9rie de moteurs CMC cr\u00e9\u00e9e par CMC et constituera un point d'exclamation suppl\u00e9mentaire pour l'art du mod\u00e9lisme individuel de la maison CMC.<br \/>\nNum\u00e9ro d'article : M-131<\/p>","protected":false},"excerpt":{"rendered":"<p>M-131 - 1-br\u00fblot - 133,00 \u20ac incl. 19% Vat<\/p>","protected":false},"featured_media":48826,"comment_status":"open","ping_status":"closed","template":"","meta":{"_acf_changed":false},"product_brand":[537],"product_cat":[960,100,18,45,21],"product_tag":[762],"class_list":{"0":"post-44073","1":"product","2":"type-product","3":"status-publish","4":"has-post-thumbnail","6":"product_brand-cmc","7":"product_cat-aktion","8":"product_cat-alfa-romeo","9":"product_cat-cmc","10":"product_cat-neuzugang","11":"product_cat-verfuegbar","12":"product_tag-cmc-alfa-romeo-8c-2900-b-motor-mit-vitrine","13":"pa_automarke-alfa-romeo","14":"pa_decade-1930s","15":"pa_fahrzeugtyp-motor","16":"pa_massstab-1-18","17":"pa_modelmarke-cmc","18":"pa_modeltyp-alles-zum-oeffnen","19":"pa_modeltyp-fertigmodell","20":"pa_zustand_modell-1-brandneu","21":"pa_zustand_verpackung-1-brandneu","23":"first","24":"outofstock","25":"sale","26":"taxable","27":"shipping-taxable","28":"purchasable","29":"product-type-simple"},"acf":[],"jetpack_sharing_enabled":true,"_links":{"self":[{"href":"https:\/\/www.modelcars24.de\/fr\/wp-json\/wp\/v2\/product\/44073","targetHints":{"allow":["GET"]}}],"collection":[{"href":"https:\/\/www.modelcars24.de\/fr\/wp-json\/wp\/v2\/product"}],"about":[{"href":"https:\/\/www.modelcars24.de\/fr\/wp-json\/wp\/v2\/types\/product"}],"replies":[{"embeddable":true,"href":"https:\/\/www.modelcars24.de\/fr\/wp-json\/wp\/v2\/comments?post=44073"}],"version-history":[{"count":6,"href":"https:\/\/www.modelcars24.de\/fr\/wp-json\/wp\/v2\/product\/44073\/revisions"}],"predecessor-version":[{"id":58672,"href":"https:\/\/www.modelcars24.de\/fr\/wp-json\/wp\/v2\/product\/44073\/revisions\/58672"}],"wp:featuredmedia":[{"embeddable":true,"href":"https:\/\/www.modelcars24.de\/fr\/wp-json\/wp\/v2\/media\/48826"}],"wp:attachment":[{"href":"https:\/\/www.modelcars24.de\/fr\/wp-json\/wp\/v2\/media?parent=44073"}],"wp:term":[{"taxonomy":"product_brand","embeddable":true,"href":"https:\/\/www.modelcars24.de\/fr\/wp-json\/wp\/v2\/product_brand?post=44073"},{"taxonomy":"product_cat","embeddable":true,"href":"https:\/\/www.modelcars24.de\/fr\/wp-json\/wp\/v2\/product_cat?post=44073"},{"taxonomy":"product_tag","embeddable":true,"href":"https:\/\/www.modelcars24.de\/fr\/wp-json\/wp\/v2\/product_tag?post=44073"}],"curies":[{"name":"wp","href":"https:\/\/api.w.org\/{rel}","templated":true}]}}