{"id":44291,"date":"2026-05-05T11:54:25","date_gmt":"2026-05-05T09:54:25","guid":{"rendered":"https:\/\/www.modelcars24.de\/?post_type=product&#038;p=44291"},"modified":"2026-05-06T16:38:06","modified_gmt":"2026-05-06T14:38:06","slug":"cmc-ferrari-gto-1962-techno-classica-modele-special-2016","status":"publish","type":"product","link":"https:\/\/www.modelcars24.de\/fr\/cmc-ferrari-gto-1962-techno-classica-sondermodell-2016\/","title":{"rendered":"CMC Ferrari GTO, 1962, Techno Classica mod\u00e8le sp\u00e9cial 2016 - 1\/18"},"content":{"rendered":"<h3>CMC Ferrari GTO, 1962, Techno Classica mod\u00e8le sp\u00e9cial 2016, bleu minuit<\/h3>\n<p>4e \u00e9dition Collectors Salon Mod\u00e8le sp\u00e9cial \u00e0 l'occasion deTechno Classica 2016, Essen<\/p>\n<ul>\n<li>Mod\u00e8le de pr\u00e9cision en m\u00e9tal assembl\u00e9 \u00e0 la main en tant que volant \u00e0 gauche, compos\u00e9 de 1 841 pi\u00e8ces, dont 1 215 pi\u00e8ces uniquement en m\u00e9tal<\/li>\n<li>Reproduction authentique du design de carrosserie marquant du c\u00e9l\u00e8bre carrossier Sergio Scaglietti<\/li>\n<li>Partie avant tr\u00e8s agr\u00e9ablement con\u00e7ue avec des caches amovibles pour les trois prises d'air<\/li>\n<li>Clapets mobiles pour la tubulure de remplissage d'eau de refroidissement sur le capot et la tubulure de remplissage d'huile c\u00f4t\u00e9 droit du v\u00e9hicule \u00e0 hauteur de la lunette arri\u00e8re<\/li>\n<li>Essuie-glace filigrane avec balai d'essuie-glace en caoutchouc v\u00e9ritable<\/li>\n<li>Capot de moteur relevable avec barre d'appui pour le maintenir ouvert, avec des fermetures rapides fonctionnelles et une protection suppl\u00e9mentaire par lani\u00e8re de cuir<\/li>\n<li>Portes fonctionnelles avec fen\u00eatres coulissantes mobiles<\/li>\n<li>Capot de coffre ouvrable avec barre d'appui et roue de secours int\u00e9rieure<\/li>\n<li>Goulot de remplissage du r\u00e9servoir arri\u00e8re avec bouchon ouvrable<\/li>\n<li>Roues \u00e0 rayons parfaitement con\u00e7ues avec des rayons en fil d'acier inoxydable ins\u00e9r\u00e9s et nervur\u00e9s \u00e0 la main. Fermetures centrales Borrani vissables avec filetage \u00e0 droite\/gauche<\/li>\n<li>Pose de lignes \/ C\u00e2blage<\/li>\n<li>Am\u00e9nagement r\u00e9aliste de l'int\u00e9rieur du v\u00e9hicule avec des \u00e9quipements de course, comme la cage de retournement et les ceintures de s\u00e9curit\u00e9. Si\u00e8ges avec bordure en cuir et rev\u00eatement en textile v\u00e9ritable<\/li>\n<li>Tableau de bord coh\u00e9rent et con\u00e7u dans un design de vernis r\u00e9tractable avec tous les instruments d'affichage et les boutons de commande<\/li>\n<li>Reproduction exacte du groupe de plancher complexe avec reproduction fid\u00e8le de la suspension avant et arri\u00e8re, du r\u00e9servoir d'huile du syst\u00e8me de lubrification \u00e0 carter sec et du r\u00e9servoir d'essence, tous fabriqu\u00e9s en t\u00f4le d'acier inoxydable, ainsi qu'une conception impressionnante de la sortie du syst\u00e8me d'\u00e9chappement de course.<\/li>\n<li>Plaque de fond d\u00e9vissable en t\u00f4le d'acier inoxydable et peinture brillante<\/li>\n<\/ul>\n<p>Num\u00e9ro d'article : M-168<\/p>\n<p>2-neuwertig, mit allem Zubeh\u00f6r, und Zertifkat<\/p>","protected":false},"excerpt":{"rendered":"<p>M-168 &#8211; 2-neuwertig &#8211; 3200,00 \u20ac<\/p>","protected":false},"featured_media":49759,"comment_status":"open","ping_status":"closed","template":"","meta":{"_acf_changed":false},"product_brand":[537],"product_cat":[279,18,63,45,21],"product_tag":[647,772,773,774],"class_list":{"0":"post-44291","1":"product","2":"type-product","3":"status-publish","4":"has-post-thumbnail","6":"product_brand-cmc","7":"product_cat-1-m","8":"product_cat-cmc","9":"product_cat-ferrari","10":"product_cat-neuzugang","11":"product_cat-verfuegbar","12":"product_tag-647","13":"product_tag-cmc-ferrari-gto","14":"product_tag-mitternachtsblau","15":"product_tag-techno-classica-sondermodell-2016","16":"pa_automarke-ferrari","17":"pa_decade-1960s","18":"pa_fahrzeugtyp-gt-rennen","19":"pa_massstab-1-18","20":"pa_modelmarke-cmc","21":"pa_modeltyp-alles-zum-oeffnen","22":"pa_modeltyp-fertigmodell","23":"pa_zustand_modell-2-neuwertig","24":"pa_zustand_verpackung-2-neuwertig","26":"first","27":"instock","28":"purchasable","29":"product-type-simple"},"acf":[],"jetpack_sharing_enabled":true,"_links":{"self":[{"href":"https:\/\/www.modelcars24.de\/fr\/wp-json\/wp\/v2\/product\/44291","targetHints":{"allow":["GET"]}}],"collection":[{"href":"https:\/\/www.modelcars24.de\/fr\/wp-json\/wp\/v2\/product"}],"about":[{"href":"https:\/\/www.modelcars24.de\/fr\/wp-json\/wp\/v2\/types\/product"}],"replies":[{"embeddable":true,"href":"https:\/\/www.modelcars24.de\/fr\/wp-json\/wp\/v2\/comments?post=44291"}],"version-history":[{"count":10,"href":"https:\/\/www.modelcars24.de\/fr\/wp-json\/wp\/v2\/product\/44291\/revisions"}],"predecessor-version":[{"id":64069,"href":"https:\/\/www.modelcars24.de\/fr\/wp-json\/wp\/v2\/product\/44291\/revisions\/64069"}],"wp:featuredmedia":[{"embeddable":true,"href":"https:\/\/www.modelcars24.de\/fr\/wp-json\/wp\/v2\/media\/49759"}],"wp:attachment":[{"href":"https:\/\/www.modelcars24.de\/fr\/wp-json\/wp\/v2\/media?parent=44291"}],"wp:term":[{"taxonomy":"product_brand","embeddable":true,"href":"https:\/\/www.modelcars24.de\/fr\/wp-json\/wp\/v2\/product_brand?post=44291"},{"taxonomy":"product_cat","embeddable":true,"href":"https:\/\/www.modelcars24.de\/fr\/wp-json\/wp\/v2\/product_cat?post=44291"},{"taxonomy":"product_tag","embeddable":true,"href":"https:\/\/www.modelcars24.de\/fr\/wp-json\/wp\/v2\/product_tag?post=44291"}],"curies":[{"name":"wp","href":"https:\/\/api.w.org\/{rel}","templated":true}]}}