{"id":44368,"date":"2024-01-28T00:00:00","date_gmt":"2024-01-27T23:00:00","guid":{"rendered":"https:\/\/www.modelcars24.de\/?post_type=product&#038;p=44368"},"modified":"2026-04-06T12:36:14","modified_gmt":"2026-04-06T10:36:14","slug":"cmc-mercedes-benz-lkw-lo-2750-1934-38-version-clear-finish","status":"publish","type":"product","link":"https:\/\/www.modelcars24.de\/fr\/cmc-mercedes-benz-lkw-lo-2750-1934-38-clear-finish-version\/","title":{"rendered":"CMC Mercedes-Benz LKW LO 2750, 1934-38, Clear Finish Version - 1\/18"},"content":{"rendered":"<h3>CMC Mercedes-Benz Camion LO 2750, 1934-38, version Clear Finish<\/h3>\n<p>\u00c0 la fin des ann\u00e9es 1920, l'usine Daimler-Benz de Gaggenau entrait dans une nouvelle \u00e8re de construction de camions. L'entreprise a fait preuve d'audace en pr\u00e9sentant d\u00e8s 1932 une s\u00e9rie de camions \u00e9quip\u00e9s pour la premi\u00e8re fois d'un moteur diesel en s\u00e9rie. En tr\u00e8s peu de temps, le moteur diesel a supplant\u00e9 le moteur \u00e0 essence utilis\u00e9 jusqu'alors et est devenu la r\u00e9f\u00e9rence en raison de sa rentabilit\u00e9 et de sa grande fiabilit\u00e9. Une nouvelle g\u00e9n\u00e9ration de camions avec une offre vari\u00e9e de types \u00e9tait n\u00e9e.<\/p>\n<ul>\n<li>Mod\u00e8le de pr\u00e9cision en m\u00e9tal assembl\u00e9 \u00e0 la main \u00e0 partir de 2 059 pi\u00e8ces<\/li>\n<li>Fid\u00e8le \u00e0 l'original, carrosserie ouverte \u00e0 plateau<\/li>\n<li>Toutes les ferrures de hayon sont en m\u00e9tal<\/li>\n<li>Ridelles de chargement en bois v\u00e9ritable et rabattables<\/li>\n<li>Reproduction fid\u00e8le du moteur diesel 4 cylindres en ligne avec tous les \u00e9l\u00e9ments rapport\u00e9s, y compris la pose des conduites<\/li>\n<li>Capot moteur amovible en trois parties avec crochets de verrouillage \u00e0 ressort<\/li>\n<li>Radiateur en acier inoxydable fabriqu\u00e9 \u00e0 la main avec goulot de remplissage du radiateur d\u00e9vissable et \u00e9toile Mercedes rapport\u00e9e (attention au risque de casse, consulter le mode d'emploi)<\/li>\n<li>Cabine de conduite joliment con\u00e7ue avec levier de frein \u00e0 main mobile et pare-brise ouvrant. Banquettes amovibles rembourr\u00e9es de cuir.<\/li>\n<li>Portes ouvrantes et indicateurs de direction fonctionnels (clignotants)<\/li>\n<li>R\u00e9servoir de carburant sous la banquette passager, en m\u00e9tal, avec bouchon de remplissage ouvrable<\/li>\n<li>Caisse \u00e0 outils, mont\u00e9e \u00e0 gauche sur le cadre, ouvrable<\/li>\n<li>Roue de secours amovible sous le plancher du plateau \u00e0 l'arri\u00e8re du v\u00e9hicule<\/li>\n<li>Essieux avant et arri\u00e8re en m\u00e9tal. Plancher d\u00e9taill\u00e9 avec ch\u00e2ssis m\u00e9tallique solide et ressorts \u00e0 lames semi-elliptiques reproduits fid\u00e8lement \u00e0 l'avant et \u00e0 l'arri\u00e8re<\/li>\n<li>Surfaces m\u00e9talliques scell\u00e9es avec un vernis transparent.<\/li>\n<\/ul>\n<p><u>Explication de la d\u00e9signation du type \u201eLO 2750<\/u><\/p>\n<p>Nombre 2750 = charge utile en kilos<\/p>\n<p>\u201eL\u201c ch\u00e2ssis pour camion (L) et<\/p>\n<p>\u201eO\u201c Autobus (O) utilisable<br \/>\nNum\u00e9ro d'article : M-171<\/p>","protected":false},"excerpt":{"rendered":"<p>M-171 &#8211; 1-brandneu &#8211; anstatt 759,00 \u20ac jetzt 565,00 \u20ac inkl. 19% Vat<\/p>","protected":false},"featured_media":48995,"comment_status":"open","ping_status":"closed","template":"","meta":[],"product_brand":[537],"product_cat":[960,18,85,19,20,21],"product_tag":[728,729,494,730],"class_list":{"0":"post-44368","1":"product","2":"type-product","3":"status-publish","4":"has-post-thumbnail","6":"product_brand-cmc","7":"product_cat-aktion","8":"product_cat-cmc","9":"product_cat-coupon","10":"product_cat-mercedes-benz","11":"product_cat-titel","12":"product_cat-verfuegbar","13":"product_tag-1934-38","14":"product_tag-clear-finish-version","15":"product_tag-cmc-mercedes-benz-lkw","16":"product_tag-cmc-mercedes-benz-lkw-lo-2750","17":"pa_automarke-mercedes","18":"pa_decade-1930s","19":"pa_fahrzeugtyp-lastwagen","20":"pa_massstab-1-18","21":"pa_modelmarke-cmc","22":"pa_modeltyp-alles-zum-oeffnen","23":"pa_modeltyp-fertigmodell","24":"pa_zustand_modell-1-brandneu","25":"pa_zustand_verpackung-1-brandneu","27":"first","28":"outofstock","29":"sale","30":"taxable","31":"shipping-taxable","32":"purchasable","33":"product-type-simple"},"jetpack_sharing_enabled":true,"_links":{"self":[{"href":"https:\/\/www.modelcars24.de\/fr\/wp-json\/wp\/v2\/product\/44368","targetHints":{"allow":["GET"]}}],"collection":[{"href":"https:\/\/www.modelcars24.de\/fr\/wp-json\/wp\/v2\/product"}],"about":[{"href":"https:\/\/www.modelcars24.de\/fr\/wp-json\/wp\/v2\/types\/product"}],"replies":[{"embeddable":true,"href":"https:\/\/www.modelcars24.de\/fr\/wp-json\/wp\/v2\/comments?post=44368"}],"version-history":[{"count":0,"href":"https:\/\/www.modelcars24.de\/fr\/wp-json\/wp\/v2\/product\/44368\/revisions"}],"wp:featuredmedia":[{"embeddable":true,"href":"https:\/\/www.modelcars24.de\/fr\/wp-json\/wp\/v2\/media\/48995"}],"wp:attachment":[{"href":"https:\/\/www.modelcars24.de\/fr\/wp-json\/wp\/v2\/media?parent=44368"}],"wp:term":[{"taxonomy":"product_brand","embeddable":true,"href":"https:\/\/www.modelcars24.de\/fr\/wp-json\/wp\/v2\/product_brand?post=44368"},{"taxonomy":"product_cat","embeddable":true,"href":"https:\/\/www.modelcars24.de\/fr\/wp-json\/wp\/v2\/product_cat?post=44368"},{"taxonomy":"product_tag","embeddable":true,"href":"https:\/\/www.modelcars24.de\/fr\/wp-json\/wp\/v2\/product_tag?post=44368"}],"curies":[{"name":"wp","href":"https:\/\/api.w.org\/{rel}","templated":true}]}}