{"id":44452,"date":"2025-05-27T11:54:25","date_gmt":"2025-05-27T09:54:25","guid":{"rendered":"https:\/\/www.modelcars24.de\/?post_type=product&#038;p=44452"},"modified":"2026-03-27T18:20:37","modified_gmt":"2026-03-27T17:20:37","slug":"cmc-lancia-d50-monaco-gp-1955-26-alberto-ascari","status":"publish","type":"product","link":"https:\/\/www.modelcars24.de\/fr\/cmc-lancia-d50-monaco-gp-1955-26-alberto-ascari\/","title":{"rendered":"CMC Lancia D50 Monaco GP 1955 #26, Alberto Ascari - 1\/18"},"content":{"rendered":"<h3>CMC Lancia D50 Monaco GP 1955 #26, Alberto Ascari<\/h3>\n<p>CMC Lancia D50 Alberto Ascari num\u00e9ro 26, Grand Prix de Monaco 1955<\/p>\n<div>\n<ul>\n<li>Mod\u00e8le de pr\u00e9cision en m\u00e9tal compos\u00e9 de 1 598 pi\u00e8ces assembl\u00e9es \u00e0 la main<\/li>\n<li>Capot moteur amovible et verrouillable<\/li>\n<li>Pare-brise mobile<\/li>\n<li>Reproduction fid\u00e8le du moteur 8 cylindres 90\u00b0V avec tous les \u00e9l\u00e9ments rapport\u00e9s et pose\/c\u00e2blage complet des conduites<\/li>\n<li>Les deux tuyaux d'\u00e9chappement en m\u00e9tal<\/li>\n<li>Essieu avant \u00e0 bras triangulaires en m\u00e9tal avec amortisseurs \u00e0 pression d'huile<\/li>\n<li>Essieu arri\u00e8re De-Dion en m\u00e9tal avec bras longitudinaux et amortisseurs \u00e0 pression d'huile<\/li>\n<li>Grille de calandre en acier inoxydable, fabriqu\u00e9e \u00e0 la main et peinte dans la couleur de la voiture, avec entretoises m\u00e9talliques<\/li>\n<li>Reproduction d\u00e9taill\u00e9e du syst\u00e8me de refroidissement<\/li>\n<li>Pose d\u00e9taill\u00e9e des conduites d'huile et de carburant<\/li>\n<li>Bouchons de r\u00e9servoir mobiles<\/li>\n<li>Bouchon de remplissage d'huile mobile<\/li>\n<li>Cockpit avec si\u00e8ge conducteur rev\u00eatu de cuir et appuie-t\u00eate<\/li>\n<li>Roues \u00e0 rayons parfaitement con\u00e7ues avec des rayons en fil d'acier inoxydable ins\u00e9r\u00e9s et nervur\u00e9s \u00e0 la main<\/li>\n<li>Verrouillage central de roue vissable avec filetage authentique droite\/gauche<\/li>\n<li>Peinture brillante dans la teinte d'origine<\/li>\n<li>Positionnement du dossard 26 par tampographie<\/li>\n<\/ul>\n<\/div>\n<div>Particularit\u00e9 en tant qu'accessoire : chariot de d\u00e9marrage \u00e0 batterie avec d\u00e9marreur externe s\u00e9par\u00e9<\/div>\n<p>Num\u00e9ro d'article : M-176<\/p>","protected":false},"excerpt":{"rendered":"<p>1:18 &#8211; M-176 &#8211; 1-brandneu, anstatt 599,00\u20ac jetzt\u00a0 &#8211; 485,00 \u20ac inkl. 19% Vat<\/p>","protected":false},"featured_media":53575,"comment_status":"open","ping_status":"closed","template":"","meta":{"_acf_changed":false},"product_brand":[537],"product_cat":[18,114,45,21],"product_tag":[778,115,779],"class_list":{"0":"post-44452","1":"product","2":"type-product","3":"status-publish","4":"has-post-thumbnail","6":"product_brand-cmc","7":"product_cat-cmc","8":"product_cat-lancia","9":"product_cat-neuzugang","10":"product_cat-verfuegbar","11":"product_tag-alberto-ascari","12":"product_tag-cmc-lancia-d50","13":"product_tag-cmc-lancia-d50-monaco-gp-1955-26","14":"pa_automarke-lancia","15":"pa_decade-1950s","16":"pa_fahrzeugtyp-formel-1","17":"pa_massstab-1-18","18":"pa_modelmarke-cmc","19":"pa_modeltyp-alles-zum-oeffnen","20":"pa_modeltyp-fertigmodell","21":"pa_zustand_modell-2-neuwertig","22":"pa_zustand_verpackung-2-neuwertig","24":"first","25":"instock","26":"sale","27":"taxable","28":"shipping-taxable","29":"purchasable","30":"product-type-simple"},"acf":[],"jetpack_sharing_enabled":true,"_links":{"self":[{"href":"https:\/\/www.modelcars24.de\/fr\/wp-json\/wp\/v2\/product\/44452","targetHints":{"allow":["GET"]}}],"collection":[{"href":"https:\/\/www.modelcars24.de\/fr\/wp-json\/wp\/v2\/product"}],"about":[{"href":"https:\/\/www.modelcars24.de\/fr\/wp-json\/wp\/v2\/types\/product"}],"replies":[{"embeddable":true,"href":"https:\/\/www.modelcars24.de\/fr\/wp-json\/wp\/v2\/comments?post=44452"}],"version-history":[{"count":5,"href":"https:\/\/www.modelcars24.de\/fr\/wp-json\/wp\/v2\/product\/44452\/revisions"}],"predecessor-version":[{"id":58685,"href":"https:\/\/www.modelcars24.de\/fr\/wp-json\/wp\/v2\/product\/44452\/revisions\/58685"}],"wp:featuredmedia":[{"embeddable":true,"href":"https:\/\/www.modelcars24.de\/fr\/wp-json\/wp\/v2\/media\/53575"}],"wp:attachment":[{"href":"https:\/\/www.modelcars24.de\/fr\/wp-json\/wp\/v2\/media?parent=44452"}],"wp:term":[{"taxonomy":"product_brand","embeddable":true,"href":"https:\/\/www.modelcars24.de\/fr\/wp-json\/wp\/v2\/product_brand?post=44452"},{"taxonomy":"product_cat","embeddable":true,"href":"https:\/\/www.modelcars24.de\/fr\/wp-json\/wp\/v2\/product_cat?post=44452"},{"taxonomy":"product_tag","embeddable":true,"href":"https:\/\/www.modelcars24.de\/fr\/wp-json\/wp\/v2\/product_tag?post=44452"}],"curies":[{"name":"wp","href":"https:\/\/api.w.org\/{rel}","templated":true}]}}