{"id":44625,"date":"2023-03-13T00:00:00","date_gmt":"2023-03-12T23:00:00","guid":{"rendered":"https:\/\/www.modelcars24.de\/?post_type=product&#038;p=44625"},"modified":"2026-05-13T10:17:48","modified_gmt":"2026-05-13T08:17:48","slug":"cmc-mercedes-targa-florio-1924-rouge-23-alfred-neubauer-ernst-hemminger-3-vainqueurs","status":"publish","type":"product","link":"https:\/\/www.modelcars24.de\/fr\/cmc-mercedes-targa-florio-1924-rot-23-alfred-neubauer-ernst-hemminger-3-sieger\/","title":{"rendered":"CMC Mercedes Targa Florio, 1924, rouge #23 Alfred Neubauer \/ Ernst Hemminger 3.Sieger - 1\/18"},"content":{"rendered":"<h3>CMC Mercedes Targa Florio, 1924, rouge #23 Alfred Neubauer \/ Ernst Hemminger 3\u00e8me vainqueur<\/h3>\n<ul>\n<li>Mod\u00e8le de pr\u00e9cision en m\u00e9tal assembl\u00e9 \u00e0 la main \u00e0 partir de 1 009 pi\u00e8ces<\/li>\n<li>Carrosserie authentique et \u00e0 l'\u00e9chelle avec une peinture brillante<\/li>\n<li>Volant \u00e0 rayons m\u00e9talliques<\/li>\n<li>Couronne de volant recouverte de cuir, si\u00e8ges en cuir<\/li>\n<li>Tableau de bord joliment con\u00e7u avec tous les instruments ronds<\/li>\n<li>Pare-brise mobile pour le conducteur<\/li>\n<li>Leviers manuels mobiles pour le r\u00e9glage de l'allumage et du m\u00e9lange<\/li>\n<li>Pompe manuelle pour la mise sous pression du r\u00e9servoir d'essence et pompe \u00e0 graisse pour la lubrification des pompes \u00e0 eau<\/li>\n<li>Capot moteur \u00e0 deux battants en t\u00f4le de cuivre ouvrable avec paroi lat\u00e9rale rabattable suppl\u00e9mentaire<\/li>\n<li>Moteur extr\u00eamement d\u00e9taill\u00e9 avec pose des conduites, c\u00e2blage et tringlerie de r\u00e9gulation<\/li>\n<li>Cosses de bougies amovibles<\/li>\n<li>Coque inf\u00e9rieure du moteur en t\u00f4le de cuivre<\/li>\n<li>C\u00e2bles de frein en fil d'acier pour les roues avant et arri\u00e8re<\/li>\n<li>Manivelle de d\u00e9marrage rotative en m\u00e9tal<\/li>\n<li>Radiateur avec grille de protection contre les projections de pierres en treillis m\u00e9tallique \u00e0 mailles serr\u00e9es<\/li>\n<li>Amortisseurs avant \u00e0 friction avec fonction<\/li>\n<li>Levier de frein \u00e0 main mobile avec cliquet fonctionnel et poign\u00e9e recouverte de cuir<\/li>\n<li>Le num\u00e9ro de d\u00e9part 23 est appos\u00e9 sur la carrosserie peinte en rouge bordeaux par un proc\u00e9d\u00e9 de tampographie complexe.<\/li>\n<li>Ressorts \u00e0 lames m\u00e9talliques \u00e0 six couches avec fonction de suspension sur les essieux avant et arri\u00e8re<\/li>\n<li>Goulot de remplissage du r\u00e9servoir et bouchon de r\u00e9servoir amovible avec fermeture \u00e0 ba\u00efonnette en acier inoxydable<\/li>\n<li>Fermetures de capot fonctionnelles avec ressorts h\u00e9lico\u00efdaux<\/li>\n<\/ul>\n<p>Num\u00e9ro d'article : M-186<\/p>","protected":false},"excerpt":{"rendered":"<p>M-186 &#8211; 1-brandneu &#8211;\u00a0 390,00 \u20ac inkl. 19% vat<\/p>","protected":false},"featured_media":51742,"comment_status":"open","ping_status":"closed","template":"","meta":[],"product_brand":[537],"product_cat":[960,18,19,45,21],"product_tag":[791,792,793],"class_list":{"0":"post-44625","1":"product","2":"type-product","3":"status-publish","4":"has-post-thumbnail","6":"product_brand-cmc","7":"product_cat-aktion","8":"product_cat-cmc","9":"product_cat-mercedes-benz","10":"product_cat-neuzugang","11":"product_cat-verfuegbar","12":"product_tag-791","13":"product_tag-cmc-mercedes-targa-florio","14":"product_tag-rot-23-alfred-neubauer-ernst-hemminger-3-sieger","15":"pa_automarke-mercedes","16":"pa_decade-1920s","17":"pa_fahrzeugtyp-formel-1","18":"pa_massstab-1-18","19":"pa_modelmarke-cmc","20":"pa_modeltyp-alles-zum-oeffnen","21":"pa_modeltyp-fertigmodell","22":"pa_zustand_modell-1-brandneu","23":"pa_zustand_verpackung-1-brandneu","25":"first","26":"instock","27":"sale","28":"taxable","29":"shipping-taxable","30":"purchasable","31":"product-type-simple"},"jetpack_sharing_enabled":true,"_links":{"self":[{"href":"https:\/\/www.modelcars24.de\/fr\/wp-json\/wp\/v2\/product\/44625","targetHints":{"allow":["GET"]}}],"collection":[{"href":"https:\/\/www.modelcars24.de\/fr\/wp-json\/wp\/v2\/product"}],"about":[{"href":"https:\/\/www.modelcars24.de\/fr\/wp-json\/wp\/v2\/types\/product"}],"replies":[{"embeddable":true,"href":"https:\/\/www.modelcars24.de\/fr\/wp-json\/wp\/v2\/comments?post=44625"}],"version-history":[{"count":5,"href":"https:\/\/www.modelcars24.de\/fr\/wp-json\/wp\/v2\/product\/44625\/revisions"}],"predecessor-version":[{"id":58692,"href":"https:\/\/www.modelcars24.de\/fr\/wp-json\/wp\/v2\/product\/44625\/revisions\/58692"}],"wp:featuredmedia":[{"embeddable":true,"href":"https:\/\/www.modelcars24.de\/fr\/wp-json\/wp\/v2\/media\/51742"}],"wp:attachment":[{"href":"https:\/\/www.modelcars24.de\/fr\/wp-json\/wp\/v2\/media?parent=44625"}],"wp:term":[{"taxonomy":"product_brand","embeddable":true,"href":"https:\/\/www.modelcars24.de\/fr\/wp-json\/wp\/v2\/product_brand?post=44625"},{"taxonomy":"product_cat","embeddable":true,"href":"https:\/\/www.modelcars24.de\/fr\/wp-json\/wp\/v2\/product_cat?post=44625"},{"taxonomy":"product_tag","embeddable":true,"href":"https:\/\/www.modelcars24.de\/fr\/wp-json\/wp\/v2\/product_tag?post=44625"}],"curies":[{"name":"wp","href":"https:\/\/api.w.org\/{rel}","templated":true}]}}