{"id":44676,"date":"2025-02-20T00:00:00","date_gmt":"2025-02-19T23:00:00","guid":{"rendered":"https:\/\/www.modelcars24.de\/?post_type=product&#038;p=44676"},"modified":"2026-05-04T15:51:40","modified_gmt":"2026-05-04T13:51:40","slug":"cmc-mercedes-targa-florio-1924-rouge-32-christian-lautenschlager-wilhelm-traub-2-vainqueurs","status":"publish","type":"product","link":"https:\/\/www.modelcars24.de\/fr\/cmc-mercedes-targa-florio-1924-rot-32-christian-lautenschlager-wilhelm-traub-2-sieger\/","title":{"rendered":"CMC Mercedes Targa Florio, 1924, rouge #32 Christian Lautenschlager \/ Wilhelm Traub 2\u00e8me vainqueur - 1\/18"},"content":{"rendered":"<h3>CMC Mercedes Targa Florio, 1924, rouge #32 Christian Lautenschlager \/ Wilhelm Traub 2\u00e8me vainqueur<\/h3>\n<p>Mod\u00e8le de collection hautement d\u00e9taill\u00e9 en m\u00e9tal, pi\u00e8ces rapport\u00e9es chrom\u00e9es en grande partie en m\u00e9tal, assembl\u00e9es \u00e0 la main, mat\u00e9riaux conformes \u00e0 l'original, si\u00e8ges en cuir ou rembourr\u00e9s, version d\u00e9taill\u00e9e de l'original, nombreuses fonctions et d\u00e9tails.<br \/>\nNum\u00e9ro d'article : M-187<\/p>","protected":false},"excerpt":{"rendered":"<p>1-brandneu &#8211; 390,00 \u20ac inkl. 19% Vat.<\/p>","protected":false},"featured_media":53135,"comment_status":"open","ping_status":"closed","template":"","meta":[],"product_brand":[537],"product_cat":[506,18,19,21],"product_tag":[792,794,795],"class_list":{"0":"post-44676","1":"product","2":"type-product","3":"status-publish","4":"has-post-thumbnail","6":"product_brand-cmc","7":"product_cat-1-o","8":"product_cat-cmc","9":"product_cat-mercedes-benz","10":"product_cat-verfuegbar","11":"product_tag-cmc-mercedes-targa-florio","12":"product_tag-lautenschlager","13":"product_tag-traub","14":"pa_automarke-mercedes","15":"pa_decade-1920s","16":"pa_fahrzeugtyp-formel-1","17":"pa_massstab-1-18","18":"pa_modelmarke-cmc","19":"pa_modeltyp-alles-zum-oeffnen","20":"pa_modeltyp-fertigmodell","21":"pa_zustand_modell-1-brandneu","22":"pa_zustand_verpackung-1-brandneu","24":"first","25":"instock","26":"sale","27":"taxable","28":"shipping-taxable","29":"purchasable","30":"product-type-simple"},"jetpack_sharing_enabled":true,"_links":{"self":[{"href":"https:\/\/www.modelcars24.de\/fr\/wp-json\/wp\/v2\/product\/44676","targetHints":{"allow":["GET"]}}],"collection":[{"href":"https:\/\/www.modelcars24.de\/fr\/wp-json\/wp\/v2\/product"}],"about":[{"href":"https:\/\/www.modelcars24.de\/fr\/wp-json\/wp\/v2\/types\/product"}],"replies":[{"embeddable":true,"href":"https:\/\/www.modelcars24.de\/fr\/wp-json\/wp\/v2\/comments?post=44676"}],"version-history":[{"count":5,"href":"https:\/\/www.modelcars24.de\/fr\/wp-json\/wp\/v2\/product\/44676\/revisions"}],"predecessor-version":[{"id":58693,"href":"https:\/\/www.modelcars24.de\/fr\/wp-json\/wp\/v2\/product\/44676\/revisions\/58693"}],"wp:featuredmedia":[{"embeddable":true,"href":"https:\/\/www.modelcars24.de\/fr\/wp-json\/wp\/v2\/media\/53135"}],"wp:attachment":[{"href":"https:\/\/www.modelcars24.de\/fr\/wp-json\/wp\/v2\/media?parent=44676"}],"wp:term":[{"taxonomy":"product_brand","embeddable":true,"href":"https:\/\/www.modelcars24.de\/fr\/wp-json\/wp\/v2\/product_brand?post=44676"},{"taxonomy":"product_cat","embeddable":true,"href":"https:\/\/www.modelcars24.de\/fr\/wp-json\/wp\/v2\/product_cat?post=44676"},{"taxonomy":"product_tag","embeddable":true,"href":"https:\/\/www.modelcars24.de\/fr\/wp-json\/wp\/v2\/product_tag?post=44676"}],"curies":[{"name":"wp","href":"https:\/\/api.w.org\/{rel}","templated":true}]}}