{"id":44688,"date":"2024-01-28T00:00:00","date_gmt":"2024-01-27T23:00:00","guid":{"rendered":"https:\/\/www.modelcars24.de\/?post_type=product&#038;p=44688"},"modified":"2025-12-16T08:54:02","modified_gmt":"2025-12-16T07:54:02","slug":"cmc-mercedes-ssk-1930-limited-1000","status":"publish","type":"product","link":"https:\/\/www.modelcars24.de\/fr\/cmc-mercedes-ssk-1930-limited-1000\/","title":{"rendered":"CMC Mercedes SSK, 1930, limited 600 - 1\/18"},"content":{"rendered":"<h3>CMC Mercedes-Benz SSKL, GP d'Allemagne 1931, # 12 Merz Edition limit\u00e9e \u00e0 600 exemplaires<\/h3>\n<p>Un tel bolide, qui a fait ses preuves en course et qui, en raison de sa puissance indomptable et de sa taille imposante, est surnomm\u00e9 avec respect \u201el'\u00e9l\u00e9phant blanc\u201c, fit \u00e0 nouveau sensation en 1931 avec son g\u00e9nial pilote Rudolf Caracciola et ses co\u00e9quipiers Hans Stuck et Otto Merz.<\/p>\n<p>- Mod\u00e8le de pr\u00e9cision en m\u00e9tal assembl\u00e9 \u00e0 la main, compos\u00e9 de plus de 1700 pi\u00e8ces<br \/>\n- Carrosserie authentique et moul\u00e9e \u00e0 l'\u00e9chelle<br \/>\n- Reproduction originale du cadre en acier \u00e0 poids r\u00e9duit<br \/>\n- Grille de calandre et grille de protection contre les gravillons en m\u00e9tal de haute qualit\u00e9<br \/>\n- Capot moteur ouvrant \u00e0 deux battants, s\u00e9curis\u00e9 par des sangles en cuir<br \/>\n- Fermetures de capot avec crochets de verrouillage \u00e0 ressort<br \/>\n- Moteur six cylindres en ligne avec tous les organes auxiliaires et pose compl\u00e8te des conduites et du c\u00e2blage<br \/>\n- Tuyaux d'\u00e9chappement lat\u00e9raux en m\u00e9tal flexible<br \/>\n- Tube m\u00e9tallique d'\u00e9chappement guid\u00e9 lat\u00e9ralement en m\u00e9tal<br \/>\n- Roues \u00e0 rayons parfaites avec jantes en aluminium et rayons en fil d'acier inoxydable enfonc\u00e9s \u00e0 la main, peintes en noir satin\u00e9<br \/>\n- Verrouillage central de roue d\u00e9tachable<br \/>\n- roue de secours amovible, bloqu\u00e9e par un vissage \u00e0 tendeur<br \/>\n- Ressorts \u00e0 lames m\u00e9talliques fonctionnels sur les essieux avant et arri\u00e8re<br \/>\n- Goulotte de remplissage du r\u00e9servoir avec couvercle de r\u00e9servoir rabattable en acier inoxydable<br \/>\n- 2 leviers manuels mobiles pour le r\u00e9glage des gaz et de l'allumage<br \/>\n- Version r\u00e9aliste du cockpit avec si\u00e8ges recouverts de cuir et tableau de bord enti\u00e8rement instrument\u00e9<br \/>\n- Les deux si\u00e8ges sont recouverts de cuir v\u00e9ritable<br \/>\n- D\u00e9flecteur de vent c\u00f4t\u00e9 conducteur, pare-brise mobile c\u00f4t\u00e9 passager<br \/>\n- Tambours de frein au design original en cuivre avec ailettes de refroidissement<br \/>\n- Num\u00e9ros de d\u00e9part lat\u00e9raux appliqu\u00e9s sur tissu selon le mod\u00e8le original<br \/>\nNum\u00e9ro d'article : M-189<\/p>","protected":false},"excerpt":{"rendered":"<p>M-189 &#8211; 1-brandneu &#8211; anstatt 435,00 \u20ac jetzt 390,00 \u20ac inkl. Vat<\/p>","protected":false},"featured_media":42416,"comment_status":"open","ping_status":"closed","template":"","meta":{"_acf_changed":false},"product_brand":[537],"product_cat":[17,18,19,20,21],"product_tag":[],"class_list":{"0":"post-44688","1":"product","2":"type-product","3":"status-publish","4":"has-post-thumbnail","6":"product_brand-cmc","7":"product_cat-angebot","8":"product_cat-cmc","9":"product_cat-mercedes-benz","10":"product_cat-titel","11":"product_cat-verfuegbar","12":"pa_automarke-mercedes","13":"pa_decade-1930s","14":"pa_fahrzeugtyp-formel-1","15":"pa_massstab-1-18","16":"pa_modelmarke-cmc","17":"pa_modeltyp-alles-zum-oeffnen","18":"pa_modeltyp-fertigmodell","19":"pa_zustand_modell-1-brandneu","20":"pa_zustand_verpackung-1-brandneu","22":"first","23":"instock","24":"sale","25":"taxable","26":"shipping-taxable","27":"purchasable","28":"product-type-simple"},"acf":[],"jetpack_sharing_enabled":true,"_links":{"self":[{"href":"https:\/\/www.modelcars24.de\/fr\/wp-json\/wp\/v2\/product\/44688","targetHints":{"allow":["GET"]}}],"collection":[{"href":"https:\/\/www.modelcars24.de\/fr\/wp-json\/wp\/v2\/product"}],"about":[{"href":"https:\/\/www.modelcars24.de\/fr\/wp-json\/wp\/v2\/types\/product"}],"replies":[{"embeddable":true,"href":"https:\/\/www.modelcars24.de\/fr\/wp-json\/wp\/v2\/comments?post=44688"}],"version-history":[{"count":4,"href":"https:\/\/www.modelcars24.de\/fr\/wp-json\/wp\/v2\/product\/44688\/revisions"}],"predecessor-version":[{"id":58695,"href":"https:\/\/www.modelcars24.de\/fr\/wp-json\/wp\/v2\/product\/44688\/revisions\/58695"}],"wp:featuredmedia":[{"embeddable":true,"href":"https:\/\/www.modelcars24.de\/fr\/wp-json\/wp\/v2\/media\/42416"}],"wp:attachment":[{"href":"https:\/\/www.modelcars24.de\/fr\/wp-json\/wp\/v2\/media?parent=44688"}],"wp:term":[{"taxonomy":"product_brand","embeddable":true,"href":"https:\/\/www.modelcars24.de\/fr\/wp-json\/wp\/v2\/product_brand?post=44688"},{"taxonomy":"product_cat","embeddable":true,"href":"https:\/\/www.modelcars24.de\/fr\/wp-json\/wp\/v2\/product_cat?post=44688"},{"taxonomy":"product_tag","embeddable":true,"href":"https:\/\/www.modelcars24.de\/fr\/wp-json\/wp\/v2\/product_tag?post=44688"}],"curies":[{"name":"wp","href":"https:\/\/api.w.org\/{rel}","templated":true}]}}