{"id":44742,"date":"2024-04-24T12:30:00","date_gmt":"2024-04-24T10:30:00","guid":{"rendered":"https:\/\/www.modelcars24.de\/?post_type=product&#038;p=44742"},"modified":"2026-04-04T10:17:36","modified_gmt":"2026-04-04T08:17:36","slug":"cmc-jaguar-c-type-1954-carrera-panamericana-fancisco-ibarra-fernando-pinal-13","status":"publish","type":"product","link":"https:\/\/www.modelcars24.de\/fr\/cmc-jaguar-c-type-1954-carrera-panamericana-fancisco-ibarra-fernando-pinal-13\/","title":{"rendered":"CMC Jaguar C Type, 1954, Carrera Panamericana, Fancisco Ibarra \/ Fernando Pinal #13 - 1\/18"},"content":{"rendered":"<h3>CMC Jaguar C Type, 1954, Carrera Panamericana, Fancisco Ibarra \/ Fernando Pinal #13<\/h3>\n<p>De la fin de l'ann\u00e9e 1952 \u00e0 1955, la Type C s'est retrouv\u00e9e sur de nombreux circuits de course c\u00e9l\u00e8bres et a \u00e9t\u00e9 conduite avec succ\u00e8s par les pilotes vedettes des ann\u00e9es 50. Les pilotes se d\u00e9lectaient du succ\u00e8s de la voiture et la marque Jaguar se d\u00e9lectait du succ\u00e8s des pilotes victorieux. Quel que soit le d\u00e9fi de la comp\u00e9tition, il y avait toujours une \u00e9quipe dans une Type C pour le relever. Ce fut le cas lors de la Carrera Panamericana, l'\u00e9preuve de sport automobile la plus difficile des ann\u00e9es cinquante. Les pilotes Ibarra et Pinal y ont particip\u00e9 en 1953 et 54, mais n'ont pas termin\u00e9 la course. CMC a n\u00e9anmoins d\u00e9cid\u00e9 de d\u00e9velopper cette variante int\u00e9ressante du point de vue du sport automobile et aussi des couleurs. Il en r\u00e9sulte une miniature au rayonnement impressionnant et \u00e0 la dynamique sportive.<\/p>\n<ul>\n<li>Mod\u00e8le de pr\u00e9cision en m\u00e9tal assembl\u00e9 \u00e0 la main \u00e0 partir de plus de 1 150 pi\u00e8ces<\/li>\n<li>Capot moteur rabattable et verrouillable<\/li>\n<li>Reproduction fid\u00e8le du moteur six cylindres en ligne avec tous les \u00e9l\u00e9ments rapport\u00e9s et pose\/c\u00e2blage complet des conduites<\/li>\n<li>Pots d'\u00e9chappement en m\u00e9tal<\/li>\n<li>Essieu avant \u00e0 bras triangulaires avec amortisseurs m\u00e9talliques \u00e0 pression d'huile<\/li>\n<li>Suspension \u00e0 barres de torsion en position longitudinale<\/li>\n<li>Essieu arri\u00e8re rigide avec bras longitudinaux et amortisseurs \u00e0 pression d'huile en m\u00e9tal<\/li>\n<li>suspension \u00e0 barres de torsion en disposition transversale<\/li>\n<li>Grille de calandre en acier inoxydable peinte \u00e0 la main<\/li>\n<li>Reproduction d\u00e9taill\u00e9e du syst\u00e8me de refroidissement<\/li>\n<li>Pose d\u00e9taill\u00e9e des conduites d'huile et de carburant<\/li>\n<li>Bouchon de r\u00e9servoir mobile<\/li>\n<li>Porte du conducteur avec charni\u00e8res d'ouverture reproduites de mani\u00e8re authentique<\/li>\n<li>Cockpit avec si\u00e8ges conducteur et passager recouverts de cuir<\/li>\n<li>Roues \u00e0 rayons parfaitement con\u00e7ues avec des rayons en fil d'acier inoxydable ins\u00e9r\u00e9s et nervur\u00e9s \u00e0 la main<\/li>\n<li>Verrouillage central de roue vissable avec filetage authentique droite\/gauche<\/li>\n<li>Peinture brillante dans la teinte d'origine<\/li>\n<li>Positionnement du dossard 20 par tampographie<\/li>\n<\/ul>\n<p>Num\u00e9ro d'article : M-196<\/p>\n<p>2nouvelle<\/p>","protected":false},"excerpt":{"rendered":"<p>M-196 \u2013 2-neuwertig \u2013 795,00\u20ac<\/p>","protected":false},"featured_media":50091,"comment_status":"open","ping_status":"closed","template":"","meta":[],"product_brand":[537],"product_cat":[18,139,45,21],"product_tag":[633,803,671,804],"class_list":{"0":"post-44742","1":"product","2":"type-product","3":"status-publish","4":"has-post-thumbnail","6":"product_brand-cmc","7":"product_cat-cmc","8":"product_cat-jaguar","9":"product_cat-neuzugang","10":"product_cat-verfuegbar","11":"product_tag-633","12":"product_tag-carrera-panamericana","13":"product_tag-cmc-jaguar-c-type","14":"product_tag-fancisco-ibarra-fernando-pinal-13","15":"pa_automarke-jaguar","16":"pa_decade-1950s","17":"pa_fahrzeugtyp-gt-rennen","18":"pa_massstab-1-18","19":"pa_modelmarke-cmc","20":"pa_modeltyp-alles-zum-oeffnen","21":"pa_modeltyp-fertigmodell","22":"pa_zustand_modell-2-neuwertig","23":"pa_zustand_verpackung-2-neuwertig","25":"first","26":"outofstock","27":"purchasable","28":"product-type-simple"},"jetpack_sharing_enabled":true,"_links":{"self":[{"href":"https:\/\/www.modelcars24.de\/fr\/wp-json\/wp\/v2\/product\/44742","targetHints":{"allow":["GET"]}}],"collection":[{"href":"https:\/\/www.modelcars24.de\/fr\/wp-json\/wp\/v2\/product"}],"about":[{"href":"https:\/\/www.modelcars24.de\/fr\/wp-json\/wp\/v2\/types\/product"}],"replies":[{"embeddable":true,"href":"https:\/\/www.modelcars24.de\/fr\/wp-json\/wp\/v2\/comments?post=44742"}],"version-history":[{"count":7,"href":"https:\/\/www.modelcars24.de\/fr\/wp-json\/wp\/v2\/product\/44742\/revisions"}],"predecessor-version":[{"id":58698,"href":"https:\/\/www.modelcars24.de\/fr\/wp-json\/wp\/v2\/product\/44742\/revisions\/58698"}],"wp:featuredmedia":[{"embeddable":true,"href":"https:\/\/www.modelcars24.de\/fr\/wp-json\/wp\/v2\/media\/50091"}],"wp:attachment":[{"href":"https:\/\/www.modelcars24.de\/fr\/wp-json\/wp\/v2\/media?parent=44742"}],"wp:term":[{"taxonomy":"product_brand","embeddable":true,"href":"https:\/\/www.modelcars24.de\/fr\/wp-json\/wp\/v2\/product_brand?post=44742"},{"taxonomy":"product_cat","embeddable":true,"href":"https:\/\/www.modelcars24.de\/fr\/wp-json\/wp\/v2\/product_cat?post=44742"},{"taxonomy":"product_tag","embeddable":true,"href":"https:\/\/www.modelcars24.de\/fr\/wp-json\/wp\/v2\/product_tag?post=44742"}],"curies":[{"name":"wp","href":"https:\/\/api.w.org\/{rel}","templated":true}]}}