{"id":44780,"date":"2025-04-25T00:00:00","date_gmt":"2025-04-24T22:00:00","guid":{"rendered":"https:\/\/www.modelcars24.de\/?post_type=product&#038;p=44780"},"modified":"2026-03-24T15:06:42","modified_gmt":"2026-03-24T14:06:42","slug":"cmc-mercedes-benz-600-pullman-landaulet-capote-fonctionnelle","status":"publish","type":"product","link":"https:\/\/www.modelcars24.de\/fr\/cmc-mercedes-benz-600-pullman-landaulet-funktionierendes-verdeck\/","title":{"rendered":"CMC Mercedes-Benz 600 Pullman Landaulet, capote fonctionnelle - 1\/18"},"content":{"rendered":"<h3>CMC Mercedes-Benz 600 Pullman Landaulet avec capote fonctionnelle.<\/h3>\n<p>La Mercedes-Benz 600, \u00e9galement appel\u00e9e W100 en interne, \u00e9tait dans les ann\u00e9es 1960 et 1970 le v\u00e9hicule d'\u00c9tat et de repr\u00e9sentation de la maison Daimler-Benz. Ce v\u00e9hicule styl\u00e9 de la classe sup\u00e9rieure absolue \u00e9tait utilis\u00e9 dans le monde entier et incarnait la plus grande perfection, la technologie haut de gamme, le confort, l'exclusivit\u00e9 et l'unicit\u00e9. La variante Pullman \u00e9tait et reste aujourd'hui encore la plus grande voiture de tourisme de l'apr\u00e8s-guerre.<\/p>\n<p>La Mercedes-Benz 600, d\u00e9signation interne de la s\u00e9rie W 100, a retenu le souffle des sp\u00e9cialistes lors de sa pr\u00e9sentation au Salon international de l'automobile (IAA) de Francfort-sur-le-Main en 1963. L'objectif de d\u00e9veloppement n'\u00e9tait rien d'autre que de concevoir une voiture qui allait bien au-del\u00e0 de ce qui \u00e9tait techniquement possible jusqu'alors. La devise de Mercedes-Benz \u00e9tait alors, peut-\u00eatre encore plus qu'aujourd'hui, \"le meilleur ou rien\". La voiture n'\u00e9tait pas seulement absolument unique d'un point de vue technique, elle \u00e9tait aussi, malgr\u00e9 sa taille et son poids, la berline de s\u00e9rie la plus rapide au monde \u00e0 l'\u00e9poque.<\/p>\n<p>Dans les documents de vente, la voiture \u00e9tait appel\u00e9e \u201eLa grande Mercedes\u201c, en r\u00e9f\u00e9rence \u00e0 la Mercedes-Benz type 770, qui \u00e9tait le nec plus ultra des voitures de repr\u00e9sentation dans les ann\u00e9es 1930. Suivant ce mod\u00e8le, la Mercedes-Benz 600 devint elle aussi un v\u00e9hicule d'\u00c9tat et de repr\u00e9sentation de la maison Daimler-Benz, tr\u00e8s demand\u00e9 dans le monde entier.<\/p>\n<p>La Mercedes-Benz 600 a \u00e9t\u00e9 construite en deux versions de base : une berline de 4 \u00e0 5 places avec un empattement court (3200 mm) et une version Pullman de 6 \u00e0 7 places avec un empattement long (3900 mm) et une cloison de s\u00e9paration centrale. Le Pullman \u00e9tait disponible soit en version quatre portes avec banquette arri\u00e8re, accoudoir central et deux si\u00e8ges individuels oppos\u00e9s, soit en version six portes avec banquette arri\u00e8re, accoudoir central et deux si\u00e8ges escamotables plac\u00e9s dans le sens de la marche derri\u00e8re les si\u00e8ges avant. Cette version s'adressait aux clients qui voyageaient avec du personnel ou des gardes du corps. Mais les clients priv\u00e9s optaient aussi souvent pour le Pullman \u00e0 six portes et renon\u00e7aient \u00e0 la cloison de s\u00e9paration et aux si\u00e8ges rabattables. Sur la base de la version Pullman, des mod\u00e8les Landaulet avec capote pliante au-dessus des passagers arri\u00e8re ont \u00e9t\u00e9 produits \u00e0 partir de 1965. Deux versions \u00e9taient propos\u00e9es : l'une avec une capote arri\u00e8re longue et l'autre avec une capote arri\u00e8re courte.<\/p>\n<p>Jusqu'\u00e0 la fin de la production en 1981, la s\u00e9rie est rest\u00e9e pratiquement inchang\u00e9e. Les v\u00e9hicules \u00e9taient \u00e9quip\u00e9s d'un moteur V8 \u00e0 injection de 6,3 litres de cylindr\u00e9e et d'une puissance de 184 kW (250 ch), d\u00e9velopp\u00e9 en interne. La berline de 2,6 tonnes pouvait ainsi atteindre des vitesses de pointe de 205 km\/h. La \u201egrande Mercedes\u201c \u00e9tait donc \u00e0 l'\u00e9poque la berline de s\u00e9rie la plus rapide du monde. Les amortisseurs r\u00e9glables depuis la colonne de direction pendant la conduite ainsi que le syst\u00e8me de freinage \u00e0 double circuit avec assistance pneumatique assuraient une s\u00e9curit\u00e9 de conduite maximale. Les quatre roues \u00e9taient \u00e9quip\u00e9es de freins \u00e0 disque, les roues avant \u00e9tant \u00e9quip\u00e9es de deux \u00e9triers chacune.<\/p>\n<p>L'\u00e9quipement de base tr\u00e8s complet garantissait un confort d'utilisation et de conduite maximal : outre la suspension pneumatique, la direction assist\u00e9e et le verrouillage centralis\u00e9, il comprenait \u00e9galement un syst\u00e8me de chauffage et de ventilation \u00e0 r\u00e9gulation \u00e9lectronique ainsi qu'un syst\u00e8me de climatisation automatique. Un syst\u00e8me hydraulique de confort, unique \u00e0 l'\u00e9poque, permettait de g\u00e9rer automatiquement les fonctions suivantes : le r\u00e9glage horizontal et vertical des si\u00e8ges avant et l'inclinaison du dossier, le r\u00e9glage longitudinal de la banquette arri\u00e8re, l'ouverture et la fermeture des portes de la voiture, du hayon du coffre et du toit ouvrant disponible en option, ainsi que l'ouverture et la fermeture des vitres lat\u00e9rales.<\/p>\n<p>En ce qui concerne la peinture, l'\u00e9quipement int\u00e9rieur et les installations sp\u00e9ciales, les souhaits individuels les plus divers des clients pouvaient \u00eatre r\u00e9alis\u00e9s, de sorte qu'il est difficile de trouver deux exemplaires avec le m\u00eame \u00e9quipement, en particulier pour les limousines et les landaulets Pullman. Par exemple, un bar \u00e0 l'arri\u00e8re avec un compartiment r\u00e9frig\u00e9r\u00e9, des appareils de divertissement ou des t\u00e9l\u00e9phones de voiture \u00e9taient disponibles sur demande. Outre son utilisation comme v\u00e9hicule de repr\u00e9sentation pour les gouvernements du monde entier, une Mercedes-Benz 600 a \u00e9t\u00e9 la propri\u00e9t\u00e9 de nombreuses personnalit\u00e9s c\u00e9l\u00e8bres comme Elizabeth Taylor, Elvis Presley, John Lennon, Herbert von Karajan, Aristote Onassis, Leonid Brejnev, l'empereur Hirohito ou encore le pape Paul VI de l'\u00e9poque.<\/p>\n<p>R\u00e9trospectivement, Daimler-Benz a r\u00e9ussi, avec cette berline de luxe, \u00e0 cr\u00e9er un produit qui a fait sensation dans le monde entier et qui est devenu une automobile unique en son genre \u00e0 son \u00e9poque. Dot\u00e9e d'une capote Landaulet, la Mercedes-Benz 600 Pullman a \u00e9t\u00e9 achet\u00e9e principalement pour servir de voiture d'\u00c9tat.<\/p>\n<p>CMC souhaite relever ce d\u00e9fi et s'est donn\u00e9 pour mission de reproduire en 2020, en tant que nouveaut\u00e9, la Mercedes-Benz Pullman six portes en version Landaulet, un mod\u00e8le authentique enti\u00e8rement en m\u00e9tal avec des d\u00e9tails d'\u00e9quipement in\u00e9gal\u00e9s. Il s'agit d'une miniature de tous les superlatifs. Sous r\u00e9serve d'autres variantes.<br \/>Num\u00e9ro d'article : M-205<\/p>","protected":false},"excerpt":{"rendered":"<p>M-205 &#8211; 1-brandneu &#8211;\u00a0 anstatt 997,00 \u20ac jetzt 795,00 \u20ac inkl. 19% Vat<\/p>","protected":false},"featured_media":44782,"comment_status":"open","ping_status":"closed","template":"","meta":[],"product_brand":[537],"product_cat":[960,18,19,20,21],"product_tag":[125,805],"class_list":{"0":"post-44780","1":"product","2":"type-product","3":"status-publish","4":"has-post-thumbnail","6":"product_brand-cmc","7":"product_cat-aktion","8":"product_cat-cmc","9":"product_cat-mercedes-benz","10":"product_cat-titel","11":"product_cat-verfuegbar","12":"product_tag-cmc-mercedes-benz-600-pullman","13":"product_tag-landaulet","14":"pa_automarke-mercedes","15":"pa_decade-1960s","16":"pa_fahrzeugtyp-limousine","17":"pa_massstab-1-18","18":"pa_modelmarke-cmc","19":"pa_modeltyp-alles-zum-oeffnen","20":"pa_modeltyp-fertigmodell","21":"pa_zustand_modell-1-brandneu","22":"pa_zustand_verpackung-1-brandneu","24":"first","25":"instock","26":"sale","27":"taxable","28":"shipping-taxable","29":"purchasable","30":"product-type-simple"},"jetpack_sharing_enabled":true,"_links":{"self":[{"href":"https:\/\/www.modelcars24.de\/fr\/wp-json\/wp\/v2\/product\/44780","targetHints":{"allow":["GET"]}}],"collection":[{"href":"https:\/\/www.modelcars24.de\/fr\/wp-json\/wp\/v2\/product"}],"about":[{"href":"https:\/\/www.modelcars24.de\/fr\/wp-json\/wp\/v2\/types\/product"}],"replies":[{"embeddable":true,"href":"https:\/\/www.modelcars24.de\/fr\/wp-json\/wp\/v2\/comments?post=44780"}],"version-history":[{"count":0,"href":"https:\/\/www.modelcars24.de\/fr\/wp-json\/wp\/v2\/product\/44780\/revisions"}],"wp:featuredmedia":[{"embeddable":true,"href":"https:\/\/www.modelcars24.de\/fr\/wp-json\/wp\/v2\/media\/44782"}],"wp:attachment":[{"href":"https:\/\/www.modelcars24.de\/fr\/wp-json\/wp\/v2\/media?parent=44780"}],"wp:term":[{"taxonomy":"product_brand","embeddable":true,"href":"https:\/\/www.modelcars24.de\/fr\/wp-json\/wp\/v2\/product_brand?post=44780"},{"taxonomy":"product_cat","embeddable":true,"href":"https:\/\/www.modelcars24.de\/fr\/wp-json\/wp\/v2\/product_cat?post=44780"},{"taxonomy":"product_tag","embeddable":true,"href":"https:\/\/www.modelcars24.de\/fr\/wp-json\/wp\/v2\/product_tag?post=44780"}],"curies":[{"name":"wp","href":"https:\/\/api.w.org\/{rel}","templated":true}]}}