{"id":44825,"date":"2024-01-28T00:00:00","date_gmt":"2024-01-27T23:00:00","guid":{"rendered":"https:\/\/www.modelcars24.de\/?post_type=product&#038;p=44825"},"modified":"2025-12-10T13:37:19","modified_gmt":"2025-12-10T12:37:19","slug":"cmc-mercedes-benz-ssk-1930-rouge","status":"publish","type":"product","link":"https:\/\/www.modelcars24.de\/fr\/cmc-mercedes-benz-ssk-1930-rot\/","title":{"rendered":"CMC Mercedes-Benz SSK, Prix d'automne Argentine 1931, Carlos Zatuszek # 14 - 1\/18"},"content":{"rendered":"<h3>CMC Mercedes-Benz SSK, Prix d'Automne d'Argentine 1931, Carlos Zatuszek # 14<\/h3>\n<p>C'est avec le num\u00e9ro 14 que Carlos Zatuszek a pris le d\u00e9part du Prix d'automne d'Argentine en 1931 et a remport\u00e9 la course de 400 kilom\u00e8tres en battant le record du parcours. Apr\u00e8s que Berndt et Zatuszek eurent vendu leur voiture victorieuse en 1935, elle fut utilis\u00e9e en Argentine par d'autres pilotes de course jusque dans les ann\u00e9es 1950. On a ensuite perdu sa trace jusqu'\u00e0 ce qu'elle soit red\u00e9couverte en Argentine. Les composants du v\u00e9hicule ont \u00e9t\u00e9 transport\u00e9s en Allemagne, o\u00f9 la voiture a \u00e9t\u00e9 reconstruite et devrait retrouver sa peinture rouge d'origine. CMC a eu l'occasion de mesurer num\u00e9riquement la SSK pendant sa restauration et peut consacrer une miniature absolument authentique \u00e0 ce mod\u00e8le unique.<\/p>\n<ul>\n<li>Mod\u00e8le de pr\u00e9cision en m\u00e9tal assembl\u00e9 \u00e0 la main, compos\u00e9 de plus de 1700 pi\u00e8ces<\/li>\n<li>Carrosserie authentique et moul\u00e9e \u00e0 l'\u00e9chelle<\/li>\n<li>Reproduction originale du cadre en acier<\/li>\n<li>Grille de calandre et grille de protection contre les gravillons en m\u00e9tal de haute qualit\u00e9<\/li>\n<li>Capot moteur ouvrant \u00e0 deux battants, s\u00e9curis\u00e9 par des sangles en cuir<\/li>\n<li>Fermetures de capot avec crochets de verrouillage \u00e0 ressort<\/li>\n<li>Reproduction du moteur six cylindres en ligne avec tous les accessoires et la pose et le c\u00e2blage complets des conduites<\/li>\n<li>Tuyaux d'\u00e9chappement lat\u00e9raux en m\u00e9tal flexible<\/li>\n<li>Tube m\u00e9tallique d'\u00e9chappement guid\u00e9 lat\u00e9ralement en m\u00e9tal<\/li>\n<li>Des roues \u00e0 rayons parfaites avec des jantes en aluminium et des rayons en fil d'acier inoxydable enfonc\u00e9s \u00e0 la main<\/li>\n<li>Verrouillage central de roue d\u00e9tachable<\/li>\n<li>Deux roues de rechange amovibles, s\u00e9curis\u00e9es par un vissage \u00e0 tendeur<\/li>\n<li>Ressorts \u00e0 lames m\u00e9talliques fonctionnels sur les essieux avant et arri\u00e8re<\/li>\n<li>Goulotte de remplissage du r\u00e9servoir avec couvercle de r\u00e9servoir rabattable en acier inoxydable<\/li>\n<li>2 leviers manuels mobiles pour le r\u00e9glage des gaz et de l'allumage<\/li>\n<li>Version r\u00e9aliste du cockpit avec si\u00e8ges recouverts de cuir et tableau de bord enti\u00e8rement instrument\u00e9<\/li>\n<li>Les deux si\u00e8ges sont recouverts de cuir v\u00e9ritable<\/li>\n<li>pare-brise mobile pour les c\u00f4t\u00e9s conducteur et passager<\/li>\n<li>Tambours de frein au design original en cuivre avec ailettes de refroidissement<\/li>\n<\/ul>\n<h4>HISTORIQUE Mercedes-Benz SSK (V\u00c9HICULE ORIGINAL)<\/h4>\n<p>Une histoire particuli\u00e8re est li\u00e9e \u00e0 ce mod\u00e8le CMC. Le mod\u00e8le peint en rouge, une SSK de 1929, a \u00e9t\u00e9 utilis\u00e9 victorieusement par le pilote priv\u00e9 Carlos Zatuszek lors de courses d'endurance en Argentine. Le pilote de course, encore c\u00e9l\u00e8bre aujourd'hui en Am\u00e9rique du Sud, est n\u00e9 en 1897 sous le nom de Karol Zatuszek dans l'actuelle Ukraine. En 1921, ce m\u00e9canicien de formation a \u00e9migr\u00e9 en Argentine et est devenu citoyen argentin en 1931. Il a particip\u00e9 \u00e0 ses premi\u00e8res courses automobiles en 1927. Deux ans plus tard, son beau-fr\u00e8re Julio Berndt a achet\u00e9 la Mercedes-Benz SSK, avec laquelle Zatuszek est all\u00e9 de victoire en victoire au cours des ann\u00e9es suivantes. Avec le num\u00e9ro 14, il prit le d\u00e9part du Prix d'automne d'Argentine en 1931 et remporta la course de 400 kilom\u00e8tres en battant le record du parcours.<br \/>Num\u00e9ro d'article : M-207<\/p>","protected":false},"excerpt":{"rendered":"<p>M-207 &#8211; 1-brandneu &#8211; anstatt 482,00 \u20ac jetzt 415,00 \u20ac inkl. 19% Vat<\/p>","protected":false},"featured_media":44828,"comment_status":"open","ping_status":"closed","template":"","meta":{"_acf_changed":false},"product_brand":[537],"product_cat":[17,18,19,20,21],"product_tag":[806,807,382],"class_list":{"0":"post-44825","1":"product","2":"type-product","3":"status-publish","4":"has-post-thumbnail","6":"product_brand-cmc","7":"product_cat-angebot","8":"product_cat-cmc","9":"product_cat-mercedes-benz","10":"product_cat-titel","11":"product_cat-verfuegbar","12":"product_tag-carlos-zatuszek","13":"product_tag-herbstpreis-von-argentinien","14":"product_tag-mercedes-benz-ssk","15":"pa_automarke-mercedes","16":"pa_decade-1930s","17":"pa_fahrzeugtyp-formel-1","18":"pa_massstab-1-18","19":"pa_modelmarke-cmc","20":"pa_modeltyp-alles-zum-oeffnen","21":"pa_modeltyp-fertigmodell","22":"pa_zustand_modell-1-brandneu","23":"pa_zustand_verpackung-1-brandneu","25":"first","26":"outofstock","27":"sale","28":"taxable","29":"shipping-taxable","30":"purchasable","31":"product-type-simple"},"acf":[],"jetpack_sharing_enabled":true,"_links":{"self":[{"href":"https:\/\/www.modelcars24.de\/fr\/wp-json\/wp\/v2\/product\/44825","targetHints":{"allow":["GET"]}}],"collection":[{"href":"https:\/\/www.modelcars24.de\/fr\/wp-json\/wp\/v2\/product"}],"about":[{"href":"https:\/\/www.modelcars24.de\/fr\/wp-json\/wp\/v2\/types\/product"}],"replies":[{"embeddable":true,"href":"https:\/\/www.modelcars24.de\/fr\/wp-json\/wp\/v2\/comments?post=44825"}],"version-history":[{"count":3,"href":"https:\/\/www.modelcars24.de\/fr\/wp-json\/wp\/v2\/product\/44825\/revisions"}],"predecessor-version":[{"id":58702,"href":"https:\/\/www.modelcars24.de\/fr\/wp-json\/wp\/v2\/product\/44825\/revisions\/58702"}],"wp:featuredmedia":[{"embeddable":true,"href":"https:\/\/www.modelcars24.de\/fr\/wp-json\/wp\/v2\/media\/44828"}],"wp:attachment":[{"href":"https:\/\/www.modelcars24.de\/fr\/wp-json\/wp\/v2\/media?parent=44825"}],"wp:term":[{"taxonomy":"product_brand","embeddable":true,"href":"https:\/\/www.modelcars24.de\/fr\/wp-json\/wp\/v2\/product_brand?post=44825"},{"taxonomy":"product_cat","embeddable":true,"href":"https:\/\/www.modelcars24.de\/fr\/wp-json\/wp\/v2\/product_cat?post=44825"},{"taxonomy":"product_tag","embeddable":true,"href":"https:\/\/www.modelcars24.de\/fr\/wp-json\/wp\/v2\/product_tag?post=44825"}],"curies":[{"name":"wp","href":"https:\/\/api.w.org\/{rel}","templated":true}]}}