{"id":44897,"date":"2024-01-28T00:00:00","date_gmt":"2024-01-27T23:00:00","guid":{"rendered":"https:\/\/www.modelcars24.de\/?post_type=product&#038;p=44897"},"modified":"2026-02-03T16:39:31","modified_gmt":"2026-02-03T15:39:31","slug":"cmc-ferrari-275-gtb-c-41-chassis-no-9063-daytoina-limited-1000","status":"publish","type":"product","link":"https:\/\/www.modelcars24.de\/fr\/cmc-ferrari-275-gtb-c-41-chassis-no-9063-daytoina-limited-1000\/","title":{"rendered":"CMC Ferrari 275 GTB\/C #41, Chassis No. 9063 Daytona, limited 1000 - 1\/18"},"content":{"rendered":"<h3>CMC Ferrari 275 GTB\/C #41, Ch\u00e2ssis No. 9063 Daytona, limited 1000<\/h3>\n<p>En 1966, Ferrari a lanc\u00e9 une nouvelle version de comp\u00e9tition de la 275 GTB et a d\u00e9sign\u00e9 cette s\u00e9rie sous le nom de 275 GTB\/C. Au total, douze voitures 275 GTB\/C ont \u00e9t\u00e9 construites par le d\u00e9partement course de Ferrari \u00e0 Maranello. Huit d'entre elles, dont le num\u00e9ro de ch\u00e2ssis 09057, ont \u00e9t\u00e9 livr\u00e9es en version conduite \u00e0 gauche.<\/p>\n<h4>Historique original Ferrari 275 GTB\/C #41<\/h4>\n<p>La 275 GTB\/C portant le num\u00e9ro de ch\u00e2ssis 9057 a \u00e9t\u00e9 command\u00e9e par l'interm\u00e9diaire de Luigi Chinetti, repr\u00e9sentant de Ferrari pour l'\u00e9quipe North American Racing Team (NART), et livr\u00e9e \u00e0 son premier propri\u00e9taire, Bob Hutchins, le 18 septembre 1966. Ce dernier ne garda la voiture que peu de temps avant de la revendre \u00e0 Harley Cluxton par l'interm\u00e9diaire de son concessionnaire Chinetti. La voiture est rest\u00e9e aux \u00c9tats-Unis pendant les d\u00e9cennies suivantes et a souvent \u00e9t\u00e9 vue lors d'\u00e9v\u00e9nements historiques dans les ann\u00e9es 1990.<\/p>\n<p>En 2010, le ch\u00e2ssis 9057 a \u00e9t\u00e9 expos\u00e9 au salon de voitures anciennes R\u00e9tromobile \u00e0 Paris et a \u00e9t\u00e9 acquis par Vincent Gaye, un pilote belge issu de la course historique. Il a parfaitement retravaill\u00e9 la voiture pour qu'elle soit aujourd'hui l'une des plus rapides de son type. Avec son \u00e9l\u00e9gante peinture bleu clair m\u00e9tallis\u00e9e et son num\u00e9ro de course 55, le ch\u00e2ssis 9057 a particip\u00e9 \u00e0 la deuxi\u00e8me Spa Classic en 2012 et \u00e0 la troisi\u00e8me Spa Classic un an plus tard. Il s'y est class\u00e9 premier dans la course 1 du Trofeo Nastro Rosso et dans la course 2 r\u00e9serv\u00e9e aux voitures de sport et GT italiennes construites avant 1966.<br \/>\nNum\u00e9ro d'article : M-212<\/p>","protected":false},"excerpt":{"rendered":"<p>M-212 &#8211; 1-brandneu &#8211; anstatt 623,00 \u20ac jetzt 585,00 \u20ac inkl. 19% Vat<\/p>","protected":false},"featured_media":49442,"comment_status":"open","ping_status":"closed","template":"","meta":{"_acf_changed":false},"product_brand":[537],"product_cat":[17,18,63,20,21],"product_tag":[809,731],"class_list":{"0":"post-44897","1":"product","2":"type-product","3":"status-publish","4":"has-post-thumbnail","6":"product_brand-cmc","7":"product_cat-angebot","8":"product_cat-cmc","9":"product_cat-ferrari","10":"product_cat-titel","11":"product_cat-verfuegbar","12":"product_tag-cmc-ferrari-275-gtb-daytona-m-212","13":"product_tag-ferrari-275-gtb-c","14":"pa_automarke-ferrari","15":"pa_decade-1960s","16":"pa_fahrzeugtyp-gt-rennen","17":"pa_massstab-1-18","18":"pa_modelmarke-cmc","19":"pa_modeltyp-alles-zum-oeffnen","20":"pa_modeltyp-fertigmodell","21":"pa_zustand_modell-1-brandneu","22":"pa_zustand_verpackung-1-brandneu","24":"first","25":"instock","26":"sale","27":"taxable","28":"shipping-taxable","29":"purchasable","30":"product-type-simple"},"acf":[],"jetpack_sharing_enabled":true,"_links":{"self":[{"href":"https:\/\/www.modelcars24.de\/fr\/wp-json\/wp\/v2\/product\/44897","targetHints":{"allow":["GET"]}}],"collection":[{"href":"https:\/\/www.modelcars24.de\/fr\/wp-json\/wp\/v2\/product"}],"about":[{"href":"https:\/\/www.modelcars24.de\/fr\/wp-json\/wp\/v2\/types\/product"}],"replies":[{"embeddable":true,"href":"https:\/\/www.modelcars24.de\/fr\/wp-json\/wp\/v2\/comments?post=44897"}],"version-history":[{"count":5,"href":"https:\/\/www.modelcars24.de\/fr\/wp-json\/wp\/v2\/product\/44897\/revisions"}],"predecessor-version":[{"id":58705,"href":"https:\/\/www.modelcars24.de\/fr\/wp-json\/wp\/v2\/product\/44897\/revisions\/58705"}],"wp:featuredmedia":[{"embeddable":true,"href":"https:\/\/www.modelcars24.de\/fr\/wp-json\/wp\/v2\/media\/49442"}],"wp:attachment":[{"href":"https:\/\/www.modelcars24.de\/fr\/wp-json\/wp\/v2\/media?parent=44897"}],"wp:term":[{"taxonomy":"product_brand","embeddable":true,"href":"https:\/\/www.modelcars24.de\/fr\/wp-json\/wp\/v2\/product_brand?post=44897"},{"taxonomy":"product_cat","embeddable":true,"href":"https:\/\/www.modelcars24.de\/fr\/wp-json\/wp\/v2\/product_cat?post=44897"},{"taxonomy":"product_tag","embeddable":true,"href":"https:\/\/www.modelcars24.de\/fr\/wp-json\/wp\/v2\/product_tag?post=44897"}],"curies":[{"name":"wp","href":"https:\/\/api.w.org\/{rel}","templated":true}]}}