{"id":45094,"date":"2021-08-19T11:54:30","date_gmt":"2021-08-19T09:54:30","guid":{"rendered":"https:\/\/www.modelcars24.de\/?post_type=product&#038;p=45094"},"modified":"2026-01-23T15:28:55","modified_gmt":"2026-01-23T14:28:55","slug":"cmc-mercedes-benz-slr-mclaren-4","status":"publish","type":"product","link":"https:\/\/www.modelcars24.de\/fr\/cmc-mercedes-benz-slr-mclaren-4\/","title":{"rendered":"CMC Mercedes-Benz SLR McLaren \u2013 1\/12"},"content":{"rendered":"<p>CMC Mercedes-Benz SLR McLaren, mod\u00e8le de collection en m\u00e9tal tr\u00e8s d\u00e9taill\u00e9, pi\u00e8ces rapport\u00e9es chrom\u00e9es majoritairement en m\u00e9tal, assembl\u00e9 \u00e0 la main, mat\u00e9riaux fid\u00e8les au mod\u00e8le original, si\u00e8ges en cuir ou rembourr\u00e9s, version d\u00e9taill\u00e9e de l'original, nombreuses fonctions et d\u00e9tails.<\/p>\n<p>Le chef-d'\u0153uvre CMC du Mercedes-Benz SLR McLaren \u00e0 l'\u00e9chelle 1:12 red\u00e9finit les limites de la mod\u00e9lisation haut de gamme. Fabriqu\u00e9 \u00e0 partir de plus de 1 200 pi\u00e8ces individuelles, ce grand mod\u00e8le impressionne par une profondeur de d\u00e9tail in\u00e9gal\u00e9e qui fera battre le c\u0153ur de tout collectionneur. Les portes papillon embl\u00e9matiques r\u00e9v\u00e8lent un int\u00e9rieur dot\u00e9 de cuir v\u00e9ritable et d'instruments de pr\u00e9cision. Sous le capot oscillant, le moteur V8 m\u00e9ticuleusement reproduit avec son c\u00e2blage complexe repose. La qualit\u00e9 d'un moulage m\u00e9tallique lourd rencontre ici une m\u00e9canique d\u00e9licate et une peinture impeccable. Ce mod\u00e8le n'est pas une simple miniature, mais un hommage imposant \u00e0 une l\u00e9gende de l'automobile.<\/p>\n<p>Num\u00e9ro d'article : C-006D<\/p>\n<p>2nouvelle<\/p>","protected":false},"excerpt":{"rendered":"<p>C-006D &#8211; 2-neuwertig &#8211; 2500,00 \u20ac<\/p>","protected":false},"featured_media":59961,"comment_status":"open","ping_status":"closed","template":"","meta":[],"product_brand":[537],"product_cat":[18,19,34],"product_tag":[],"class_list":{"0":"post-45094","1":"product","2":"type-product","3":"status-publish","4":"has-post-thumbnail","6":"product_brand-cmc","7":"product_cat-cmc","8":"product_cat-mercedes-benz","9":"product_cat-nicht-verfuegbar","10":"pa_automarke-mercedes","11":"pa_decade-1990s","12":"pa_fahrzeugtyp-coupe","13":"pa_massstab-1-18","14":"pa_modelmarke-cmc","15":"pa_modeltyp-alles-zum-oeffnen","16":"pa_modeltyp-fertigmodell","17":"pa_zustand_modell-2-neuwertig","18":"pa_zustand_verpackung-2-neuwertig","20":"first","21":"outofstock","22":"purchasable","23":"product-type-simple"},"jetpack_sharing_enabled":true,"_links":{"self":[{"href":"https:\/\/www.modelcars24.de\/fr\/wp-json\/wp\/v2\/product\/45094","targetHints":{"allow":["GET"]}}],"collection":[{"href":"https:\/\/www.modelcars24.de\/fr\/wp-json\/wp\/v2\/product"}],"about":[{"href":"https:\/\/www.modelcars24.de\/fr\/wp-json\/wp\/v2\/types\/product"}],"replies":[{"embeddable":true,"href":"https:\/\/www.modelcars24.de\/fr\/wp-json\/wp\/v2\/comments?post=45094"}],"version-history":[{"count":5,"href":"https:\/\/www.modelcars24.de\/fr\/wp-json\/wp\/v2\/product\/45094\/revisions"}],"predecessor-version":[{"id":59963,"href":"https:\/\/www.modelcars24.de\/fr\/wp-json\/wp\/v2\/product\/45094\/revisions\/59963"}],"wp:featuredmedia":[{"embeddable":true,"href":"https:\/\/www.modelcars24.de\/fr\/wp-json\/wp\/v2\/media\/59961"}],"wp:attachment":[{"href":"https:\/\/www.modelcars24.de\/fr\/wp-json\/wp\/v2\/media?parent=45094"}],"wp:term":[{"taxonomy":"product_brand","embeddable":true,"href":"https:\/\/www.modelcars24.de\/fr\/wp-json\/wp\/v2\/product_brand?post=45094"},{"taxonomy":"product_cat","embeddable":true,"href":"https:\/\/www.modelcars24.de\/fr\/wp-json\/wp\/v2\/product_cat?post=45094"},{"taxonomy":"product_tag","embeddable":true,"href":"https:\/\/www.modelcars24.de\/fr\/wp-json\/wp\/v2\/product_tag?post=45094"}],"curies":[{"name":"wp","href":"https:\/\/api.w.org\/{rel}","templated":true}]}}