{"id":45402,"date":"2026-04-08T20:31:33","date_gmt":"2026-04-08T18:31:33","guid":{"rendered":"https:\/\/www.modelcars24.de\/?post_type=product&#038;p=45402"},"modified":"2026-04-22T09:09:49","modified_gmt":"2026-04-22T07:09:49","slug":"cmc-mercedes-benz-sskl","status":"publish","type":"product","link":"https:\/\/www.modelcars24.de\/fr\/cmc-mercedes-benz-sskl\/","title":{"rendered":"CMC Mercedes-Benz SSKL, Mille Miglia, 1931 \u2013 1\/18"},"content":{"rendered":"<p>CMC Mercedes-Benz SSKL, Mille Miglia, 1931. La puissante nouvelle voiture de course SSKL fait sa premi\u00e8re apparition lors de la Mille Miglia les 12 et 13 avril 1931. Par rapport \u00e0 la SSK, elle a perdu environ 125 kilogrammes et sa puissance moteur a augment\u00e9 de 50 ch. Rudolf Caracciola, pilote d'usine Mercedes-Benz et le pilote de course le plus titr\u00e9 de son \u00e9poque, remporte d'embl\u00e9e une victoire sensationnelle.<\/p>\n<ul>\n<li>Mod\u00e8le de pr\u00e9cision en m\u00e9tal assembl\u00e9 \u00e0 la main compos\u00e9 de 1885 pi\u00e8ces<\/li>\n<li>Carrosserie authentique et moul\u00e9e \u00e0 l'\u00e9chelle<\/li>\n<li>Repr\u00e9sentation fid\u00e8le du cadre en acier all\u00e9g\u00e9 avec sch\u00e9ma de per\u00e7age exact<\/li>\n<li>Grille de calandre et grille de protection contre les gravillons en m\u00e9tal de haute qualit\u00e9<\/li>\n<li>Capot moteur \u00e0 double battant ouvrant \u00e0 droite et \u00e0 gauche et s\u00e9curis\u00e9 par des sangles en cuir<\/li>\n<li>Fermetures de capot avec crochets de verrouillage \u00e0 ressort<\/li>\n<li>Moteur 6 cylindres en ligne avec tous les accessoires et c\u00e2blage complet et installation des conduites<\/li>\n<li>Tubes d'\u00e9chappement lat\u00e9raux en tuyau m\u00e9tallique flexible<\/li>\n<li>Jantes \u00e0 rayons parfaites avec jantes en aluminium et rayons en fil d'acier inoxydable tress\u00e9s \u00e0 la main<\/li>\n<li>Tous les rayons sont \u00e9quip\u00e9s de mamelons suppl\u00e9mentaires<\/li>\n<li>Blocages centraux de roue solubles 2 roues de secours amovibles, fix\u00e9s par une vis de serrage.<\/li>\n<li>Ressorts \u00e0 lames m\u00e9talliques fonctionnels sur les essieux avant et arri\u00e8re<\/li>\n<li>Goulotte de remplissage du r\u00e9servoir avec couvercle de r\u00e9servoir rabattable en acier inoxydable<\/li>\n<li>Couronne de volant gain\u00e9e de cuir 2 leviers de commande mobiles pour le r\u00e9glage de l'acc\u00e9l\u00e9rateur et de l'allumage<\/li>\n<li>Fid\u00e9lit\u00e9 dans l'ex\u00e9cution du cockpit avec si\u00e8ges en cuir et instrumentation compl\u00e8te<\/li>\n<li>Tableau de bord Pare-brise conducteur et passager amovibles<\/li>\n<li>Tambours de frein au design original en cuivre avec ailettes de refroidissement<\/li>\n<li>Plateau de rangement c\u00f4t\u00e9 passager avec jerrycan d'essence de secours et bo\u00eete \u00e0 outils en bois avec couvercle rabattable. Avec des outils miniatures en guise de contenu.<\/li>\n<li>Capote noire avec entourage cuir v\u00e9ritable et fixation \u00e0 sangle (sans fonction)<\/li>\n<li>Num\u00e9ro de d\u00e9part 87 imprim\u00e9 sur la carrosserie dans un proc\u00e9d\u00e9 de tampographie \u00e9labor\u00e9<\/li>\n<\/ul>\n<p>HISTOIRE (V\u00c9HICULE ORIGINAL) Les voitures de sport \u00e0 compresseur Mercedes-Benz des types S, SS, SSK et SSKL, utilis\u00e9es entre 1927 et 1933 dans toutes les manifestations de course importantes du monde, que ce soit comme bolide de Grand Prix, as d'endurance ou voiture de course de montagne, ont pu s'inscrire dans les listes de vainqueurs de mani\u00e8re incomparable comme de v\u00e9ritables \u201emonstres gagnants\u201c ou comme des \u201e\u00e9l\u00e9phants blancs\u201c affectueusement surnomm\u00e9s. Certains pilotes c\u00e9l\u00e8bres comme Hans Stuck, Carlos Zatuszek, Manfred von Brauchitsch ou Bernd Rosemeyer avaient d\u00e9j\u00e0 contribu\u00e9 de mani\u00e8re non n\u00e9gligeable \u00e0 ces succ\u00e8s retentissants.<br \/>\nNum\u00e9ro d'article : M-055<\/p>\n<p>2-neuwertig, avec livret et certificat<\/p>","protected":false},"excerpt":{"rendered":"<p>M-055 &#8211; 2-neuwertig &#8211; 325,00 \u20ac<\/p>","protected":false},"featured_media":40139,"comment_status":"open","ping_status":"closed","template":"","meta":[],"product_brand":[537],"product_cat":[18,19,45,136,21],"product_tag":[],"class_list":{"0":"post-45402","1":"product","2":"type-product","3":"status-publish","4":"has-post-thumbnail","6":"product_brand-cmc","7":"product_cat-cmc","8":"product_cat-mercedes-benz","9":"product_cat-neuzugang","10":"product_cat-raritaet","11":"product_cat-verfuegbar","12":"pa_automarke-mercedes","13":"pa_decade-1930s","14":"pa_fahrzeugtyp-formel-1","15":"pa_massstab-1-18","16":"pa_modelmarke-cmc","17":"pa_modeltyp-alles-zum-oeffnen","18":"pa_modeltyp-fertigmodell","19":"pa_zustand_modell-2-neuwertig","20":"pa_zustand_verpackung-2-neuwertig","22":"first","23":"outofstock","24":"purchasable","25":"product-type-simple"},"jetpack_sharing_enabled":true,"_links":{"self":[{"href":"https:\/\/www.modelcars24.de\/fr\/wp-json\/wp\/v2\/product\/45402","targetHints":{"allow":["GET"]}}],"collection":[{"href":"https:\/\/www.modelcars24.de\/fr\/wp-json\/wp\/v2\/product"}],"about":[{"href":"https:\/\/www.modelcars24.de\/fr\/wp-json\/wp\/v2\/types\/product"}],"replies":[{"embeddable":true,"href":"https:\/\/www.modelcars24.de\/fr\/wp-json\/wp\/v2\/comments?post=45402"}],"version-history":[{"count":6,"href":"https:\/\/www.modelcars24.de\/fr\/wp-json\/wp\/v2\/product\/45402\/revisions"}],"predecessor-version":[{"id":63130,"href":"https:\/\/www.modelcars24.de\/fr\/wp-json\/wp\/v2\/product\/45402\/revisions\/63130"}],"wp:featuredmedia":[{"embeddable":true,"href":"https:\/\/www.modelcars24.de\/fr\/wp-json\/wp\/v2\/media\/40139"}],"wp:attachment":[{"href":"https:\/\/www.modelcars24.de\/fr\/wp-json\/wp\/v2\/media?parent=45402"}],"wp:term":[{"taxonomy":"product_brand","embeddable":true,"href":"https:\/\/www.modelcars24.de\/fr\/wp-json\/wp\/v2\/product_brand?post=45402"},{"taxonomy":"product_cat","embeddable":true,"href":"https:\/\/www.modelcars24.de\/fr\/wp-json\/wp\/v2\/product_cat?post=45402"},{"taxonomy":"product_tag","embeddable":true,"href":"https:\/\/www.modelcars24.de\/fr\/wp-json\/wp\/v2\/product_tag?post=45402"}],"curies":[{"name":"wp","href":"https:\/\/api.w.org\/{rel}","templated":true}]}}