{"id":45416,"date":"2024-07-04T00:00:00","date_gmt":"2024-07-03T22:00:00","guid":{"rendered":"https:\/\/www.modelcars24.de\/?post_type=product&#038;p=45416"},"modified":"2026-03-24T15:06:44","modified_gmt":"2026-03-24T14:06:44","slug":"cmc-mercedes-benz-300-slr-uhlenhaut-2","status":"publish","type":"product","link":"https:\/\/www.modelcars24.de\/fr\/cmc-mercedes%e2%80%90benz-300-slr-uhlenhaut\/","title":{"rendered":"CMC Mercedes-Benz 300 SLR Uhlenhaut Coup\u00e9, 1955, blue interior \/ int\u00e9rieur bleu - 1\/18"},"content":{"rendered":"<h3 class=\"product_title entry-title\">CMC Mercedes-Benz 300 SLR Uhlenhaut Coup\u00e9, 1955, int\u00e9rieur bleu<\/h3>\n<div class=\"woocommerce-product-details__short-description\">\n<p>Le coup\u00e9 dit \u201cUhlenhaut\u201d fait partie des ic\u00f4nes de l'histoire de la marque Mercedes-Benz. Pourtant, seuls deux exemplaires ont \u00e9t\u00e9 construits, officiellement en tant que prototypes de course. Sous l'\u00e9l\u00e9gante robe de t\u00f4le se cache la technique de la voiture de course ouverte 300 SLR ; le coup\u00e9 devait \u00eatre utilis\u00e9 en version ferm\u00e9e pour les courses. Comme Mercedes-Benz a mis fin \u00e0 son engagement dans la course automobile apr\u00e8s la saison 1955, il n'a plus \u00e9t\u00e9 utilis\u00e9.<\/p>\n<\/div>\n<p>Le coup\u00e9 Uhlenhaut \u00e9tait \u00e9quip\u00e9 du moteur huit cylindres en ligne de la Mercedes W196. Ce moteur dispose d'une commande des soupapes desmodromique et d\u00e9veloppait 302 ch \u00e0 7500 tr\/min. Dans un premier temps, la version coup\u00e9 de la 300 SLR devait \u00eatre utilis\u00e9e pour les courses d'endurance. Mais cela n'a pas eu lieu, car Mercedes s'est retir\u00e9e de la course en 1955.<br \/>\nNum\u00e9ro d'article : M-243<\/p>","protected":false},"excerpt":{"rendered":"<p>M-243 &#8211; 2-neuwertig &#8211; 425,00 \u20ac<\/p>","protected":false},"featured_media":45418,"comment_status":"open","ping_status":"closed","template":"","meta":{"_acf_changed":false},"product_brand":[537],"product_cat":[960,18,19,45,21],"product_tag":[],"class_list":{"0":"post-45416","1":"product","2":"type-product","3":"status-publish","4":"has-post-thumbnail","6":"product_brand-cmc","7":"product_cat-aktion","8":"product_cat-cmc","9":"product_cat-mercedes-benz","10":"product_cat-neuzugang","11":"product_cat-verfuegbar","12":"pa_automarke-mercedes","13":"pa_decade-1950s","14":"pa_fahrzeugtyp-gt-rennen","15":"pa_massstab-1-18","16":"pa_modelmarke-cmc","17":"pa_modeltyp-alles-zum-oeffnen","18":"pa_modeltyp-fertigmodell","19":"pa_zustand_modell-1-brandneu","20":"pa_zustand_verpackung-1-brandneu","22":"first","23":"outofstock","24":"sale","25":"taxable","26":"shipping-taxable","27":"purchasable","28":"product-type-simple"},"acf":[],"jetpack_sharing_enabled":true,"_links":{"self":[{"href":"https:\/\/www.modelcars24.de\/fr\/wp-json\/wp\/v2\/product\/45416","targetHints":{"allow":["GET"]}}],"collection":[{"href":"https:\/\/www.modelcars24.de\/fr\/wp-json\/wp\/v2\/product"}],"about":[{"href":"https:\/\/www.modelcars24.de\/fr\/wp-json\/wp\/v2\/types\/product"}],"replies":[{"embeddable":true,"href":"https:\/\/www.modelcars24.de\/fr\/wp-json\/wp\/v2\/comments?post=45416"}],"version-history":[{"count":4,"href":"https:\/\/www.modelcars24.de\/fr\/wp-json\/wp\/v2\/product\/45416\/revisions"}],"predecessor-version":[{"id":58723,"href":"https:\/\/www.modelcars24.de\/fr\/wp-json\/wp\/v2\/product\/45416\/revisions\/58723"}],"wp:featuredmedia":[{"embeddable":true,"href":"https:\/\/www.modelcars24.de\/fr\/wp-json\/wp\/v2\/media\/45418"}],"wp:attachment":[{"href":"https:\/\/www.modelcars24.de\/fr\/wp-json\/wp\/v2\/media?parent=45416"}],"wp:term":[{"taxonomy":"product_brand","embeddable":true,"href":"https:\/\/www.modelcars24.de\/fr\/wp-json\/wp\/v2\/product_brand?post=45416"},{"taxonomy":"product_cat","embeddable":true,"href":"https:\/\/www.modelcars24.de\/fr\/wp-json\/wp\/v2\/product_cat?post=45416"},{"taxonomy":"product_tag","embeddable":true,"href":"https:\/\/www.modelcars24.de\/fr\/wp-json\/wp\/v2\/product_tag?post=45416"}],"curies":[{"name":"wp","href":"https:\/\/api.w.org\/{rel}","templated":true}]}}