{"id":45766,"date":"2024-10-09T11:05:31","date_gmt":"2024-10-09T09:05:31","guid":{"rendered":"https:\/\/www.modelcars24.de\/?post_type=product&#038;p=45766"},"modified":"2026-03-24T15:06:46","modified_gmt":"2026-03-24T14:06:46","slug":"cmc-ferrari-250-gto-brandon-wang-m-255-18","status":"publish","type":"product","link":"https:\/\/www.modelcars24.de\/fr\/cmc-ferrari-250-gto-brandon-wang-m-255-18\/","title":{"rendered":"CMC Ferrari 250 GTO Brandon Wang M-255 #18, 2004 Monterey Historical Races #18 Chassis 4219GT, Limited Edition 2200 - 1\/18"},"content":{"rendered":"<div id=\"description\">\n<div class=\"long_desc\">\n<h3>CMC Ferrari 250 GTO Brandon Wang M-255 #18, 2004 Monterey Historical Races #18 Chassis 4219GT, Limited Edition 2200<\/h3>\n<div>\n<ul>\n<li>Mod\u00e8le de pr\u00e9cision en m\u00e9tal assembl\u00e9 \u00e0 la main en tant que volant \u00e0 gauche, compos\u00e9 de 1 863 pi\u00e8ces, dont 1 223 pi\u00e8ces uniquement en m\u00e9tal<\/li>\n<li>Capot moteur relevable avec barre d'appui et fermetures rapides fonctionnelles avec protection par lani\u00e8res de cuir<\/li>\n<li>Portes fonctionnelles avec fen\u00eatres coulissantes mobiles<\/li>\n<li>Capot de coffre avec barre d'appui et roue de secours<\/li>\n<li>Goulot de remplissage du r\u00e9servoir arri\u00e8re avec bouchon ouvrable<\/li>\n<li>Roues \u00e0 rayons parfaitement con\u00e7ues et fermetures centrales Borrani vissables avec filetage \u00e0 droite\/gauche<\/li>\n<li>Moteur V-12 hautement d\u00e9taill\u00e9 avec accessoires et pose de conduites \/ c\u00e2blage<\/li>\n<li>Int\u00e9rieur du v\u00e9hicule fid\u00e8le \u00e0 l'original avec cage de s\u00e9curit\u00e9 et ceintures de s\u00e9curit\u00e9. Si\u00e8ges avec bordure en cuir et rev\u00eatement textile<\/li>\n<li>Un tableau de bord coh\u00e9rent<\/li>\n<li>Reproduction exacte du groupe de plancher. Suspensions avant et arri\u00e8re parfaites. R\u00e9servoir d'huile et d'essence en t\u00f4le d'acier inoxydable. Syst\u00e8me d'\u00e9chappement sport de course<\/li>\n<li>Plaque de fond d\u00e9vissable en t\u00f4le d'acier inoxydable<\/li>\n<\/ul>\n<\/div>\n<div><\/div>\n<div>Le ch\u00e2ssis 4219GT a \u00e9t\u00e9 vendu pour la premi\u00e8re fois \u00e0 l'Am\u00e9ricaine Mamie Spears Reynolds, fille du s\u00e9nateur Robert Reynolds et h\u00e9riti\u00e8re de la fortune de Reynolds dans le domaine du tabac. Elle a utilis\u00e9 la voiture pour Pedro Rodriguez lors de la course Daytona Continental 1963, que le jeune Mexicain a rapidement remport\u00e9e avec le num\u00e9ro de course #18. En mai 1963, la voiture fut vendue \u00e0 Beverly Spencer, qui l'utilisa bri\u00e8vement avec quelques succ\u00e8s \u00e0 Laguna Seca, Monterey, Pacific Raceway et Candlestick Raceway. Apr\u00e8s s'\u00eatre retir\u00e9e de la course contemporaine en 1964, la voiture est devenue une voiture de sport.<br \/>\nCh\u00e2ssis 4219GT achet\u00e9 \u00e0 George C. Dyer Sr. qui l'a fait peindre en bleu fonc\u00e9. Il conduisait la voiture pour une utilisation quotidienne. Bien que la voiture ait \u00e0 nouveau chang\u00e9 de propri\u00e9taire en 1993, elle a conserv\u00e9 sa belle peinture bleue et reste l'une des 250 GTO les plus originales qui soient. CMC pr\u00e9sente la voiture telle qu'elle a concouru aux Monterey Historical Races, Laguna Seca, avec le num\u00e9ro de course #18 en 2004.<\/div>\n<\/div>\n<\/div>\n<div><\/div>\n<div>L'image du produit pr\u00e9sent\u00e9e est une animation CAO de\u00a0<a href=\"https:\/\/www.cgtrader.com\/sj-automotive-design\" target=\"_blank\" rel=\"noopener\">sj-automotive-design<\/a>. Le design du mod\u00e8le CMC sera tr\u00e8s probablement diff\u00e9rent de ce projet ! Dans notre <a href=\"https:\/\/www.modelcars24.de\/fr\/cmc-ferrari-250-gto-ranking-modelcars24\/\">Classement de la GTO<\/a> vous d\u00e9couvrirez lesquelles des dix nouvelles variantes de la CMC Ferrari 250 GTO sont les plus populaires.<\/div>\n<div class=\"clearfix\"><\/div>\n<p>Num\u00e9ro d'article : M-255<\/p>","protected":false},"excerpt":{"rendered":"<p>M-255 &#8211; 1-brandneu &#8211; anstatt 657,00 \u20ac jetzt 624,00 \u20ac inkl. 19% vat<\/p>","protected":false},"featured_media":45768,"comment_status":"open","ping_status":"closed","template":"","meta":{"_acf_changed":false},"product_brand":[537],"product_cat":[960,18,63,20,21],"product_tag":[78,152,309],"class_list":{"0":"post-45766","1":"product","2":"type-product","3":"status-publish","4":"has-post-thumbnail","6":"product_brand-cmc","7":"product_cat-aktion","8":"product_cat-cmc","9":"product_cat-ferrari","10":"product_cat-titel","11":"product_cat-verfuegbar","12":"product_tag-angebot","13":"product_tag-cmc-ferrari-250-gto","14":"product_tag-cmc-ferrari-250-gto-brandon-wang-m-255-18","15":"pa_automarke-ferrari","16":"pa_decade-1960s","17":"pa_fahrzeugtyp-gt-rennen","18":"pa_massstab-1-18","19":"pa_modelmarke-cmc","20":"pa_modeltyp-alles-zum-oeffnen","21":"pa_modeltyp-fertigmodell","22":"pa_status-beim-hersteller-verfuegbar","23":"pa_verfuegbarkeit-sofort-verfuegbar","24":"pa_zustand_modell-1-brandneu","25":"pa_zustand_verpackung-1-brandneu","27":"first","28":"outofstock","29":"sale","30":"taxable","31":"shipping-taxable","32":"purchasable","33":"product-type-simple"},"acf":[],"jetpack_sharing_enabled":true,"_links":{"self":[{"href":"https:\/\/www.modelcars24.de\/fr\/wp-json\/wp\/v2\/product\/45766","targetHints":{"allow":["GET"]}}],"collection":[{"href":"https:\/\/www.modelcars24.de\/fr\/wp-json\/wp\/v2\/product"}],"about":[{"href":"https:\/\/www.modelcars24.de\/fr\/wp-json\/wp\/v2\/types\/product"}],"replies":[{"embeddable":true,"href":"https:\/\/www.modelcars24.de\/fr\/wp-json\/wp\/v2\/comments?post=45766"}],"version-history":[{"count":3,"href":"https:\/\/www.modelcars24.de\/fr\/wp-json\/wp\/v2\/product\/45766\/revisions"}],"predecessor-version":[{"id":58733,"href":"https:\/\/www.modelcars24.de\/fr\/wp-json\/wp\/v2\/product\/45766\/revisions\/58733"}],"wp:featuredmedia":[{"embeddable":true,"href":"https:\/\/www.modelcars24.de\/fr\/wp-json\/wp\/v2\/media\/45768"}],"wp:attachment":[{"href":"https:\/\/www.modelcars24.de\/fr\/wp-json\/wp\/v2\/media?parent=45766"}],"wp:term":[{"taxonomy":"product_brand","embeddable":true,"href":"https:\/\/www.modelcars24.de\/fr\/wp-json\/wp\/v2\/product_brand?post=45766"},{"taxonomy":"product_cat","embeddable":true,"href":"https:\/\/www.modelcars24.de\/fr\/wp-json\/wp\/v2\/product_cat?post=45766"},{"taxonomy":"product_tag","embeddable":true,"href":"https:\/\/www.modelcars24.de\/fr\/wp-json\/wp\/v2\/product_tag?post=45766"}],"curies":[{"name":"wp","href":"https:\/\/api.w.org\/{rel}","templated":true}]}}