{"id":45998,"date":"2025-04-02T10:01:00","date_gmt":"2025-04-02T08:01:00","guid":{"rendered":"https:\/\/www.modelcars24.de\/?post_type=product&#038;p=45998"},"modified":"2025-12-10T13:37:40","modified_gmt":"2025-12-10T12:37:40","slug":"cmc-porsche-904-carrera-gts-pebble-beach","status":"publish","type":"product","link":"https:\/\/www.modelcars24.de\/fr\/cmc-porsche-904-carrera-gts-pebble-beach\/","title":{"rendered":"CMC Porsche 904 Carrera GTS Pebble Beach Auction 2017, #42 M-234 - 1\/18"},"content":{"rendered":"<h2>CMC Porsche 904 Carrera GTS Pebble Beach Auction 2017, #42. M-234<\/h2>\n<p>Mod\u00e8le de collection de haute qualit\u00e9 \u00e0 l'\u00e9chelle 1:18.<\/p>\n<p>Selon l'acte de naissance du v\u00e9hicule portant le num\u00e9ro de ch\u00e2ssis 904-042, celui-ci a \u00e9t\u00e9 fabriqu\u00e9 en mars 1964 en argent m\u00e9tallis\u00e9 avec une sellerie en velours bleu. Ce v\u00e9hicule \u00e9tait<br \/>\nl'une des 24 qui ont \u00e9t\u00e9 export\u00e9es vers les \u00c9tats-Unis cette ann\u00e9e. Elle a \u00e9t\u00e9 initialement vendue \u00e0 Reviere Motors par Knute Qvale \u00e0 Portland, Oregon. La nouvelle 904 GTS a \u00e9t\u00e9 utilis\u00e9e pour la course avec Mike Eyerly ou Gary Wright au volant. Tout au long de la saison de course 1964, ils ont conduit la 904-042 \u00e0 plusieurs victoires<br \/>\net des places sur le podium. Les succ\u00e8s suivants ont \u00e9t\u00e9 obtenus par le couple en 1964 :<\/p>\n<p>USRRC-GT Kent : 5e place au classement g\u00e9n\u00e9ral, 1re place dans la cat\u00e9gorie ; Westwood Players\u2019 Pacific : 3e place au classement g\u00e9n\u00e9ral, 2e place dans la cat\u00e9gorie ; Portland International Raceway GT Race : 1re place ; Portland International Raceway Rose Cup : 1re place ; SCCA Regional Oregon Production de juin 1964 : 1re place ; SCCA Regional Oregon Production de juillet 1964 : 1re place ; SCCA Regional Oregon Modified : 2e place ; SCCA Divisional Kent : 2e place ; et SCCA Regional Oregon Production d'octobre 1954 : 3e place.<\/p>\n<p>Apr\u00e8s ses d\u00e9buts r\u00e9ussis, la 904-042 a re\u00e7u un kit de mise \u00e0 jour Racing pour 1965. Ce kit comprenait entre autres un nouveau moteur 587\/3 (num\u00e9ro 99156)<br \/>\navec un arbre \u00e0 cames sp\u00e9cial, un \u00e9chappement m\u00e9gaphone et un syst\u00e8me de d\u00e9rivation de l'huile moteur extr\u00eamement rapide et performant selon les sp\u00e9cifications du Mans. Mike Eyerly a couru avec succ\u00e8s sur la 904-042 jusqu'en juillet 1965, date \u00e0 laquelle la voiture a \u00e9t\u00e9 vendue au pilote de course Wade Carter, originaire de la r\u00e9gion du Nord-Ouest du Pacifique. Avec la 904-042, Carter s'est class\u00e9 5e du championnat Pacific Coast de la SCCA en 1965 et a remport\u00e9 les championnats Oregon et Northwest SCCA Production en 1966. Il a m\u00eame continu\u00e9 \u00e0 conduire la voiture jusqu'en 1967, remportant deux courses dans le Kent. Apr\u00e8s la mise en vente de la 904-042 par Wade Carter en 1967, la voiture a chang\u00e9 plusieurs fois de propri\u00e9taire avant que Jeffrey Keiner d'Orlando, Floride, ne l'ach\u00e8te vers 1983.<\/p>\n<p>En tant que pilote de course de voitures anciennes actif, Keiner \u00e9tait \u00e9galement un collectionneur s\u00e9rieux avec une impressionnante collection de Porsche. Apr\u00e8s une restauration compl\u00e8te et une mise en peinture de la voiture<br \/>\ndans le rouge-argent qui existe encore aujourd'hui, Keiner a particip\u00e9 avec cette 904 \u00e0 de nombreuses courses de voitures anciennes et \u00e0 des \u00e9v\u00e9nements de concours aux \u00c9tats-Unis. Keiner explique : \u201eLa 904-042 est absolument authentique dans sa forme actuelle. La voiture a souvent \u00e9t\u00e9 expos\u00e9e lors de concours historiques et est tr\u00e8s connue sur le circuit des voitures anciennes. La voiture n'est pas seulement pr\u00e9par\u00e9e pour les courses, elle est en parfait \u00e9tat \u00e0 tous points de vue et a remport\u00e9 de nombreux spectacles et r\u00e9compenses, dont le Montique Thomas Tieneer's Award pour sa technique parfaite, le Peter Gregg Memorial Trophy, First in Class au Meadow Brook Concours d'El\u00e9gance, trois fois de suite First in Class au Chicago Historic Races Concours, vainqueur du Chesrown Concours Award aux Mid-Ohio Historic Races et \u00e9tait \u00e9galement First in Class \u00e0 de nombreux \u00e9v\u00e9nements de voitures anciennes et de courses historiques\u201c.\u201c<br \/>\n904-042 est une impressionnante voiture de comp\u00e9tition contemporaine qui jouit d'une grande r\u00e9putation parmi les sp\u00e9cialistes de la marque.<br \/>\nNum\u00e9ro d'article : M-234<\/p>","protected":false},"excerpt":{"rendered":"<p>M-234 &#8211; 1-brandneu &#8211; anstatt 697,00 \u20ac jetzt 585,00 \u20ac inkl. 19% Vat<\/p>","protected":false},"featured_media":48822,"comment_status":"open","ping_status":"closed","template":"","meta":{"_acf_changed":false},"product_brand":[537],"product_cat":[18,56,21],"product_tag":[78,46,265,263],"class_list":{"0":"post-45998","1":"product","2":"type-product","3":"status-publish","4":"has-post-thumbnail","6":"product_brand-cmc","7":"product_cat-cmc","8":"product_cat-porsche","9":"product_cat-verfuegbar","10":"product_tag-angebot","11":"product_tag-cmc","12":"product_tag-porsche","13":"product_tag-vorbestellbar","14":"pa_automarke-porsche","15":"pa_decade-1960s","16":"pa_fahrzeugtyp-gt-rennen","17":"pa_massstab-1-18","18":"pa_modelmarke-cmc","19":"pa_modeltyp-alles-zum-oeffnen","20":"pa_modeltyp-fertigmodell","21":"pa_verfuegbarkeit-sofort-verfuegbar","22":"pa_zustand_modell-1-brandneu","23":"pa_zustand_verpackung-1-brandneu","25":"first","26":"instock","27":"sale","28":"taxable","29":"shipping-taxable","30":"purchasable","31":"product-type-simple"},"acf":[],"jetpack_sharing_enabled":true,"_links":{"self":[{"href":"https:\/\/www.modelcars24.de\/fr\/wp-json\/wp\/v2\/product\/45998","targetHints":{"allow":["GET"]}}],"collection":[{"href":"https:\/\/www.modelcars24.de\/fr\/wp-json\/wp\/v2\/product"}],"about":[{"href":"https:\/\/www.modelcars24.de\/fr\/wp-json\/wp\/v2\/types\/product"}],"replies":[{"embeddable":true,"href":"https:\/\/www.modelcars24.de\/fr\/wp-json\/wp\/v2\/comments?post=45998"}],"version-history":[{"count":6,"href":"https:\/\/www.modelcars24.de\/fr\/wp-json\/wp\/v2\/product\/45998\/revisions"}],"predecessor-version":[{"id":58738,"href":"https:\/\/www.modelcars24.de\/fr\/wp-json\/wp\/v2\/product\/45998\/revisions\/58738"}],"wp:featuredmedia":[{"embeddable":true,"href":"https:\/\/www.modelcars24.de\/fr\/wp-json\/wp\/v2\/media\/48822"}],"wp:attachment":[{"href":"https:\/\/www.modelcars24.de\/fr\/wp-json\/wp\/v2\/media?parent=45998"}],"wp:term":[{"taxonomy":"product_brand","embeddable":true,"href":"https:\/\/www.modelcars24.de\/fr\/wp-json\/wp\/v2\/product_brand?post=45998"},{"taxonomy":"product_cat","embeddable":true,"href":"https:\/\/www.modelcars24.de\/fr\/wp-json\/wp\/v2\/product_cat?post=45998"},{"taxonomy":"product_tag","embeddable":true,"href":"https:\/\/www.modelcars24.de\/fr\/wp-json\/wp\/v2\/product_tag?post=45998"}],"curies":[{"name":"wp","href":"https:\/\/api.w.org\/{rel}","templated":true}]}}