{"id":46325,"date":"2024-01-28T00:00:00","date_gmt":"2024-01-27T23:00:00","guid":{"rendered":"https:\/\/www.modelcars24.de\/?post_type=product&#038;p=46325"},"modified":"2026-03-24T15:06:36","modified_gmt":"2026-03-24T14:06:36","slug":"cmc-bundle-lancia-d50-including-showcase","status":"publish","type":"product","link":"https:\/\/www.modelcars24.de\/fr\/cmc-bundle-lancia-d50-including-showcase\/","title":{"rendered":"CMC Bundle Lancia D50, including showcase - 1\/18"},"content":{"rendered":"<p>M-175 - CMC Mercedes-Benz W 125, Donington GP, #2 Lang<br \/>\nM-177 - CMC Lancia D50, 1955 Monaco GP #30, Eugenio Castellotti, \u00e9dition limit\u00e9e \u00e0 1500 exemplaires.<br \/>\nM-178 - CMC Lancia D50, 1955 GP Pau #10 Eugenio Castellotti, \u00e9dition limit\u00e9e \u00e0 1000 exemplaires.<br \/>\nA-011 - Vitrine CMC pour les mod\u00e8les Race-Car-Transporter\/Truck et les mod\u00e8les CMC Mercedes 600 Pullman \u00e0 l'\u00e9chelle 1:18 et les mod\u00e8les de voitures \u00e0 l'\u00e9chelle 1:12<br \/>Num\u00e9ro d'article : BU-002<\/p>","protected":false},"excerpt":{"rendered":"<p>CMC Bundle Lancia D50, including showcase, BU-002, available at modelcars24.de<\/p>","protected":false},"featured_media":46327,"comment_status":"open","ping_status":"closed","template":"","meta":[],"product_brand":[537],"product_cat":[960,18,19,20,21],"product_tag":[],"class_list":{"0":"post-46325","1":"product","2":"type-product","3":"status-publish","4":"has-post-thumbnail","6":"product_brand-cmc","7":"product_cat-aktion","8":"product_cat-cmc","9":"product_cat-mercedes-benz","10":"product_cat-titel","11":"product_cat-verfuegbar","12":"pa_automarke-lancia","13":"pa_decade-1950s","14":"pa_fahrzeugtyp-formel-1","15":"pa_massstab-1-18","16":"pa_modelmarke-cmc","17":"pa_modeltyp-alles-zum-oeffnen","18":"pa_modeltyp-fertigmodell","19":"pa_zustand_modell-1-brandneu","20":"pa_zustand_verpackung-1-brandneu","22":"first","23":"instock","24":"sale","25":"taxable","26":"shipping-taxable","27":"purchasable","28":"product-type-simple"},"jetpack_sharing_enabled":true,"_links":{"self":[{"href":"https:\/\/www.modelcars24.de\/fr\/wp-json\/wp\/v2\/product\/46325","targetHints":{"allow":["GET"]}}],"collection":[{"href":"https:\/\/www.modelcars24.de\/fr\/wp-json\/wp\/v2\/product"}],"about":[{"href":"https:\/\/www.modelcars24.de\/fr\/wp-json\/wp\/v2\/types\/product"}],"replies":[{"embeddable":true,"href":"https:\/\/www.modelcars24.de\/fr\/wp-json\/wp\/v2\/comments?post=46325"}],"version-history":[{"count":3,"href":"https:\/\/www.modelcars24.de\/fr\/wp-json\/wp\/v2\/product\/46325\/revisions"}],"predecessor-version":[{"id":58745,"href":"https:\/\/www.modelcars24.de\/fr\/wp-json\/wp\/v2\/product\/46325\/revisions\/58745"}],"wp:featuredmedia":[{"embeddable":true,"href":"https:\/\/www.modelcars24.de\/fr\/wp-json\/wp\/v2\/media\/46327"}],"wp:attachment":[{"href":"https:\/\/www.modelcars24.de\/fr\/wp-json\/wp\/v2\/media?parent=46325"}],"wp:term":[{"taxonomy":"product_brand","embeddable":true,"href":"https:\/\/www.modelcars24.de\/fr\/wp-json\/wp\/v2\/product_brand?post=46325"},{"taxonomy":"product_cat","embeddable":true,"href":"https:\/\/www.modelcars24.de\/fr\/wp-json\/wp\/v2\/product_cat?post=46325"},{"taxonomy":"product_tag","embeddable":true,"href":"https:\/\/www.modelcars24.de\/fr\/wp-json\/wp\/v2\/product_tag?post=46325"}],"curies":[{"name":"wp","href":"https:\/\/api.w.org\/{rel}","templated":true}]}}