{"id":46699,"date":"2025-06-20T13:00:01","date_gmt":"2025-06-20T11:00:01","guid":{"rendered":"https:\/\/www.modelcars24.de\/?post_type=product&#038;p=46699"},"modified":"2025-12-10T13:37:47","modified_gmt":"2025-12-10T12:37:47","slug":"cmc-maserati-tipo-61-birdcage-29","status":"publish","type":"product","link":"https:\/\/www.modelcars24.de\/fr\/cmc-maserati-tipo-61-birdcage-29\/","title":{"rendered":"CMC Maserati Tipo 61 \u201eBirdcage\u201c, #29, red Goodwood Revival 2008, Ex-Sammlung\/collection Nick Mason Limited Edition 1000 pcs. - 1\/18"},"content":{"rendered":"<p>CMC Maserati Tipo 61 \u201eBirdcage\u201c, #29, red Goodwood Revival 2008, Ex-Sammlung\/collection Nick Mason Limited Edition 1000 pcs.. Mod\u00e8le de collection de haute qualit\u00e9 \u00e0 l'\u00e9chelle 1:18. M-280<\/p>\n<ul>\n<li>Mod\u00e8le de pr\u00e9cision en m\u00e9tal assembl\u00e9 \u00e0 la main \u00e0 partir de 1 533 pi\u00e8ces<\/li>\n<li>Cadre tubulaire en treillis fabriqu\u00e9 avec un souci du d\u00e9tail unique en tant que construction m\u00e9tallique filigrane<\/li>\n<li>Carrosserie authentique et moul\u00e9e \u00e0 l'\u00e9chelle<\/li>\n<li>Capot moteur rabattable avec verrouillage par levier<\/li>\n<li>Moteur hautement d\u00e9taill\u00e9 avec agr\u00e9gats de montage et pose compl\u00e8te des conduites\/c\u00e2blage<\/li>\n<li>R\u00e9servoir d'huile avec bouchon de r\u00e9servoir mobile<\/li>\n<li>Bouche d'aspiration d'air pour le refroidissement des pieds en m\u00e9tal<\/li>\n<li>Tableau de bord avec disposition d\u00e9taill\u00e9e des instruments<\/li>\n<li>Si\u00e8ges de course avec rev\u00eatement textile<\/li>\n<li>Portes mobiles articul\u00e9es sur des charni\u00e8res originales reproduites en filigrane<\/li>\n<li>Couverture arri\u00e8re amovible avec verrouillage par levier<\/li>\n<li>R\u00e9servoir d'essence en m\u00e9tal avec bouchon mobile<\/li>\n<li>Roue de secours amovible, s\u00e9curis\u00e9e par des sangles en cuir<\/li>\n<li>Roues \u00e0 rayons amovibles avec jantes en aluminium et rayons en fil d'acier inoxydable enfonc\u00e9s \u00e0 la main<\/li>\n<li>La plaque de fond d\u00e9vissable permet une vue suppl\u00e9mentaire sur le r\u00e9seau du cadre en treillis tubulaire<\/li>\n<li>T\u00f4le de fond du cockpit en m\u00e9tal et avec des t\u00f4les de renfort rivet\u00e9es de mani\u00e8re complexe<\/li>\n<li>Suspension ind\u00e9pendante des roues avant sur doubles triangles avec ressorts h\u00e9lico\u00efdaux et amortisseurs t\u00e9lescopiques<\/li>\n<li>Essieu arri\u00e8re De-Dion avec ressort \u00e0 lame m\u00e9tallique horizontal mont\u00e9 transversalement et amortisseurs t\u00e9lescopiques<\/li>\n<\/ul>\n<p>&nbsp;<\/p>\n<p>&nbsp;<\/p>\n<p>Num\u00e9ro d'article : M-280<\/p>","protected":false},"excerpt":{"rendered":"<p>M-280 &#8211; 1-brandneu &#8211; anstatt 667,00 \u20ac jetzt 599,00 \u20ac inkl. 19% Vat<\/p>","protected":false},"featured_media":49898,"comment_status":"open","ping_status":"closed","template":"","meta":{"_acf_changed":false},"product_brand":[537],"product_cat":[18,90,21],"product_tag":[505,46,201,263],"class_list":{"0":"post-46699","1":"product","2":"type-product","3":"status-publish","4":"has-post-thumbnail","6":"product_brand-cmc","7":"product_cat-cmc","8":"product_cat-maserati","9":"product_cat-verfuegbar","10":"product_tag-1-o","11":"product_tag-cmc","12":"product_tag-maserati","13":"product_tag-vorbestellbar","14":"pa_automarke-maserati","15":"pa_decade-1950s","16":"pa_fahrzeugtyp-gt-rennen","17":"pa_massstab-1-18","18":"pa_modelmarke-cmc","19":"pa_modeltyp-alles-zum-oeffnen","20":"pa_modeltyp-fertigmodell","21":"pa_status-beim-hersteller-verfuegbar","22":"pa_verfuegbarkeit-vorbestellbar","23":"pa_zustand_modell-1-brandneu","24":"pa_zustand_verpackung-1-brandneu","26":"first","27":"instock","28":"sale","29":"taxable","30":"shipping-taxable","31":"purchasable","32":"product-type-simple"},"acf":[],"jetpack_sharing_enabled":true,"_links":{"self":[{"href":"https:\/\/www.modelcars24.de\/fr\/wp-json\/wp\/v2\/product\/46699","targetHints":{"allow":["GET"]}}],"collection":[{"href":"https:\/\/www.modelcars24.de\/fr\/wp-json\/wp\/v2\/product"}],"about":[{"href":"https:\/\/www.modelcars24.de\/fr\/wp-json\/wp\/v2\/types\/product"}],"replies":[{"embeddable":true,"href":"https:\/\/www.modelcars24.de\/fr\/wp-json\/wp\/v2\/comments?post=46699"}],"version-history":[{"count":12,"href":"https:\/\/www.modelcars24.de\/fr\/wp-json\/wp\/v2\/product\/46699\/revisions"}],"predecessor-version":[{"id":58748,"href":"https:\/\/www.modelcars24.de\/fr\/wp-json\/wp\/v2\/product\/46699\/revisions\/58748"}],"wp:featuredmedia":[{"embeddable":true,"href":"https:\/\/www.modelcars24.de\/fr\/wp-json\/wp\/v2\/media\/49898"}],"wp:attachment":[{"href":"https:\/\/www.modelcars24.de\/fr\/wp-json\/wp\/v2\/media?parent=46699"}],"wp:term":[{"taxonomy":"product_brand","embeddable":true,"href":"https:\/\/www.modelcars24.de\/fr\/wp-json\/wp\/v2\/product_brand?post=46699"},{"taxonomy":"product_cat","embeddable":true,"href":"https:\/\/www.modelcars24.de\/fr\/wp-json\/wp\/v2\/product_cat?post=46699"},{"taxonomy":"product_tag","embeddable":true,"href":"https:\/\/www.modelcars24.de\/fr\/wp-json\/wp\/v2\/product_tag?post=46699"}],"curies":[{"name":"wp","href":"https:\/\/api.w.org\/{rel}","templated":true}]}}