{"id":46707,"date":"2026-04-29T11:04:54","date_gmt":"2026-04-29T09:04:54","guid":{"rendered":"https:\/\/www.modelcars24.de\/?post_type=product&#038;p=46707"},"modified":"2026-05-07T12:20:51","modified_gmt":"2026-05-07T10:20:51","slug":"cmc-mercedes-benz-300-sl-w198-roadster","status":"publish","type":"product","link":"https:\/\/www.modelcars24.de\/fr\/cmc-mercedes-benz-300-sl-w198-roadster\/","title":{"rendered":"CMC Mercedes-Benz 300 SL Roadster red \/ black Limited Edition 1500 pcs. &#8211; 1\/18"},"content":{"rendered":"<p>CMC Mercedes-Benz 300 SL, W198, Roadster open red exterior \/ black interior Limited Edition 1500 pcs.. Hochwertiges Sammlermodell im Ma\u00dfstab 1:18. M-282<\/p>\n<p>Le roadster 300 SL a \u00e9t\u00e9 pr\u00e9sent\u00e9 en mars 1957 au Salon de l'automobile de Gen\u00e8ve comme le successeur de la voiture \u00e0 portes papillon d\u00e9j\u00e0 pr\u00e9sent\u00e9e en 1954 et a \u00e9t\u00e9 litt\u00e9ralement r\u00e9clam\u00e9 par l'importateur de l'\u00e9poque en Am\u00e9rique, Maximilian Hoffmann.<\/p>\n<p>Ext\u00e9rieurement, la voiture se distingue \u00e0 l'avant par des phares diff\u00e9rents de ceux du coup\u00e9 et, bien s\u00fbr, par la capote en textile.<\/p>\n<p>Mais pour permettre un acc\u00e8s confortable m\u00eame avec le toit ferm\u00e9 et pour doter la voiture de portes conventionnelles articul\u00e9es sur le montant A, le cadre en treillis tubulaire a d\u00fb \u00eatre fondamentalement remani\u00e9. L'acc\u00e8s d\u00e9sormais \u201enormal\u201c a \u00e9galement entra\u00een\u00e9 la suppression du volant rabattable du coup\u00e9.<\/p>\n<p>Le ch\u00e2ssis a \u00e9galement \u00e9t\u00e9 am\u00e9lior\u00e9 et a \u00e9t\u00e9 dot\u00e9 d'un essieu oscillant \u00e0 une seule articulation, qui assurait une bien meilleure stabilit\u00e9 de conduite que l'essieu oscillant \u00e0 deux articulations parfois insidieux du coup\u00e9.<\/p>\n<p>Le roadster fut en outre la premi\u00e8re voiture particuli\u00e8re Mercedes \u00e0 \u00eatre \u00e9quip\u00e9e de freins \u00e0 disque sur tous les c\u00f4t\u00e9s \u00e0 partir de 1961.<\/p>\n<p>215 ch issus du six cylindres de trois litres \u00e0 injection directe et une vitesse de pointe de 250 km\/h \u00e9taient \u00e0 l'\u00e9poque une v\u00e9ritable annonce et suffisaient pour entrer dans l'histoire comme l'une des supercars les plus puissantes de son \u00e9poque.<\/p>\n<p>Pendant la p\u00e9riode de construction de 1957 \u00e0 1963, 1 858 exemplaires de la 300 SL ouverte et extr\u00eamement \u00e9l\u00e9gante, de forme allong\u00e9e, ont \u00e9t\u00e9 produits. C'est d'ailleurs cette voiture qui a pos\u00e9 la premi\u00e8re pierre du mythe SL qui perdure encore aujourd'hui.<\/p>\n<p>Num\u00e9ro d'article : M-282<\/p>","protected":false},"excerpt":{"rendered":"<p>M-282 &#8211; 1-brandneu -anstatt 703,00 \u20ac jetzt 633,00 \u20ac inkl. 19% Vat<\/p>","protected":false},"featured_media":54682,"comment_status":"open","ping_status":"closed","template":"","meta":[],"product_brand":[537],"product_cat":[18,19,21],"product_tag":[46,449,263],"class_list":{"0":"post-46707","1":"product","2":"type-product","3":"status-publish","4":"has-post-thumbnail","6":"product_brand-cmc","7":"product_cat-cmc","8":"product_cat-mercedes-benz","9":"product_cat-verfuegbar","10":"product_tag-cmc","11":"product_tag-mercedes-benz","12":"product_tag-vorbestellbar","13":"pa_automarke-mercedes","14":"pa_decade-1950s","15":"pa_fahrzeugtyp-cabrio","16":"pa_massstab-1-18","17":"pa_modelmarke-cmc","18":"pa_modeltyp-alles-zum-oeffnen","19":"pa_modeltyp-fertigmodell","20":"pa_status-beim-hersteller-verfuegbar","21":"pa_verfuegbarkeit-vorbestellbar","22":"pa_zustand_modell-1-brandneu","23":"pa_zustand_verpackung-1-brandneu","25":"first","26":"instock","27":"sale","28":"taxable","29":"shipping-taxable","30":"purchasable","31":"product-type-simple"},"jetpack_sharing_enabled":true,"_links":{"self":[{"href":"https:\/\/www.modelcars24.de\/fr\/wp-json\/wp\/v2\/product\/46707","targetHints":{"allow":["GET"]}}],"collection":[{"href":"https:\/\/www.modelcars24.de\/fr\/wp-json\/wp\/v2\/product"}],"about":[{"href":"https:\/\/www.modelcars24.de\/fr\/wp-json\/wp\/v2\/types\/product"}],"replies":[{"embeddable":true,"href":"https:\/\/www.modelcars24.de\/fr\/wp-json\/wp\/v2\/comments?post=46707"}],"version-history":[{"count":7,"href":"https:\/\/www.modelcars24.de\/fr\/wp-json\/wp\/v2\/product\/46707\/revisions"}],"predecessor-version":[{"id":63811,"href":"https:\/\/www.modelcars24.de\/fr\/wp-json\/wp\/v2\/product\/46707\/revisions\/63811"}],"wp:featuredmedia":[{"embeddable":true,"href":"https:\/\/www.modelcars24.de\/fr\/wp-json\/wp\/v2\/media\/54682"}],"wp:attachment":[{"href":"https:\/\/www.modelcars24.de\/fr\/wp-json\/wp\/v2\/media?parent=46707"}],"wp:term":[{"taxonomy":"product_brand","embeddable":true,"href":"https:\/\/www.modelcars24.de\/fr\/wp-json\/wp\/v2\/product_brand?post=46707"},{"taxonomy":"product_cat","embeddable":true,"href":"https:\/\/www.modelcars24.de\/fr\/wp-json\/wp\/v2\/product_cat?post=46707"},{"taxonomy":"product_tag","embeddable":true,"href":"https:\/\/www.modelcars24.de\/fr\/wp-json\/wp\/v2\/product_tag?post=46707"}],"curies":[{"name":"wp","href":"https:\/\/api.w.org\/{rel}","templated":true}]}}