{"id":46713,"date":"2026-04-28T06:59:30","date_gmt":"2026-04-28T04:59:30","guid":{"rendered":"https:\/\/www.modelcars24.de\/?post_type=product&#038;p=46713"},"modified":"2026-05-13T10:29:11","modified_gmt":"2026-05-13T08:29:11","slug":"cmc-mercedes-benz-300-sl-blanc-rouge-2","status":"publish","type":"product","link":"https:\/\/www.modelcars24.de\/fr\/cmc-mercedes-benz-300-sl-white-red\/","title":{"rendered":"CMC Mercedes-Benz 300 SL blanc \/ rouge Limited Edition 1000 pcs. - 1\/18"},"content":{"rendered":"<p>CMC Mercedes-Benz 300 SL, W198, Hardtop blanc ext\u00e9rieur \/ rouge int\u00e9rieur \/ toit blanc Limited Edition 1000 pcs.. Mod\u00e8le de collection de haute qualit\u00e9 \u00e0 l'\u00e9chelle 1:18. M-284<br \/>\nNum\u00e9ro d'article : M-284<\/p>","protected":false},"excerpt":{"rendered":"<p>M-284 &#8211; preorder &#8211; anstatt 697,00 \u20ac jetzt 627,00 \u20ac inkl. 19% Vat<\/p>","protected":false},"featured_media":54679,"comment_status":"open","ping_status":"closed","template":"","meta":[],"product_brand":[537],"product_cat":[279,18,19,262],"product_tag":[505,46,449,263],"class_list":{"0":"post-46713","1":"product","2":"type-product","3":"status-publish","4":"has-post-thumbnail","6":"product_brand-cmc","7":"product_cat-1-m","8":"product_cat-cmc","9":"product_cat-mercedes-benz","10":"product_cat-vorbestellbar","11":"product_tag-1-o","12":"product_tag-cmc","13":"product_tag-mercedes-benz","14":"product_tag-vorbestellbar","15":"pa_automarke-mercedes","16":"pa_decade-1950s","17":"pa_fahrzeugtyp-cabrio","18":"pa_massstab-1-18","19":"pa_modelmarke-cmc","20":"pa_modeltyp-alles-zum-oeffnen","21":"pa_modeltyp-fertigmodell","22":"pa_status-beim-hersteller-verfuegbar","23":"pa_verfuegbarkeit-vorbestellbar","24":"pa_zustand_modell-1-brandneu","25":"pa_zustand_verpackung-1-brandneu","27":"first","28":"instock","29":"sale","30":"taxable","31":"shipping-taxable","32":"purchasable","33":"product-type-simple"},"jetpack_sharing_enabled":true,"_links":{"self":[{"href":"https:\/\/www.modelcars24.de\/fr\/wp-json\/wp\/v2\/product\/46713","targetHints":{"allow":["GET"]}}],"collection":[{"href":"https:\/\/www.modelcars24.de\/fr\/wp-json\/wp\/v2\/product"}],"about":[{"href":"https:\/\/www.modelcars24.de\/fr\/wp-json\/wp\/v2\/types\/product"}],"replies":[{"embeddable":true,"href":"https:\/\/www.modelcars24.de\/fr\/wp-json\/wp\/v2\/comments?post=46713"}],"version-history":[{"count":6,"href":"https:\/\/www.modelcars24.de\/fr\/wp-json\/wp\/v2\/product\/46713\/revisions"}],"predecessor-version":[{"id":58750,"href":"https:\/\/www.modelcars24.de\/fr\/wp-json\/wp\/v2\/product\/46713\/revisions\/58750"}],"wp:featuredmedia":[{"embeddable":true,"href":"https:\/\/www.modelcars24.de\/fr\/wp-json\/wp\/v2\/media\/54679"}],"wp:attachment":[{"href":"https:\/\/www.modelcars24.de\/fr\/wp-json\/wp\/v2\/media?parent=46713"}],"wp:term":[{"taxonomy":"product_brand","embeddable":true,"href":"https:\/\/www.modelcars24.de\/fr\/wp-json\/wp\/v2\/product_brand?post=46713"},{"taxonomy":"product_cat","embeddable":true,"href":"https:\/\/www.modelcars24.de\/fr\/wp-json\/wp\/v2\/product_cat?post=46713"},{"taxonomy":"product_tag","embeddable":true,"href":"https:\/\/www.modelcars24.de\/fr\/wp-json\/wp\/v2\/product_tag?post=46713"}],"curies":[{"name":"wp","href":"https:\/\/api.w.org\/{rel}","templated":true}]}}