{"id":49260,"date":"2025-10-01T13:02:36","date_gmt":"2025-10-01T11:02:36","guid":{"rendered":"https:\/\/www.modelcars24.de\/?post_type=product&#038;p=49260"},"modified":"2026-03-13T19:27:56","modified_gmt":"2026-03-13T18:27:56","slug":"modelcars24-authentique-mercedes-targa-florio-1924-alfred-neubauer-2","status":"publish","type":"product","link":"https:\/\/www.modelcars24.de\/fr\/modelcars24-authentic-mercedes-targa-florio-1924-alfred-neubauer\/","title":{"rendered":"modelcars24 authentique Mercedes Targa Florio 1924 Alfred Neubauer \/ Ernst Hemminger CMC M-186 - 1\/18"},"content":{"rendered":"<h3>modelcars24 authentique Mercedes Targa Florio 1924 Alfred Neubauer \/ Ernst Hemminger CMC M-186<\/h3>\n<p class=\"\" data-start=\"184\" data-end=\"698\">Sicile, avril 1924.<br data-start=\"209\" data-end=\"212\" \/>La poussi\u00e8re dans l'air, la sueur sur le front, le son rauque d'un moteur Mercedes \u00e0 compresseur r\u00e9sonne \u00e0 travers les montagnes. La voiture se fraie un chemin \u00e0 travers les \u00e9troits lacets de la Targa Florio - impitoyable, impitoyable, l\u00e9gendaire. Au volant : le pionnier de la course Alfred Neubauer. \u00c0 ses c\u00f4t\u00e9s, Ernst Hemminger, navigateur pr\u00e9cis et tacticien. Ensemble, ils bravent la chaleur brutale, les graviers coupants et la folie de l'une des courses les plus difficiles de l'\u00e9poque - pour une place dans l'Olympe du sport automobile.<\/p>\n<p class=\"\" data-start=\"700\" data-end=\"1130\">La modelcars24 Mercedes Targa Florio \u00e0 l'\u00e9chelle 1:18 capture ce moment comme aucun autre mod\u00e8le :<br data-start=\"806\" data-end=\"809\" \/>Avec des pneus couverts de poussi\u00e8re, un pot d'\u00e9chappement couvert de suie et des traces d'essence sur le bouchon du r\u00e9servoir. Sur le pot d'\u00e9chappement, on peut voir des traces d'usure dues \u00e0 la mont\u00e9e et \u00e0 la descente du v\u00e9hicule. Le vent de la course a en partie effac\u00e9 la poussi\u00e8re du cadre - ce qui reste, c'est une finition r\u00e9aliste, comme si le v\u00e9hicule venait de franchir la ligne d'arriv\u00e9e.<\/p>\n<p>Un superbe mod\u00e8le en \u00e9dition limit\u00e9e (six exemplaires seulement) qui tente de recr\u00e9er l'atmosph\u00e8re de la course de 1924. Le mod\u00e8le est livr\u00e9 avec une vitrine.<br \/>\nNum\u00e9ro d'article : Mcars-CMC-186<\/p>","protected":false},"excerpt":{"rendered":"<p>Mcars-CMC-186 &#8211; 1-brandneu &#8211; 899,00 \u20ac inkl. 19% Vat<\/p>","protected":false},"featured_media":55106,"comment_status":"open","ping_status":"closed","template":"","meta":{"_acf_changed":false},"product_brand":[841],"product_cat":[918,18,19,20,21],"product_tag":[],"class_list":{"0":"post-49260","1":"product","2":"type-product","3":"status-publish","4":"has-post-thumbnail","6":"product_brand-modelcars24","7":"product_cat-authentic","8":"product_cat-cmc","9":"product_cat-mercedes-benz","10":"product_cat-titel","11":"product_cat-verfuegbar","12":"pa_automarke-alfa-romeo","13":"pa_decade-1930s","14":"pa_fahrzeugtyp-formel-1","15":"pa_farbe-rot","16":"pa_limitiert-ja","17":"pa_massstab-1-18","18":"pa_modelmarke-modelcars24","19":"pa_modeltyp-alles-zum-oeffnen","20":"pa_modeltyp-fertigmodell","21":"pa_verfuegbarkeit-sofort-verfuegbar","22":"pa_zustand_modell-1-brandneu","23":"pa_zustand_verpackung-1-brandneu","25":"first","26":"instock","27":"taxable","28":"shipping-taxable","29":"purchasable","30":"product-type-simple"},"acf":[],"jetpack_sharing_enabled":true,"_links":{"self":[{"href":"https:\/\/www.modelcars24.de\/fr\/wp-json\/wp\/v2\/product\/49260","targetHints":{"allow":["GET"]}}],"collection":[{"href":"https:\/\/www.modelcars24.de\/fr\/wp-json\/wp\/v2\/product"}],"about":[{"href":"https:\/\/www.modelcars24.de\/fr\/wp-json\/wp\/v2\/types\/product"}],"replies":[{"embeddable":true,"href":"https:\/\/www.modelcars24.de\/fr\/wp-json\/wp\/v2\/comments?post=49260"}],"version-history":[{"count":4,"href":"https:\/\/www.modelcars24.de\/fr\/wp-json\/wp\/v2\/product\/49260\/revisions"}],"predecessor-version":[{"id":58764,"href":"https:\/\/www.modelcars24.de\/fr\/wp-json\/wp\/v2\/product\/49260\/revisions\/58764"}],"wp:featuredmedia":[{"embeddable":true,"href":"https:\/\/www.modelcars24.de\/fr\/wp-json\/wp\/v2\/media\/55106"}],"wp:attachment":[{"href":"https:\/\/www.modelcars24.de\/fr\/wp-json\/wp\/v2\/media?parent=49260"}],"wp:term":[{"taxonomy":"product_brand","embeddable":true,"href":"https:\/\/www.modelcars24.de\/fr\/wp-json\/wp\/v2\/product_brand?post=49260"},{"taxonomy":"product_cat","embeddable":true,"href":"https:\/\/www.modelcars24.de\/fr\/wp-json\/wp\/v2\/product_cat?post=49260"},{"taxonomy":"product_tag","embeddable":true,"href":"https:\/\/www.modelcars24.de\/fr\/wp-json\/wp\/v2\/product_tag?post=49260"}],"curies":[{"name":"wp","href":"https:\/\/api.w.org\/{rel}","templated":true}]}}