{"id":49387,"date":"2025-11-21T12:39:03","date_gmt":"2025-11-21T11:39:03","guid":{"rendered":"https:\/\/www.modelcars24.de\/?post_type=product&#038;p=49387"},"modified":"2026-02-03T16:37:02","modified_gmt":"2026-02-03T15:37:02","slug":"martisan-ferrari-250-gto-clear-finish-final-edition","status":"publish","type":"product","link":"https:\/\/www.modelcars24.de\/fr\/martisan-ferrari-250-gto-clear-finish-final-edition\/","title":{"rendered":"Martisan Ferrari 250 GTO clear finish final edition - 1\/18"},"content":{"rendered":"<h2 class=\"product_title entry-title\">Martisan Ferrari 250 GTO clear finish final edition, limit\u00e9e \u00e0 99 mod\u00e8les<\/h2>\n<p>Ces mod\u00e8les exclusifs sont limit\u00e9s \u00e0 99 exemplaires seulement et marquent la fin de la production de la l\u00e9gendaire Martisan 250 GTO avec carrosserie en cuivre et verre v\u00e9ritable. Ce mod\u00e8le est une v\u00e9ritable d\u00e9claration et souligne l'impressionnant savoir-faire de Martisan. C'est une pi\u00e8ce de collection particuli\u00e8re pour les passionn\u00e9s et les collectionneurs qui attachent de l'importance \u00e0 la pr\u00e9cision des d\u00e9tails et \u00e0 l'exclusivit\u00e9.<\/p>\n<p>&nbsp;<\/p>\n<div class=\"woocommerce-product-details__short-description\">\n<p>Num\u00e9ro d'article : Martisan 10<\/p>\n<\/div>","protected":false},"excerpt":{"rendered":"<p class=\"product_title entry-title\">1-brandneu &#8211; 2095,00 \u20ac inkl. 19% Vat<\/p>","protected":false},"featured_media":54947,"comment_status":"open","ping_status":"closed","template":"","meta":[],"product_brand":[877],"product_cat":[63,385,21],"product_tag":[],"class_list":{"0":"post-49387","1":"product","2":"type-product","3":"status-publish","4":"has-post-thumbnail","6":"product_brand-martisan","7":"product_cat-ferrari","8":"product_cat-martisan","9":"product_cat-verfuegbar","10":"pa_automarke-ferrari","11":"pa_decade-1960s","12":"pa_fahrzeugtyp-coupe","13":"pa_farbe-silber","14":"pa_limitiert-ja","15":"pa_massstab-1-18","16":"pa_modelmarke-martisan","17":"pa_modeltyp-alles-zum-oeffnen","18":"pa_modeltyp-fertigmodell","19":"pa_status-beim-hersteller-verfuegbar","20":"pa_verfuegbarkeit-vorbestellbar","21":"pa_zustand_modell-1-brandneu","22":"pa_zustand_verpackung-1-brandneu","24":"first","25":"instock","26":"taxable","27":"shipping-taxable","28":"purchasable","29":"product-type-simple"},"jetpack_sharing_enabled":true,"_links":{"self":[{"href":"https:\/\/www.modelcars24.de\/fr\/wp-json\/wp\/v2\/product\/49387","targetHints":{"allow":["GET"]}}],"collection":[{"href":"https:\/\/www.modelcars24.de\/fr\/wp-json\/wp\/v2\/product"}],"about":[{"href":"https:\/\/www.modelcars24.de\/fr\/wp-json\/wp\/v2\/types\/product"}],"replies":[{"embeddable":true,"href":"https:\/\/www.modelcars24.de\/fr\/wp-json\/wp\/v2\/comments?post=49387"}],"version-history":[{"count":7,"href":"https:\/\/www.modelcars24.de\/fr\/wp-json\/wp\/v2\/product\/49387\/revisions"}],"predecessor-version":[{"id":58770,"href":"https:\/\/www.modelcars24.de\/fr\/wp-json\/wp\/v2\/product\/49387\/revisions\/58770"}],"wp:featuredmedia":[{"embeddable":true,"href":"https:\/\/www.modelcars24.de\/fr\/wp-json\/wp\/v2\/media\/54947"}],"wp:attachment":[{"href":"https:\/\/www.modelcars24.de\/fr\/wp-json\/wp\/v2\/media?parent=49387"}],"wp:term":[{"taxonomy":"product_brand","embeddable":true,"href":"https:\/\/www.modelcars24.de\/fr\/wp-json\/wp\/v2\/product_brand?post=49387"},{"taxonomy":"product_cat","embeddable":true,"href":"https:\/\/www.modelcars24.de\/fr\/wp-json\/wp\/v2\/product_cat?post=49387"},{"taxonomy":"product_tag","embeddable":true,"href":"https:\/\/www.modelcars24.de\/fr\/wp-json\/wp\/v2\/product_tag?post=49387"}],"curies":[{"name":"wp","href":"https:\/\/api.w.org\/{rel}","templated":true}]}}