{"id":49625,"date":"2025-04-22T20:29:55","date_gmt":"2025-04-22T18:29:55","guid":{"rendered":"https:\/\/www.modelcars24.de\/?post_type=product&#038;p=49625"},"modified":"2025-12-10T13:38:02","modified_gmt":"2025-12-10T12:38:02","slug":"autoart-porsche-911-carrera-2-7-rs-gulf-blue-with-black-stripes","status":"publish","type":"product","link":"https:\/\/www.modelcars24.de\/fr\/autoart-porsche-911-carrera-2-7-rs-gulf-blue-with-black-stripes\/","title":{"rendered":"AUTOart Porsche 911 Carrera 2.7 RS (Gulf Blue with Black stripes) - 1\/18"},"content":{"rendered":"<p>AUTOart Porsche 911 Carrera 2.7 RS (Gulf Blue with Black stripes). Mod\u00e8le de collection de haute qualit\u00e9 \u00e0 l'\u00e9chelle 1:18.<\/p>\n<p>Num\u00e9ro d'article : 78032<\/p>","protected":false},"excerpt":{"rendered":"<p>78032 &#8211; 1-brandneu &#8211; 239,00 \u20ac inkl. 19% Vat<\/p>","protected":false},"featured_media":49630,"comment_status":"open","ping_status":"closed","template":"","meta":[],"product_brand":[846],"product_cat":[185,56,21],"product_tag":[187,265,202],"class_list":{"0":"post-49625","1":"product","2":"type-product","3":"status-publish","4":"has-post-thumbnail","6":"product_brand-autoart","7":"product_cat-autoart","8":"product_cat-porsche","9":"product_cat-verfuegbar","10":"product_tag-autoart","11":"product_tag-porsche","12":"product_tag-verfuegbar","13":"pa_automarke-porsche","14":"pa_decade-2010s","15":"pa_fahrzeugtyp-coupe","16":"pa_limitiert-nein","17":"pa_massstab-1-18","18":"pa_modelmarke-autoart","19":"pa_modeltyp-alles-zum-oeffnen","20":"pa_modeltyp-fertigmodell","21":"pa_status-beim-hersteller-verfuegbar","22":"pa_verfuegbarkeit-5-tage-lieferzeit","23":"pa_zustand_modell-1-brandneu","24":"pa_zustand_verpackung-1-brandneu","26":"first","27":"instock","28":"taxable","29":"shipping-taxable","30":"purchasable","31":"product-type-simple"},"jetpack_sharing_enabled":true,"_links":{"self":[{"href":"https:\/\/www.modelcars24.de\/fr\/wp-json\/wp\/v2\/product\/49625","targetHints":{"allow":["GET"]}}],"collection":[{"href":"https:\/\/www.modelcars24.de\/fr\/wp-json\/wp\/v2\/product"}],"about":[{"href":"https:\/\/www.modelcars24.de\/fr\/wp-json\/wp\/v2\/types\/product"}],"replies":[{"embeddable":true,"href":"https:\/\/www.modelcars24.de\/fr\/wp-json\/wp\/v2\/comments?post=49625"}],"version-history":[{"count":4,"href":"https:\/\/www.modelcars24.de\/fr\/wp-json\/wp\/v2\/product\/49625\/revisions"}],"predecessor-version":[{"id":58773,"href":"https:\/\/www.modelcars24.de\/fr\/wp-json\/wp\/v2\/product\/49625\/revisions\/58773"}],"wp:featuredmedia":[{"embeddable":true,"href":"https:\/\/www.modelcars24.de\/fr\/wp-json\/wp\/v2\/media\/49630"}],"wp:attachment":[{"href":"https:\/\/www.modelcars24.de\/fr\/wp-json\/wp\/v2\/media?parent=49625"}],"wp:term":[{"taxonomy":"product_brand","embeddable":true,"href":"https:\/\/www.modelcars24.de\/fr\/wp-json\/wp\/v2\/product_brand?post=49625"},{"taxonomy":"product_cat","embeddable":true,"href":"https:\/\/www.modelcars24.de\/fr\/wp-json\/wp\/v2\/product_cat?post=49625"},{"taxonomy":"product_tag","embeddable":true,"href":"https:\/\/www.modelcars24.de\/fr\/wp-json\/wp\/v2\/product_tag?post=49625"}],"curies":[{"name":"wp","href":"https:\/\/api.w.org\/{rel}","templated":true}]}}