{"id":49762,"date":"2025-04-25T12:43:55","date_gmt":"2025-04-25T10:43:55","guid":{"rendered":"https:\/\/www.modelcars24.de\/?post_type=product&#038;p=49762"},"modified":"2025-12-17T14:23:06","modified_gmt":"2025-12-17T13:23:06","slug":"mr-collection-lamborghini-revuelto","status":"publish","type":"product","link":"https:\/\/www.modelcars24.de\/fr\/mr-collection-lamborghini-revuelto\/","title":{"rendered":"MR Collection Lamborghini Revuelto - 1\/18"},"content":{"rendered":"<h3>MR Collection Lamborghini Revuelto<\/h3>\n<p>Mod\u00e8le de collection en r\u00e9sine de haute qualit\u00e9 sur plaque de base en cuir \u00e0 l'\u00e9chelle 1:18<\/p>\n<p>Peu avant le 60e anniversaire de la marque, Lamborghini a pr\u00e9sent\u00e9 le Revuelto, la premi\u00e8re super-voiture de sport hybride HPEV (High Performance Electrified Vehicle). Avec le Revuelto, Lamborghini pose de nouveaux jalons en mati\u00e8re de performances, de technologie embarqu\u00e9e et de plaisir de conduite. Le Revuelto offre des sensations ultimes gr\u00e2ce \u00e0 un groupe motopropulseur de 1 015 ch qui combine la puissance d'un tout nouveau moteur \u00e0 combustion interne 12 cylindres avec trois moteurs \u00e9lectriques \u00e0 haute densit\u00e9 et une bo\u00eete de vitesses r\u00e9volutionnaire \u00e0 double embrayage mont\u00e9e transversalement. La puissance de l'hybridation est utilis\u00e9e pour porter les performances et l'exp\u00e9rience de conduite \u00e0 un niveau sans pr\u00e9c\u00e9dent.<\/p>\n<p>Num\u00e9ro d'article : LAMBO058SE10<\/p>","protected":false},"excerpt":{"rendered":"<p>LAMBO058SE10 &#8211; preorder &#8211; anstatt 489,00 \u20ac jetzt 455,00 \u20ac inkl. 19% Vat<\/p>","protected":false},"featured_media":49767,"comment_status":"open","ping_status":"closed","template":"","meta":{"_acf_changed":false},"product_brand":[866],"product_cat":[300,301,262],"product_tag":[172,302,177,303,304,305,181],"class_list":{"0":"post-49762","1":"product","2":"type-product","3":"status-publish","4":"has-post-thumbnail","6":"product_brand-mrcollection","7":"product_cat-lamborghini","8":"product_cat-mr-collection","9":"product_cat-vorbestellbar","10":"product_tag-atelier","11":"product_tag-collection-models-118","12":"product_tag-ferrari-812","13":"product_tag-ferrari-812-competizione-rosso-red","14":"product_tag-ferrari-812-gts","15":"product_tag-legend-model-cars","16":"product_tag-mrcollection","17":"pa_automarke-ferrari","18":"pa_decade-2020s","19":"pa_fahrzeugtyp-cabrio","20":"pa_farbe-rot","21":"pa_limitiert-ja","22":"pa_massstab-1-18","23":"pa_modelmarke-mrcollection","24":"pa_modeltyp-fertigmodell","25":"pa_modeltyp-geschlossen","26":"pa_status-beim-hersteller-verfuegbar","27":"pa_verfuegbarkeit-vorbestellbar","28":"pa_zustand_modell-1-brandneu","29":"pa_zustand_verpackung-1-brandneu","31":"first","32":"instock","33":"sale","34":"taxable","35":"shipping-taxable","36":"purchasable","37":"product-type-simple"},"acf":[],"jetpack_sharing_enabled":true,"_links":{"self":[{"href":"https:\/\/www.modelcars24.de\/fr\/wp-json\/wp\/v2\/product\/49762","targetHints":{"allow":["GET"]}}],"collection":[{"href":"https:\/\/www.modelcars24.de\/fr\/wp-json\/wp\/v2\/product"}],"about":[{"href":"https:\/\/www.modelcars24.de\/fr\/wp-json\/wp\/v2\/types\/product"}],"replies":[{"embeddable":true,"href":"https:\/\/www.modelcars24.de\/fr\/wp-json\/wp\/v2\/comments?post=49762"}],"version-history":[{"count":4,"href":"https:\/\/www.modelcars24.de\/fr\/wp-json\/wp\/v2\/product\/49762\/revisions"}],"predecessor-version":[{"id":58777,"href":"https:\/\/www.modelcars24.de\/fr\/wp-json\/wp\/v2\/product\/49762\/revisions\/58777"}],"wp:featuredmedia":[{"embeddable":true,"href":"https:\/\/www.modelcars24.de\/fr\/wp-json\/wp\/v2\/media\/49767"}],"wp:attachment":[{"href":"https:\/\/www.modelcars24.de\/fr\/wp-json\/wp\/v2\/media?parent=49762"}],"wp:term":[{"taxonomy":"product_brand","embeddable":true,"href":"https:\/\/www.modelcars24.de\/fr\/wp-json\/wp\/v2\/product_brand?post=49762"},{"taxonomy":"product_cat","embeddable":true,"href":"https:\/\/www.modelcars24.de\/fr\/wp-json\/wp\/v2\/product_cat?post=49762"},{"taxonomy":"product_tag","embeddable":true,"href":"https:\/\/www.modelcars24.de\/fr\/wp-json\/wp\/v2\/product_tag?post=49762"}],"curies":[{"name":"wp","href":"https:\/\/api.w.org\/{rel}","templated":true}]}}