{"id":50365,"date":"2025-05-14T11:15:53","date_gmt":"2025-05-14T09:15:53","guid":{"rendered":"https:\/\/www.modelcars24.de\/?post_type=product&#038;p=50365"},"modified":"2025-12-10T13:38:18","modified_gmt":"2025-12-10T12:38:18","slug":"amalgame-mercedes-benz-300-sl-porte-bagages","status":"publish","type":"product","link":"https:\/\/www.modelcars24.de\/fr\/amalgam-mercedes-benz-300-sl-fluegeltuerer\/","title":{"rendered":"Amalgame Mercedes-Benz 300 SL \u00e0 portes papillon (1955) | Edition limit\u00e9e 1:8 - 1\/8"},"content":{"rendered":"<h2>Amalgame Mercedes-Benz 300 SL \u00e0 portes papillon (1955) | Edition limit\u00e9e 1:8<\/h2>\n<p>L'id\u00e9e de cette voiture Grand Prix W194 all\u00e9g\u00e9e, lanc\u00e9e en 1954, revient au concessionnaire Mercedes new-yorkais Max Hoffman, l'importateur officiel de Daimler-Benz aux \u00c9tats-Unis. Il pensait qu'une telle voiture attirerait les amateurs am\u00e9ricains fortun\u00e9s de voitures hautes performances. Par cons\u00e9quent, la nouvelle 300 SL a \u00e9t\u00e9 pr\u00e9sent\u00e9e en 1954 au salon de l'automobile de New York et non aux salons de l'automobile de Gen\u00e8ve ou de Francfort, o\u00f9 Mercedes pr\u00e9sentait traditionnellement ses nouveaux mod\u00e8les. Avec une vitesse maximale de 217 km\/h et une acc\u00e9l\u00e9ration de 0 \u00e0 100 km\/h en 8,8 secondes environ, la 300 SL \u00e9tait la voiture de s\u00e9rie la plus rapide de son \u00e9poque. Elle \u00e9tait \u00e9galement le premier mod\u00e8le produit en s\u00e9rie \u00e0 \u00eatre \u00e9quip\u00e9 d'un syst\u00e8me d'injection de carburant, ce qui a permis de doubler la puissance de 115 \u00e0 212 ch. La 300 SL a connu un succ\u00e8s imm\u00e9diat et est devenue c\u00e9l\u00e8bre pour ses remarquables portes en forme d'ailes. Environ trois quarts des unit\u00e9s produites par le constructeur allemand ont \u00e9t\u00e9 vendues sur le march\u00e9 am\u00e9ricain, ce qui confirme le brio de l'id\u00e9e initiale de Max Hoffman.<\/p>\n<p>Ce mod\u00e8le haut de gamme de la Mercedes-Benz 300 SL \u00e0 l'\u00e9chelle 1:8 a \u00e9t\u00e9 fabriqu\u00e9 et achev\u00e9 \u00e0 la main dans nos ateliers, en collaboration avec Mercedes, en ce qui concerne les surfaces, les mat\u00e9riaux, les images d'archives et les dessins d'origine. Gr\u00e2ce \u00e0 des scans num\u00e9riques de haute pr\u00e9cision du v\u00e9hicule original, nous avons pu reproduire chaque d\u00e9tail \u00e0 l'\u00e9chelle. En outre, les \u00e9quipes d'ing\u00e9nieurs et de designers ont proc\u00e9d\u00e9 \u00e0 un examen d\u00e9taill\u00e9 afin de garantir une repr\u00e9sentation absolument pr\u00e9cise.<\/p>\n<p>Num\u00e9ro d'article : A-Merc-300<\/p>","protected":false},"excerpt":{"rendered":"<p>preorder &#8211; 19950 \u20ac inkl. 19% Vat<\/p>","protected":false},"featured_media":50367,"comment_status":"open","ping_status":"closed","template":"","meta":[],"product_brand":[864],"product_cat":[286,337,21],"product_tag":[288,209,202],"class_list":{"0":"post-50365","1":"product","2":"type-product","3":"status-publish","4":"has-post-thumbnail","6":"product_brand-amalgam","7":"product_cat-amalgam","8":"product_cat-bentley","9":"product_cat-verfuegbar","10":"product_tag-amalgam","11":"product_tag-ferrari","12":"product_tag-verfuegbar","13":"pa_automarke-mercedes","14":"pa_decade-1950s","15":"pa_fahrzeugtyp-coupe","16":"pa_farbe-rot","17":"pa_limitiert-ja","18":"pa_massstab-1-8","19":"pa_modelmarke-amalgam","20":"pa_modeltyp-fertigmodell","21":"pa_status-beim-hersteller-verfuegbar","22":"pa_verfuegbarkeit-5-tage-lieferzeit","23":"pa_zustand_modell-1-brandneu","24":"pa_zustand_verpackung-1-brandneu","26":"first","27":"instock","28":"taxable","29":"shipping-taxable","30":"purchasable","31":"product-type-simple"},"jetpack_sharing_enabled":true,"_links":{"self":[{"href":"https:\/\/www.modelcars24.de\/fr\/wp-json\/wp\/v2\/product\/50365","targetHints":{"allow":["GET"]}}],"collection":[{"href":"https:\/\/www.modelcars24.de\/fr\/wp-json\/wp\/v2\/product"}],"about":[{"href":"https:\/\/www.modelcars24.de\/fr\/wp-json\/wp\/v2\/types\/product"}],"replies":[{"embeddable":true,"href":"https:\/\/www.modelcars24.de\/fr\/wp-json\/wp\/v2\/comments?post=50365"}],"version-history":[{"count":3,"href":"https:\/\/www.modelcars24.de\/fr\/wp-json\/wp\/v2\/product\/50365\/revisions"}],"predecessor-version":[{"id":58798,"href":"https:\/\/www.modelcars24.de\/fr\/wp-json\/wp\/v2\/product\/50365\/revisions\/58798"}],"wp:featuredmedia":[{"embeddable":true,"href":"https:\/\/www.modelcars24.de\/fr\/wp-json\/wp\/v2\/media\/50367"}],"wp:attachment":[{"href":"https:\/\/www.modelcars24.de\/fr\/wp-json\/wp\/v2\/media?parent=50365"}],"wp:term":[{"taxonomy":"product_brand","embeddable":true,"href":"https:\/\/www.modelcars24.de\/fr\/wp-json\/wp\/v2\/product_brand?post=50365"},{"taxonomy":"product_cat","embeddable":true,"href":"https:\/\/www.modelcars24.de\/fr\/wp-json\/wp\/v2\/product_cat?post=50365"},{"taxonomy":"product_tag","embeddable":true,"href":"https:\/\/www.modelcars24.de\/fr\/wp-json\/wp\/v2\/product_tag?post=50365"}],"curies":[{"name":"wp","href":"https:\/\/api.w.org\/{rel}","templated":true}]}}