{"id":5074,"date":"2025-09-01T17:10:31","date_gmt":"2025-09-01T15:10:31","guid":{"rendered":"https:\/\/www.modelcars24.de\/?post_type=product&#038;p=5074"},"modified":"2025-12-10T13:25:36","modified_gmt":"2025-12-10T12:25:36","slug":"cmc-ferrari-250-gt-swb-competizione","status":"publish","type":"product","link":"https:\/\/www.modelcars24.de\/fr\/cmc-ferrari-250-gt-swb-competizione\/","title":{"rendered":"CMC Ferrari 250 GT, SWB Competizione, #14, 1961 - 1\/18"},"content":{"rendered":"<h3>CMC Ferrari 250 GT SWB Competizione, #14, 1961<\/h3>\n<div>\n<ul>\n<li>Mod\u00e8le de pr\u00e9cision en m\u00e9tal assembl\u00e9 \u00e0 la main \u00e0 partir de plus de 1100 pi\u00e8ces<\/li>\n<li>Carrosserie authentique et \u00e0 l'\u00e9chelle avec une peinture brillante<\/li>\n<li>Capot du moteur et du coffre \u00e0 bagages ouvrable<\/li>\n<li>Moteur en V \u00e0 douze cylindres hautement d\u00e9taill\u00e9 avec pose compl\u00e8te des conduites et du c\u00e2blage<\/li>\n<\/ul>\n<\/div>\n<div>\n<p>Caract\u00e9ristiques distinctives par rapport \u00e0 la version routi\u00e8re CMC<\/p>\n<ul>\n<li>Peinture gris argent\u00e9 avec bande longitudinale bleue<\/li>\n<li>Num\u00e9ros de d\u00e9part imprim\u00e9s au tampon<\/li>\n<li>Pas de pare-chocs<\/li>\n<li>Prises d'air avant suppl\u00e9mentaires pour refroidir les freins \u00e0 disque avant<\/li>\n<li>D\u00e9flecteur d'insectes sur le capot<\/li>\n<li>\u00c9clairage commutable du num\u00e9ro de d\u00e9part sur le couvercle du coffre et du voyant rouge sur l'aile arri\u00e8re droite pour annoncer un arr\u00eat au stand<\/li>\n<li>Passages de roue arri\u00e8re \u00e9vas\u00e9s<\/li>\n<li>roues plus grandes \u00e0 l'avant et \u00e0 l'arri\u00e8re - garde-boue sur les passages de roue arri\u00e8re<\/li>\n<li>Syst\u00e8me d'\u00e9chappement r\u00e9vis\u00e9 avec sorties SNAP chrom\u00e9es et t\u00f4le de protection au-dessus de la double sortie d'\u00e9chappement gauche<\/li>\n<li>R\u00e9servoir de course mobile - fermeture rapide sans trappe \u00e0 carburant<\/li>\n<li>Tableau de bord avec surface en vernis r\u00e9tractable noir<\/li>\n<li>Portes avec rev\u00eatement lat\u00e9ral ouvert sans fonctionnement de la manivelle de la fen\u00eatre<\/li>\n<li>Coffre r\u00e9am\u00e9nag\u00e9 avec r\u00e9servoir agrandi et roue de secours<\/li>\n<li>Syst\u00e8me de carburation avec entonnoirs d'aspiration ouverts et bac \u00e0 air<\/li>\n<li>Groupe de plancher avec t\u00f4les de couverture<\/li>\n<li>Fourches du cric \u00e0 l'avant et \u00e0 l'arri\u00e8re<\/li>\n<\/ul>\n<\/div>\n<h4>Description du v\u00e9hicule original :<\/h4>\n<div>Unique et une classe \u00e0 part. Le vainqueur grandiose du Mans en 1961. D\u00e8s que le nom \u201eFerrari\u201c est prononc\u00e9, les yeux des passionn\u00e9s d'automobile se mettent \u00e0 briller. Les Berlinettes, en particulier, sont rest\u00e9es l\u00e9gendaires jusqu'\u00e0 aujourd'hui. Du milieu des ann\u00e9es cinquante au d\u00e9but des ann\u00e9es soixante, les 250 GT ont domin\u00e9 la cat\u00e9gorie des grandes GT, d'abord avec un empattement long puis, \u00e0 partir de 1959 et jusqu'\u00e0 l'arr\u00eat de la production en 1962, avec un empattement court - passo corto ou SWB pour \u201eshort wheel base\u201c. Un repr\u00e9sentant c\u00e9l\u00e8bre de la version de course \u201eCompetizione\u201c est la Berlinetta gris argent\u00e9 avec le num\u00e9ro de ch\u00e2ssis 2689. Achev\u00e9e le 30 mai 1961, la GT de course avec ses bandes de course bleues Gordini-French voyantes participait d\u00e9j\u00e0 onze jours plus tard aux c\u00e9l\u00e8bres 24 heures du Mans avec le num\u00e9ro de course 14. L'\u00e9quipe de pilotes Jean Guichet \/ Pierre Noblet a non seulement remport\u00e9 une victoire grandiose dans la cat\u00e9gorie GT, mais a \u00e9galement obtenu une sensationnelle troisi\u00e8me place au classement g\u00e9n\u00e9ral de toutes les voitures participantes.<\/div>\n<p>Num\u00e9ro d'article : M-079<\/p>\n<p>2 neufs avec tous les accessoires.<\/p>","protected":false},"excerpt":{"rendered":"<p>M-079 &#8211; -2-neuwertig &#8211; 550,00 \u20ac<\/p>","protected":false},"featured_media":41975,"comment_status":"open","ping_status":"closed","template":"","meta":{"_acf_changed":false},"product_brand":[537],"product_cat":[18,63,45,136,21],"product_tag":[],"class_list":{"0":"post-5074","1":"product","2":"type-product","3":"status-publish","4":"has-post-thumbnail","6":"product_brand-cmc","7":"product_cat-cmc","8":"product_cat-ferrari","9":"product_cat-neuzugang","10":"product_cat-raritaet","11":"product_cat-verfuegbar","12":"pa_automarke-ferrari","13":"pa_decade-1960s","14":"pa_fahrzeugtyp-coupe","15":"pa_farbe-silber","16":"pa_limitiert-ja","17":"pa_massstab-1-18","18":"pa_modelmarke-cmc","19":"pa_modeltyp-alles-zum-oeffnen","20":"pa_modeltyp-fertigmodell","21":"pa_status-beim-hersteller-ausverkauft","22":"pa_verfuegbarkeit-sofort-verfuegbar","23":"pa_zustand_modell-2-neuwertig","24":"pa_zustand_verpackung-3-gebraucht","26":"first","27":"outofstock","28":"purchasable","29":"product-type-simple"},"acf":[],"jetpack_sharing_enabled":true,"_links":{"self":[{"href":"https:\/\/www.modelcars24.de\/fr\/wp-json\/wp\/v2\/product\/5074","targetHints":{"allow":["GET"]}}],"collection":[{"href":"https:\/\/www.modelcars24.de\/fr\/wp-json\/wp\/v2\/product"}],"about":[{"href":"https:\/\/www.modelcars24.de\/fr\/wp-json\/wp\/v2\/types\/product"}],"replies":[{"embeddable":true,"href":"https:\/\/www.modelcars24.de\/fr\/wp-json\/wp\/v2\/comments?post=5074"}],"version-history":[{"count":5,"href":"https:\/\/www.modelcars24.de\/fr\/wp-json\/wp\/v2\/product\/5074\/revisions"}],"predecessor-version":[{"id":57531,"href":"https:\/\/www.modelcars24.de\/fr\/wp-json\/wp\/v2\/product\/5074\/revisions\/57531"}],"wp:featuredmedia":[{"embeddable":true,"href":"https:\/\/www.modelcars24.de\/fr\/wp-json\/wp\/v2\/media\/41975"}],"wp:attachment":[{"href":"https:\/\/www.modelcars24.de\/fr\/wp-json\/wp\/v2\/media?parent=5074"}],"wp:term":[{"taxonomy":"product_brand","embeddable":true,"href":"https:\/\/www.modelcars24.de\/fr\/wp-json\/wp\/v2\/product_brand?post=5074"},{"taxonomy":"product_cat","embeddable":true,"href":"https:\/\/www.modelcars24.de\/fr\/wp-json\/wp\/v2\/product_cat?post=5074"},{"taxonomy":"product_tag","embeddable":true,"href":"https:\/\/www.modelcars24.de\/fr\/wp-json\/wp\/v2\/product_tag?post=5074"}],"curies":[{"name":"wp","href":"https:\/\/api.w.org\/{rel}","templated":true}]}}