{"id":5076,"date":"2021-12-01T17:10:31","date_gmt":"2021-12-01T16:10:31","guid":{"rendered":"http:\/\/www.mondo-legno.com\/?post_type=product&#038;p=5076"},"modified":"2025-12-10T13:25:37","modified_gmt":"2025-12-10T12:25:37","slug":"cmc-mercedes-benz-300d-2","status":"publish","type":"product","link":"https:\/\/www.modelcars24.de\/fr\/cmc-mercedes-benz-300d-2\/","title":{"rendered":"CMC Mercedes-Benz 300d, 1958\/62 - 1\/24"},"content":{"rendered":"<h3>CMC Mercedes-Benz 300d, 1958\/62<\/h3>\n<div>\n<ul>\n<li>Moteur d\u00e9taill\u00e9<\/li>\n<li>Roues avant directrices<\/li>\n<li>Capot, portes, couvercle de coffre et trappe \u00e0 carburant ouvrables<\/li>\n<li>Capote avec rev\u00eatement en tissu v\u00e9ritable (non mobile)<\/li>\n<li>essieu arri\u00e8re et roues avant \u00e0 suspension<\/li>\n<li>Masque de radiateur avec entretoises en acier inoxydable ins\u00e9r\u00e9es \u00e0 la main et grille en m\u00e9tal v\u00e9ritable<\/li>\n<li>Pare-chocs en m\u00e9tal massif<\/li>\n<li>Garnitures de protection contre les gravillons sur les ailes arri\u00e8re en acier inoxydable<\/li>\n<li>Bas de porte avec baguettes m\u00e9talliques et inserts en caoutchouc dur<\/li>\n<li>Toutes les baguettes d\u00e9coratives sont en m\u00e9tal et mont\u00e9es en retrait.<\/li>\n<li>Si\u00e8ges et habillage int\u00e9rieur en cuir v\u00e9ritable<\/li>\n<li>Tableau de bord en imitation bois v\u00e9ritable<\/li>\n<li>Dossier rabattable des si\u00e8ges avant et accoudoir central rabattable de la banquette arri\u00e8re<\/li>\n<\/ul>\n<\/div>\n<h4>Description du v\u00e9hicule d'origine Mercedes-Benz 300d :<\/h4>\n<div>En avril 1951, Daimler-Benz pr\u00e9sentait \u00e0 l'IAA de Francfort la Type 300, la voiture de s\u00e9rie la plus grande et la plus rapide de production allemande de l'\u00e9poque.<br \/>\nD\u00e9j\u00e0 \u00e0 l'\u00e9poque, ce mod\u00e8le devient le v\u00e9hicule pr\u00e9f\u00e9r\u00e9 des c\u00e9l\u00e9brit\u00e9s du monde politique, \u00e9conomique et cin\u00e9matographique. Le pr\u00e9sident allemand Theodor Heuss et le ministre de l'\u00e9conomie Ludwig Erhard se font conduire en 300. Mais le v\u00e9hicule devient c\u00e9l\u00e8bre sous le nom de \u201eMercedes Adenauer\u201c, car le premier chancelier f\u00e9d\u00e9ral d'Allemagne accorde une grande importance au fait d'\u00eatre conduit dans une 300 de Mercedes-Benz.<br \/>\nLa premi\u00e8re 300 d'Adenauer de 1951 peut \u00eatre admir\u00e9e aujourd'hui \u00e0 la \u201eMaison de l'histoire\u201c de Bonn, et sa derni\u00e8re voiture de 1955 au mus\u00e9e Mercedes-Benz.<br \/>\nEn ao\u00fbt 1957, la Mercedes-Benz Type 300 est lanc\u00e9e sur le march\u00e9 en version modernis\u00e9e 300d, qui est \u00e9galement disponible en cabriolet D \u00e0 partir de juillet 1958.<\/div>\n<p>Num\u00e9ro d'article : M-026-1-5337<\/p>","protected":false},"excerpt":{"rendered":"<p>Mercedes-Benz 300d, 1958\/62 modelcar, M-026, from CMC, now available at www.modelcars24.de<\/p>","protected":false},"featured_media":45229,"comment_status":"open","ping_status":"closed","template":"","meta":{"_acf_changed":false},"product_brand":[537],"product_cat":[18,19,45,136,21],"product_tag":[],"class_list":{"0":"post-5076","1":"product","2":"type-product","3":"status-publish","4":"has-post-thumbnail","6":"product_brand-cmc","7":"product_cat-cmc","8":"product_cat-mercedes-benz","9":"product_cat-neuzugang","10":"product_cat-raritaet","11":"product_cat-verfuegbar","12":"pa_automarke-mercedes","13":"pa_decade-1950s","14":"pa_fahrzeugtyp-cabrio","15":"pa_farbe-gruen","16":"pa_limitiert-nein","17":"pa_massstab-1-24","18":"pa_modelmarke-cmc","19":"pa_modeltyp-alles-zum-oeffnen","20":"pa_modeltyp-fertigmodell","21":"pa_status-beim-hersteller-ausverkauft","22":"pa_verfuegbarkeit-sofort-verfuegbar","23":"pa_zustand_modell-2-neuwertig","24":"pa_zustand_verpackung-ohne","26":"first","27":"outofstock","28":"purchasable","29":"product-type-simple"},"acf":[],"jetpack_sharing_enabled":true,"_links":{"self":[{"href":"https:\/\/www.modelcars24.de\/fr\/wp-json\/wp\/v2\/product\/5076","targetHints":{"allow":["GET"]}}],"collection":[{"href":"https:\/\/www.modelcars24.de\/fr\/wp-json\/wp\/v2\/product"}],"about":[{"href":"https:\/\/www.modelcars24.de\/fr\/wp-json\/wp\/v2\/types\/product"}],"replies":[{"embeddable":true,"href":"https:\/\/www.modelcars24.de\/fr\/wp-json\/wp\/v2\/comments?post=5076"}],"version-history":[{"count":3,"href":"https:\/\/www.modelcars24.de\/fr\/wp-json\/wp\/v2\/product\/5076\/revisions"}],"predecessor-version":[{"id":57533,"href":"https:\/\/www.modelcars24.de\/fr\/wp-json\/wp\/v2\/product\/5076\/revisions\/57533"}],"wp:featuredmedia":[{"embeddable":true,"href":"https:\/\/www.modelcars24.de\/fr\/wp-json\/wp\/v2\/media\/45229"}],"wp:attachment":[{"href":"https:\/\/www.modelcars24.de\/fr\/wp-json\/wp\/v2\/media?parent=5076"}],"wp:term":[{"taxonomy":"product_brand","embeddable":true,"href":"https:\/\/www.modelcars24.de\/fr\/wp-json\/wp\/v2\/product_brand?post=5076"},{"taxonomy":"product_cat","embeddable":true,"href":"https:\/\/www.modelcars24.de\/fr\/wp-json\/wp\/v2\/product_cat?post=5076"},{"taxonomy":"product_tag","embeddable":true,"href":"https:\/\/www.modelcars24.de\/fr\/wp-json\/wp\/v2\/product_tag?post=5076"}],"curies":[{"name":"wp","href":"https:\/\/api.w.org\/{rel}","templated":true}]}}