{"id":51878,"date":"2025-06-18T14:39:08","date_gmt":"2025-06-18T12:39:08","guid":{"rendered":"https:\/\/www.modelcars24.de\/?post_type=product&#038;p=51878"},"modified":"2025-12-10T13:38:40","modified_gmt":"2025-12-10T12:38:40","slug":"bbr-ferrari-499p-car-n-50-24h-le-mans-2025","status":"publish","type":"product","link":"https:\/\/www.modelcars24.de\/fr\/bbr-ferrari-499p-car-n-50-24h-le-mans-2025\/","title":{"rendered":"BBR Ferrari 499P car n. 50 - 24h Le Mans 2025 drivers Fuoco Nielsen Molina - 1\/18"},"content":{"rendered":"<p>Ferrari 499P car n. 50 - 24h Le Mans 2025<br \/>\n<span class=\"BBR_SchedaProdotto_SubTitle\">drivers Fuoco Nielsen Molina<\/span>. Mod\u00e8le de collection de haute qualit\u00e9 \u00e0 l'\u00e9chelle 1:18.<\/p>\n<p>Ferrari a remport\u00e9 les 24 Heures du Mans 2025. Ferrari a remport\u00e9 trois victoires cons\u00e9cutives dans cette course d'endurance, mais cette fois, c'\u00e9tait au tour de la \u201ejaune\u201c num\u00e9ro 83 de Robert Kubica, Yifei Ye et Philip Hanson.<br \/>\nL'\u00e9quipe ind\u00e9pendante, qui avait d\u00e9j\u00e0 remport\u00e9 une course WEC \u00e0 Austin en 2024, a surpris les fans et a v\u00e9cu un v\u00e9ritable honneur avec son succ\u00e8s au Mans.<br \/>\nPour l'\u00e9quipe de Maranello, il s'agit de la douzi\u00e8me victoire au Mans. Rien que dans le palmar\u00e8s des ann\u00e9es 1960, on trouve cinq victoires cons\u00e9cutives.<br \/>\nLa troisi\u00e8me place de la num\u00e9ro 51 avec Giovinazzi, Calado et Pier Guidi - vainqueur en 2023 - souligne la fiabilit\u00e9 de la voiture. Dommage que la p\u00e9nalit\u00e9 dans les derni\u00e8res heures de course ait permis \u00e0 Porsche de d\u00e9passer la voiture. Ainsi s'est termin\u00e9 le r\u00eave du all-in pour les hypercars du Cavallino Rampante.<br \/>\nQuatri\u00e8me place pour la 499P des vainqueurs de Fuoco, Nielsen, Molina en 2024. La num\u00e9ro 50 \u00e9tait la plus rapide des trois Ferrari de l'hyperpole qui attribue les places de d\u00e9part.<\/p>\n<p>Num\u00e9ro d'article : P18271A<\/p>\n<p>avec capot en acrylique<\/p>","protected":false},"excerpt":{"rendered":"<p>&nbsp;<\/p>\n<p>P18271C- preorder &#8211; anstatt 493,00 \u20ac jetzt 445,00 inkl. 19% vat<\/p>","protected":false},"featured_media":51849,"comment_status":"open","ping_status":"closed","template":"","meta":{"_acf_changed":false},"product_brand":[851],"product_cat":[169,63,262],"product_tag":[173,209,202],"class_list":{"0":"post-51878","1":"product","2":"type-product","3":"status-publish","4":"has-post-thumbnail","6":"product_brand-bbr","7":"product_cat-bbr","8":"product_cat-ferrari","9":"product_cat-vorbestellbar","10":"product_tag-bbr","11":"product_tag-ferrari","12":"product_tag-verfuegbar","13":"pa_automarke-ferrari","14":"pa_decade-2020s","15":"pa_fahrzeugtyp-gt-rennen","16":"pa_farbe-rot","17":"pa_limitiert-ja","18":"pa_massstab-1-18","19":"pa_modelmarke-bbr","20":"pa_modeltyp-fertigmodell","21":"pa_modeltyp-geschlossen","22":"pa_status-beim-hersteller-verfuegbar","23":"pa_zustand_modell-1-brandneu","24":"pa_zustand_verpackung-1-brandneu","26":"first","27":"instock","28":"sale","29":"taxable","30":"shipping-taxable","31":"purchasable","32":"product-type-simple"},"acf":[],"jetpack_sharing_enabled":true,"_links":{"self":[{"href":"https:\/\/www.modelcars24.de\/fr\/wp-json\/wp\/v2\/product\/51878","targetHints":{"allow":["GET"]}}],"collection":[{"href":"https:\/\/www.modelcars24.de\/fr\/wp-json\/wp\/v2\/product"}],"about":[{"href":"https:\/\/www.modelcars24.de\/fr\/wp-json\/wp\/v2\/types\/product"}],"replies":[{"embeddable":true,"href":"https:\/\/www.modelcars24.de\/fr\/wp-json\/wp\/v2\/comments?post=51878"}],"version-history":[{"count":4,"href":"https:\/\/www.modelcars24.de\/fr\/wp-json\/wp\/v2\/product\/51878\/revisions"}],"predecessor-version":[{"id":58817,"href":"https:\/\/www.modelcars24.de\/fr\/wp-json\/wp\/v2\/product\/51878\/revisions\/58817"}],"wp:featuredmedia":[{"embeddable":true,"href":"https:\/\/www.modelcars24.de\/fr\/wp-json\/wp\/v2\/media\/51849"}],"wp:attachment":[{"href":"https:\/\/www.modelcars24.de\/fr\/wp-json\/wp\/v2\/media?parent=51878"}],"wp:term":[{"taxonomy":"product_brand","embeddable":true,"href":"https:\/\/www.modelcars24.de\/fr\/wp-json\/wp\/v2\/product_brand?post=51878"},{"taxonomy":"product_cat","embeddable":true,"href":"https:\/\/www.modelcars24.de\/fr\/wp-json\/wp\/v2\/product_cat?post=51878"},{"taxonomy":"product_tag","embeddable":true,"href":"https:\/\/www.modelcars24.de\/fr\/wp-json\/wp\/v2\/product_tag?post=51878"}],"curies":[{"name":"wp","href":"https:\/\/api.w.org\/{rel}","templated":true}]}}