{"id":52364,"date":"2025-07-02T10:46:01","date_gmt":"2025-07-02T08:46:01","guid":{"rendered":"https:\/\/www.modelcars24.de\/?post_type=product&#038;p=52364"},"modified":"2025-12-10T13:38:43","modified_gmt":"2025-12-10T12:38:43","slug":"bbr-ferrari-f355-berlinetta-1994-manuel-giallo-modena","status":"publish","type":"product","link":"https:\/\/www.modelcars24.de\/fr\/bbr-ferrari-f355-berlinetta-1994-manual-gear-giallo-modena\/","title":{"rendered":"BBR Ferrari F355 Berlinetta 1994 manual gear Giallo Modena - black interior - 1\/18"},"content":{"rendered":"<h2>BBR Ferrari F355 Berlinetta 1994 bo\u00eete de vitesses manuelle <span class=\"BBR_SchedaProdotto_SubTitle\">Giallo Modena - int\u00e9rieur noir<\/span>.<\/h2>\n<p>La Ferrari F355 est une voiture de sport biplace \u00e9quip\u00e9e d'un moteur central 8 cylindres \u00e0 l'arri\u00e8re. Elle a \u00e9t\u00e9 produite par le constructeur automobile italien Ferrari de 1994 \u00e0 1999.<br \/>\nLe nom 355 de ce mod\u00e8le indique une cylindr\u00e9e de 3,5 litres et cinq soupapes par cylindre. Lors de la construction, Ferrari a commenc\u00e9 \u00e0 appliquer certaines connaissances du monde de la Formule 1 aux voitures de s\u00e9rie : injection \u00e9lectronique, fond plat, bo\u00eete de vitesses s\u00e9quentielle et ch\u00e2ssis \u00e0 commande \u00e9lectronique pouvant \u00eatre r\u00e9gl\u00e9 sur deux positions diff\u00e9rentes depuis le cockpit : Normal et Sport. Cette derni\u00e8re a notamment rigidifi\u00e9 le ch\u00e2ssis et acc\u00e9l\u00e9r\u00e9 les changements de vitesse sur les versions \u00e9quip\u00e9es d'une bo\u00eete s\u00e9quentielle \u00e0 commande \u00e9lectrique.<br \/>\nLa F355 \u00e9tait \u00e9galement innovante gr\u00e2ce \u00e0 une \u00e9tude a\u00e9rodynamique approfondie de Pininfarina, tant en ce qui concerne les conditions d'\u00e9coulement dans le soubassement enti\u00e8rement habill\u00e9 de la voiture qu'autour de l'habitacle.<\/p>\n<p>Num\u00e9ro d'article : P18140B<\/p>\n<p>avec capot en acyrl<\/p>","protected":false},"excerpt":{"rendered":"<p>P18140B &#8211; preorder &#8211; anstatt 458,00 jetzt 395,00 \u20ac inkl. 19% Vat<\/p>","protected":false},"featured_media":52354,"comment_status":"open","ping_status":"closed","template":"","meta":[],"product_brand":[851],"product_cat":[169,63,262],"product_tag":[173,209,263],"class_list":{"0":"post-52364","1":"product","2":"type-product","3":"status-publish","4":"has-post-thumbnail","6":"product_brand-bbr","7":"product_cat-bbr","8":"product_cat-ferrari","9":"product_cat-vorbestellbar","10":"product_tag-bbr","11":"product_tag-ferrari","12":"product_tag-vorbestellbar","13":"pa_automarke-ferrari","14":"pa_decade-2000s","15":"pa_fahrzeugtyp-coupe","16":"pa_massstab-1-18","17":"pa_modelmarke-bbr","18":"pa_modeltyp-fertigmodell","19":"pa_modeltyp-geschlossen","20":"pa_status-beim-hersteller-verfuegbar","21":"pa_verfuegbarkeit-vorbestellbar","22":"pa_zustand_modell-1-brandneu","23":"pa_zustand_verpackung-1-brandneu","25":"first","26":"instock","27":"sale","28":"taxable","29":"shipping-taxable","30":"purchasable","31":"product-type-simple"},"jetpack_sharing_enabled":true,"_links":{"self":[{"href":"https:\/\/www.modelcars24.de\/fr\/wp-json\/wp\/v2\/product\/52364","targetHints":{"allow":["GET"]}}],"collection":[{"href":"https:\/\/www.modelcars24.de\/fr\/wp-json\/wp\/v2\/product"}],"about":[{"href":"https:\/\/www.modelcars24.de\/fr\/wp-json\/wp\/v2\/types\/product"}],"replies":[{"embeddable":true,"href":"https:\/\/www.modelcars24.de\/fr\/wp-json\/wp\/v2\/comments?post=52364"}],"version-history":[{"count":3,"href":"https:\/\/www.modelcars24.de\/fr\/wp-json\/wp\/v2\/product\/52364\/revisions"}],"predecessor-version":[{"id":58822,"href":"https:\/\/www.modelcars24.de\/fr\/wp-json\/wp\/v2\/product\/52364\/revisions\/58822"}],"wp:featuredmedia":[{"embeddable":true,"href":"https:\/\/www.modelcars24.de\/fr\/wp-json\/wp\/v2\/media\/52354"}],"wp:attachment":[{"href":"https:\/\/www.modelcars24.de\/fr\/wp-json\/wp\/v2\/media?parent=52364"}],"wp:term":[{"taxonomy":"product_brand","embeddable":true,"href":"https:\/\/www.modelcars24.de\/fr\/wp-json\/wp\/v2\/product_brand?post=52364"},{"taxonomy":"product_cat","embeddable":true,"href":"https:\/\/www.modelcars24.de\/fr\/wp-json\/wp\/v2\/product_cat?post=52364"},{"taxonomy":"product_tag","embeddable":true,"href":"https:\/\/www.modelcars24.de\/fr\/wp-json\/wp\/v2\/product_tag?post=52364"}],"curies":[{"name":"wp","href":"https:\/\/api.w.org\/{rel}","templated":true}]}}