{"id":52595,"date":"2026-01-07T14:11:50","date_gmt":"2026-01-07T13:11:50","guid":{"rendered":"https:\/\/www.modelcars24.de\/?post_type=product&#038;p=52595"},"modified":"2026-03-13T09:16:43","modified_gmt":"2026-03-13T08:16:43","slug":"bbr-pagani-zonda-tricolore","status":"publish","type":"product","link":"https:\/\/www.modelcars24.de\/fr\/bbr-pagani-zonda-tricolore\/","title":{"rendered":"BBR Pagani Zonda Tricolore diecast full open SPECIAL PACK - 1\/18"},"content":{"rendered":"<p>BBR Pagani Zonda Tricolore diecast full open SPECIAL PACK. Mod\u00e8le de collection de haute qualit\u00e9 \u00e0 l'\u00e9chelle 1:18.<\/p>\n<p>BBR a cr\u00e9\u00e9, en collaboration avec Almost Real, la Pagani Zonda Cinque \u00e0 l'\u00e9chelle 1:18.<\/p>\n<p>Ce mod\u00e8le tr\u00e8s d\u00e9taill\u00e9 en m\u00e9tal coul\u00e9 sous pression avec des pi\u00e8ces tourn\u00e9es en aluminium et en acier ravira les collectionneurs. Toutes les suspensions sont fonctionnelles ; les fermetures de la capote sont en cuir v\u00e9ritable, d\u00e9coup\u00e9 au laser. La luxueuse bo\u00eete de rangement garantit un entretien optimal du mod\u00e8le.<\/p>\n<p>En 2010, \u00e0 l'occasion du 50e anniversaire des Frecce Tricolori, Pagani Automobili a cr\u00e9\u00e9 la Zonda Tricolore en hommage \u00e0 l'\u00e9quipe nationale italienne de voltige.<\/p>\n<p>Num\u00e9ro d'article : 850620121DIE<\/p>","protected":false},"excerpt":{"rendered":"<p>850331021DIE &#8211; preorder &#8211; 535,00 \u20ac inkl. 19% Vat<\/p>","protected":false},"featured_media":59602,"comment_status":"closed","ping_status":"closed","template":"","meta":{"_acf_changed":false},"product_brand":[851],"product_cat":[16,262],"product_tag":[],"class_list":{"0":"post-52595","1":"product","2":"type-product","3":"status-publish","4":"has-post-thumbnail","6":"product_brand-bbr","7":"product_cat-unkategorisiert","8":"product_cat-vorbestellbar","9":"pa_automarke-pagani","10":"pa_decade-2020s","11":"pa_fahrzeugtyp-coupe","12":"pa_massstab-1-18","13":"pa_modelmarke-bbr","14":"pa_zustand_modell-2-neuwertig","15":"pa_zustand_verpackung-2-neuwertig","17":"first","18":"instock","19":"purchasable","20":"product-type-simple"},"acf":[],"jetpack_sharing_enabled":true,"_links":{"self":[{"href":"https:\/\/www.modelcars24.de\/fr\/wp-json\/wp\/v2\/product\/52595","targetHints":{"allow":["GET"]}}],"collection":[{"href":"https:\/\/www.modelcars24.de\/fr\/wp-json\/wp\/v2\/product"}],"about":[{"href":"https:\/\/www.modelcars24.de\/fr\/wp-json\/wp\/v2\/types\/product"}],"replies":[{"embeddable":true,"href":"https:\/\/www.modelcars24.de\/fr\/wp-json\/wp\/v2\/comments?post=52595"}],"version-history":[{"count":5,"href":"https:\/\/www.modelcars24.de\/fr\/wp-json\/wp\/v2\/product\/52595\/revisions"}],"predecessor-version":[{"id":59610,"href":"https:\/\/www.modelcars24.de\/fr\/wp-json\/wp\/v2\/product\/52595\/revisions\/59610"}],"wp:featuredmedia":[{"embeddable":true,"href":"https:\/\/www.modelcars24.de\/fr\/wp-json\/wp\/v2\/media\/59602"}],"wp:attachment":[{"href":"https:\/\/www.modelcars24.de\/fr\/wp-json\/wp\/v2\/media?parent=52595"}],"wp:term":[{"taxonomy":"product_brand","embeddable":true,"href":"https:\/\/www.modelcars24.de\/fr\/wp-json\/wp\/v2\/product_brand?post=52595"},{"taxonomy":"product_cat","embeddable":true,"href":"https:\/\/www.modelcars24.de\/fr\/wp-json\/wp\/v2\/product_cat?post=52595"},{"taxonomy":"product_tag","embeddable":true,"href":"https:\/\/www.modelcars24.de\/fr\/wp-json\/wp\/v2\/product_tag?post=52595"}],"curies":[{"name":"wp","href":"https:\/\/api.w.org\/{rel}","templated":true}]}}