{"id":52600,"date":"2026-01-07T14:16:46","date_gmt":"2026-01-07T13:16:46","guid":{"rendered":"https:\/\/www.modelcars24.de\/?post_type=product&#038;p=52600"},"modified":"2026-03-13T09:08:15","modified_gmt":"2026-03-13T08:08:15","slug":"bbr-pagani-zonda-revolucion-diecast-full-open-special-pack","status":"publish","type":"product","link":"https:\/\/www.modelcars24.de\/fr\/bbr-pagani-zonda-revolucion-diecast-full-open-special-pack\/","title":{"rendered":"BBR Pagani Zonda Revolucion diecast full open SPECIAL PACK - 1\/18"},"content":{"rendered":"<p>BBR a cr\u00e9\u00e9, en collaboration avec Almost Real, la Pagani Zonda Cinque \u00e0 l'\u00e9chelle 1:18.<br \/>\nMagnifique dans ses d\u00e9tails, pour le plus grand plaisir des collectionneurs, c'est un mod\u00e8le en m\u00e9tal moul\u00e9 sous pression avec des pi\u00e8ces tourn\u00e9es en aluminium et en acier. Toutes les suspensions fonctionnent vraiment ; les fermetures de la capuche sont en cuir v\u00e9ritable, d\u00e9coup\u00e9 au laser.<\/p>\n<p>La Pagani Zonda Revolucion est l'exp\u00e9rience ultime pour tous ceux qui veulent vivre la plus haute performance possible sur le circuit dans un v\u00e9hicule s\u00fbr et intuitif. La Pagani Zonda Revoluci\u00f3n est un objet dans lequel l'art et la science se fondent en une synth\u00e8se parfaite entre technologie et esth\u00e9tique.<br \/>\nNum\u00e9ro d'article : 850625021DIE<\/p>","protected":false},"excerpt":{"rendered":"<p>850625021DIE &#8211; 1-preorder &#8211; 535,00 \u20ac inkl. 19% Vat<\/p>","protected":false},"featured_media":59598,"comment_status":"open","ping_status":"closed","template":"","meta":{"_acf_changed":false},"product_brand":[851],"product_cat":[169,63,262],"product_tag":[173,209,263],"class_list":{"0":"post-52600","1":"product","2":"type-product","3":"status-publish","4":"has-post-thumbnail","6":"product_brand-bbr","7":"product_cat-bbr","8":"product_cat-ferrari","9":"product_cat-vorbestellbar","10":"product_tag-bbr","11":"product_tag-ferrari","12":"product_tag-vorbestellbar","13":"pa_automarke-pagani","14":"pa_decade-2020s","15":"pa_fahrzeugtyp-gt-rennen","16":"pa_limitiert-nein","17":"pa_massstab-1-18","18":"pa_modelmarke-bbr","19":"pa_modeltyp-fertigmodell","20":"pa_modeltyp-geschlossen","21":"pa_status-beim-hersteller-verfuegbar","22":"pa_verfuegbarkeit-vorbestellbar","23":"pa_zustand_modell-1-brandneu","24":"pa_zustand_verpackung-1-brandneu","26":"first","27":"instock","28":"purchasable","29":"product-type-simple"},"acf":[],"jetpack_sharing_enabled":true,"_links":{"self":[{"href":"https:\/\/www.modelcars24.de\/fr\/wp-json\/wp\/v2\/product\/52600","targetHints":{"allow":["GET"]}}],"collection":[{"href":"https:\/\/www.modelcars24.de\/fr\/wp-json\/wp\/v2\/product"}],"about":[{"href":"https:\/\/www.modelcars24.de\/fr\/wp-json\/wp\/v2\/types\/product"}],"replies":[{"embeddable":true,"href":"https:\/\/www.modelcars24.de\/fr\/wp-json\/wp\/v2\/comments?post=52600"}],"version-history":[{"count":5,"href":"https:\/\/www.modelcars24.de\/fr\/wp-json\/wp\/v2\/product\/52600\/revisions"}],"predecessor-version":[{"id":53285,"href":"https:\/\/www.modelcars24.de\/fr\/wp-json\/wp\/v2\/product\/52600\/revisions\/53285"}],"wp:featuredmedia":[{"embeddable":true,"href":"https:\/\/www.modelcars24.de\/fr\/wp-json\/wp\/v2\/media\/59598"}],"wp:attachment":[{"href":"https:\/\/www.modelcars24.de\/fr\/wp-json\/wp\/v2\/media?parent=52600"}],"wp:term":[{"taxonomy":"product_brand","embeddable":true,"href":"https:\/\/www.modelcars24.de\/fr\/wp-json\/wp\/v2\/product_brand?post=52600"},{"taxonomy":"product_cat","embeddable":true,"href":"https:\/\/www.modelcars24.de\/fr\/wp-json\/wp\/v2\/product_cat?post=52600"},{"taxonomy":"product_tag","embeddable":true,"href":"https:\/\/www.modelcars24.de\/fr\/wp-json\/wp\/v2\/product_tag?post=52600"}],"curies":[{"name":"wp","href":"https:\/\/api.w.org\/{rel}","templated":true}]}}