{"id":52999,"date":"2025-07-25T11:51:39","date_gmt":"2025-07-25T09:51:39","guid":{"rendered":"https:\/\/www.modelcars24.de\/?post_type=product&#038;p=52999"},"modified":"2025-12-10T13:38:54","modified_gmt":"2025-12-10T12:38:54","slug":"bbr-ferrari-296-speciale-rosso-corsa","status":"publish","type":"product","link":"https:\/\/www.modelcars24.de\/fr\/bbr-ferrari-296-speciale-rosso-corsa\/","title":{"rendered":"BBR Ferrari 296 Speciale Rosso Corsa - 1\/18"},"content":{"rendered":"<p>BBR Ferrari 296 Speciale Rosso Corsa. Mod\u00e8le de collection de haute qualit\u00e9 \u00e0 l'\u00e9chelle 1:18.<\/p>\n<p>La Ferrari 296 Speciale repr\u00e9sente l'\u00e9volution de la 296 GTB. Pr\u00e9sent\u00e9e en avril 2025 - en m\u00eame temps que la version A (Aperta) \u00e0 toit rigide escamotable - cette Berlinetta hybride rechargeable offre une r\u00e9duction de poids significative et une augmentation des performances globales. Le design se distingue imm\u00e9diatement de la version GTB gr\u00e2ce aux appendices a\u00e9rodynamiques repris de la 296 Challenge, comme l'amortisseur a\u00e9rodynamique avant qui dirige l'air du soubassement vers le capot afin de stabiliser la partie avant. \u00c0 l'arri\u00e8re, les ailerons lat\u00e9raux r\u00e9duisent la r\u00e9sistance \u00e0 l'air et augmentent la d\u00e9portance - une augmentation de 20 % par rapport \u00e0 la 296 GTB. Le moteur est toujours un V6 biturbo avec un moteur \u00e9lectrique MGU-K, mais la puissance totale passe \u00e0 880 ch, soit une augmentation de 50 ch par rapport \u00e0 la 296 GTB.<br \/>\nNum\u00e9ro d'article : P18269B<\/p>\n<p>avec capot en acrylique<\/p>","protected":false},"excerpt":{"rendered":"<p>P18269B &#8211; preorder &#8211; 429,00 \u20ac inkl. 19% Vat<\/p>","protected":false},"featured_media":53022,"comment_status":"open","ping_status":"closed","template":"","meta":[],"product_brand":[851],"product_cat":[169,63,34,262],"product_tag":[78,173,209,263],"class_list":{"0":"post-52999","1":"product","2":"type-product","3":"status-publish","4":"has-post-thumbnail","6":"product_brand-bbr","7":"product_cat-bbr","8":"product_cat-ferrari","9":"product_cat-nicht-verfuegbar","10":"product_cat-vorbestellbar","11":"product_tag-angebot","12":"product_tag-bbr","13":"product_tag-ferrari","14":"product_tag-vorbestellbar","15":"pa_automarke-ferrari","16":"pa_decade-2020s","17":"pa_fahrzeugtyp-coupe","18":"pa_farbe-rot","19":"pa_limitiert-ja","20":"pa_massstab-1-18","21":"pa_modelmarke-bbr","22":"pa_modeltyp-fertigmodell","23":"pa_modeltyp-geschlossen","24":"pa_status-beim-hersteller-verfuegbar","25":"pa_verfuegbarkeit-nicht-verfuegbar","26":"pa_zustand_modell-1-brandneu","27":"pa_zustand_verpackung-1-brandneu","29":"first","30":"instock","31":"taxable","32":"shipping-taxable","33":"purchasable","34":"product-type-simple"},"jetpack_sharing_enabled":true,"_links":{"self":[{"href":"https:\/\/www.modelcars24.de\/fr\/wp-json\/wp\/v2\/product\/52999","targetHints":{"allow":["GET"]}}],"collection":[{"href":"https:\/\/www.modelcars24.de\/fr\/wp-json\/wp\/v2\/product"}],"about":[{"href":"https:\/\/www.modelcars24.de\/fr\/wp-json\/wp\/v2\/types\/product"}],"replies":[{"embeddable":true,"href":"https:\/\/www.modelcars24.de\/fr\/wp-json\/wp\/v2\/comments?post=52999"}],"version-history":[{"count":3,"href":"https:\/\/www.modelcars24.de\/fr\/wp-json\/wp\/v2\/product\/52999\/revisions"}],"predecessor-version":[{"id":58840,"href":"https:\/\/www.modelcars24.de\/fr\/wp-json\/wp\/v2\/product\/52999\/revisions\/58840"}],"wp:featuredmedia":[{"embeddable":true,"href":"https:\/\/www.modelcars24.de\/fr\/wp-json\/wp\/v2\/media\/53022"}],"wp:attachment":[{"href":"https:\/\/www.modelcars24.de\/fr\/wp-json\/wp\/v2\/media?parent=52999"}],"wp:term":[{"taxonomy":"product_brand","embeddable":true,"href":"https:\/\/www.modelcars24.de\/fr\/wp-json\/wp\/v2\/product_brand?post=52999"},{"taxonomy":"product_cat","embeddable":true,"href":"https:\/\/www.modelcars24.de\/fr\/wp-json\/wp\/v2\/product_cat?post=52999"},{"taxonomy":"product_tag","embeddable":true,"href":"https:\/\/www.modelcars24.de\/fr\/wp-json\/wp\/v2\/product_tag?post=52999"}],"curies":[{"name":"wp","href":"https:\/\/api.w.org\/{rel}","templated":true}]}}