{"id":53101,"date":"2025-07-30T09:38:16","date_gmt":"2025-07-30T07:38:16","guid":{"rendered":"https:\/\/www.modelcars24.de\/?post_type=product&#038;p=53101"},"modified":"2025-12-10T13:38:56","modified_gmt":"2025-12-10T12:38:56","slug":"bbr-ferrari-amalfi-rosso-corsa","status":"publish","type":"product","link":"https:\/\/www.modelcars24.de\/fr\/bbr-ferrari-amalfi-rosso-corsa\/","title":{"rendered":"BBR Ferrari Amalfi Rosso Corsa - 1\/18"},"content":{"rendered":"<p>BBR Ferrari Amalfi Rosso Corsa<\/p>\n<p>Mod\u00e8le de collection de haute qualit\u00e9 \u00e0 l'\u00e9chelle 1:18. La Ferrari Amalfi, clairement inspir\u00e9e de la Ferrari Roma, allie tradition et innovation. Le design red\u00e9finit le coup\u00e9 2+ Berlinetta avec un long capot abritant le moteur V8 et un feu avant discret. Les feux arri\u00e8re sont positionn\u00e9s dans un arri\u00e8re compact et \u00e9pur\u00e9.<br \/>\nL'un des \u00e9l\u00e9ments marquants de la partie arri\u00e8re est le spoiler actif mobile avec trois configurations diff\u00e9rentes en fonction de la vitesse et de l'acc\u00e9l\u00e9ration.<br \/>\nDans l'habitacle, on trouve un nouveau volant avec des boutons physiques et le retour du l\u00e9gendaire bouton de d\u00e9marrage.<br \/>\nLa couleur de lancement \u201eVerde Costiera\u201c rappelle les reflets de la mer le long de la c\u00f4te amalfitaine, o\u00f9 la voiture a \u00e9t\u00e9 pr\u00e9sent\u00e9e en juillet 2025.<\/p>\n<p>Num\u00e9ro d'article : P18272A<\/p>","protected":false},"excerpt":{"rendered":"<p>P18272A &#8211; preorder &#8211; 429,00 \u20ac inkl. 19% Vat<\/p>","protected":false},"featured_media":53105,"comment_status":"closed","ping_status":"closed","template":"","meta":[],"product_brand":[851],"product_cat":[262],"product_tag":[],"class_list":{"0":"post-53101","1":"product","2":"type-product","3":"status-publish","4":"has-post-thumbnail","6":"product_brand-bbr","7":"product_cat-vorbestellbar","8":"pa_automarke-ferrari","9":"pa_decade-2020s","10":"pa_fahrzeugtyp-cabrio","11":"pa_massstab-1-18","12":"pa_modelmarke-bbr","13":"pa_zustand_modell-1-brandneu","14":"pa_zustand_verpackung-1-brandneu","16":"first","17":"instock","18":"taxable","19":"shipping-taxable","20":"purchasable","21":"product-type-simple"},"jetpack_sharing_enabled":true,"_links":{"self":[{"href":"https:\/\/www.modelcars24.de\/fr\/wp-json\/wp\/v2\/product\/53101","targetHints":{"allow":["GET"]}}],"collection":[{"href":"https:\/\/www.modelcars24.de\/fr\/wp-json\/wp\/v2\/product"}],"about":[{"href":"https:\/\/www.modelcars24.de\/fr\/wp-json\/wp\/v2\/types\/product"}],"replies":[{"embeddable":true,"href":"https:\/\/www.modelcars24.de\/fr\/wp-json\/wp\/v2\/comments?post=53101"}],"version-history":[{"count":5,"href":"https:\/\/www.modelcars24.de\/fr\/wp-json\/wp\/v2\/product\/53101\/revisions"}],"predecessor-version":[{"id":58842,"href":"https:\/\/www.modelcars24.de\/fr\/wp-json\/wp\/v2\/product\/53101\/revisions\/58842"}],"wp:featuredmedia":[{"embeddable":true,"href":"https:\/\/www.modelcars24.de\/fr\/wp-json\/wp\/v2\/media\/53105"}],"wp:attachment":[{"href":"https:\/\/www.modelcars24.de\/fr\/wp-json\/wp\/v2\/media?parent=53101"}],"wp:term":[{"taxonomy":"product_brand","embeddable":true,"href":"https:\/\/www.modelcars24.de\/fr\/wp-json\/wp\/v2\/product_brand?post=53101"},{"taxonomy":"product_cat","embeddable":true,"href":"https:\/\/www.modelcars24.de\/fr\/wp-json\/wp\/v2\/product_cat?post=53101"},{"taxonomy":"product_tag","embeddable":true,"href":"https:\/\/www.modelcars24.de\/fr\/wp-json\/wp\/v2\/product_tag?post=53101"}],"curies":[{"name":"wp","href":"https:\/\/api.w.org\/{rel}","templated":true}]}}