{"id":53577,"date":"2025-08-15T12:52:58","date_gmt":"2025-08-15T10:52:58","guid":{"rendered":"https:\/\/www.modelcars24.de\/?post_type=product&#038;p=53577"},"modified":"2026-04-22T09:11:35","modified_gmt":"2026-04-22T07:11:35","slug":"autoart-porsche-911-930-turbo-wangan-midnight-blackbird","status":"publish","type":"product","link":"https:\/\/www.modelcars24.de\/fr\/autoart-porsche-911-930-turbo-wangan-midnight-blackbird\/","title":{"rendered":"AUTOart Porsche 911 (930) Turbo Wangan Midnight \u201cBlackbird\u201d - 1\/18"},"content":{"rendered":"<p>AUTOart Porsche 911 (930) Turbo Wangan Midnight \u201cBlackbird\u201d.  Mod\u00e8le de collection de haute qualit\u00e9 \u00e0 l'\u00e9chelle 1:18.<\/p>\n<p>La Porsche 911 (930) Turbo Wangan Midnight \u201cBlackbird\u201d allie la puissance l\u00e9gendaire du turbo \u00e0 l'esth\u00e9tique brute de la sc\u00e8ne Wangan Midnight. Sous le capot, le moteur six cylindres \u00e0 refroidissement par air assure une acc\u00e9l\u00e9ration impressionnante et une sonorit\u00e9 typique de la marque, tandis que le design caract\u00e9ristique de la 930, avec un passage de roue encore plus large, un spoiler avant profond et un axe large, souligne sa silhouette agressive. L'adaptation \u201eBlackbird\u201c se caract\u00e9rise par des couleurs ext\u00e9rieures sombres, des accents discrets et des d\u00e9tails souvent vitreux qui conf\u00e8rent au v\u00e9hicule un drapeau de course furtif et street-legal. Les caract\u00e9ristiques typiques sont des jantes sportives, des freins am\u00e9lior\u00e9s, un int\u00e9rieur ax\u00e9 sur la performance avec des si\u00e8ges Recaro ou des si\u00e8ges sport similaires et souvent un syst\u00e8me d'\u00e9chappement sur mesure qui met en \u00e9vidence le bip caract\u00e9ristique et les basses profondes du moteur turbo. La 930 Turbo est connue pour sa puissance adapt\u00e9e \u00e0 la vie quotidienne, son design embl\u00e9matique et la cr\u00e9ation de l\u00e9gendes autour de la culture du wangan ou du drift, dans laquelle elle est consid\u00e9r\u00e9e comme un symbole de vitesse, de pr\u00e9cision et de performance Porsche intemporelle.<\/p>\n<p>Num\u00e9ro d'article : 78158<\/p>","protected":false},"excerpt":{"rendered":"<p>78158 &#8211; 1-brandneu &#8211; 279,00 \u20ac inkl. 19% Vat<\/p>","protected":false},"featured_media":53579,"comment_status":"open","ping_status":"closed","template":"","meta":{"_acf_changed":false},"product_brand":[846],"product_cat":[185,56,21],"product_tag":[187,265,202],"class_list":{"0":"post-53577","1":"product","2":"type-product","3":"status-publish","4":"has-post-thumbnail","6":"product_brand-autoart","7":"product_cat-autoart","8":"product_cat-porsche","9":"product_cat-verfuegbar","10":"product_tag-autoart","11":"product_tag-porsche","12":"product_tag-verfuegbar","13":"pa_automarke-porsche","14":"pa_decade-2010s","15":"pa_fahrzeugtyp-coupe","16":"pa_limitiert-nein","17":"pa_massstab-1-18","18":"pa_modelmarke-autoart","19":"pa_modeltyp-alles-zum-oeffnen","20":"pa_modeltyp-fertigmodell","21":"pa_status-beim-hersteller-verfuegbar","22":"pa_verfuegbarkeit-5-tage-lieferzeit","23":"pa_zustand_modell-1-brandneu","24":"pa_zustand_verpackung-1-brandneu","26":"first","27":"instock","28":"taxable","29":"shipping-taxable","30":"purchasable","31":"product-type-simple"},"acf":[],"jetpack_sharing_enabled":true,"_links":{"self":[{"href":"https:\/\/www.modelcars24.de\/fr\/wp-json\/wp\/v2\/product\/53577","targetHints":{"allow":["GET"]}}],"collection":[{"href":"https:\/\/www.modelcars24.de\/fr\/wp-json\/wp\/v2\/product"}],"about":[{"href":"https:\/\/www.modelcars24.de\/fr\/wp-json\/wp\/v2\/types\/product"}],"replies":[{"embeddable":true,"href":"https:\/\/www.modelcars24.de\/fr\/wp-json\/wp\/v2\/comments?post=53577"}],"version-history":[{"count":4,"href":"https:\/\/www.modelcars24.de\/fr\/wp-json\/wp\/v2\/product\/53577\/revisions"}],"predecessor-version":[{"id":63399,"href":"https:\/\/www.modelcars24.de\/fr\/wp-json\/wp\/v2\/product\/53577\/revisions\/63399"}],"wp:featuredmedia":[{"embeddable":true,"href":"https:\/\/www.modelcars24.de\/fr\/wp-json\/wp\/v2\/media\/53579"}],"wp:attachment":[{"href":"https:\/\/www.modelcars24.de\/fr\/wp-json\/wp\/v2\/media?parent=53577"}],"wp:term":[{"taxonomy":"product_brand","embeddable":true,"href":"https:\/\/www.modelcars24.de\/fr\/wp-json\/wp\/v2\/product_brand?post=53577"},{"taxonomy":"product_cat","embeddable":true,"href":"https:\/\/www.modelcars24.de\/fr\/wp-json\/wp\/v2\/product_cat?post=53577"},{"taxonomy":"product_tag","embeddable":true,"href":"https:\/\/www.modelcars24.de\/fr\/wp-json\/wp\/v2\/product_tag?post=53577"}],"curies":[{"name":"wp","href":"https:\/\/api.w.org\/{rel}","templated":true}]}}