{"id":53610,"date":"2025-08-15T13:00:44","date_gmt":"2025-08-15T11:00:44","guid":{"rendered":"https:\/\/www.modelcars24.de\/?post_type=product&#038;p=53610"},"modified":"2025-12-10T13:38:59","modified_gmt":"2025-12-10T12:38:59","slug":"autoart-mercedes-amg-g63-2019-vert-emeraude-metallise","status":"publish","type":"product","link":"https:\/\/www.modelcars24.de\/fr\/autoart-mercedes-amg-g63-2019-emerald-green-metallic\/","title":{"rendered":"AUTOart Mercedes-AMG G63 2019 (Emerald Green Metallic) - 1\/18"},"content":{"rendered":"<p>AUTOart Mercedes-AMG G63 2019 (Vert \u00c9meraude M\u00e9tallis\u00e9). Mod\u00e8le de collection de haute qualit\u00e9 \u00e0 l'\u00e9chelle 1:18.<br \/>\nNum\u00e9ro d'article : 76355<\/p>\n<p>1-marque neuve<\/p>","protected":false},"excerpt":{"rendered":"<p>76304 &#8211; 1-brandneu &#8211; 286,00 \u20ac inkl. 19% Vat AUTOart Mercedes-Benz G 63 AMG 6&#215;6 (red) 2013 modelcar, 76304<\/p>","protected":false},"featured_media":53633,"comment_status":"open","ping_status":"closed","template":"","meta":[],"product_brand":[846],"product_cat":[185,19,262],"product_tag":[187,449,202],"class_list":{"0":"post-53610","1":"product","2":"type-product","3":"status-publish","4":"has-post-thumbnail","6":"product_brand-autoart","7":"product_cat-autoart","8":"product_cat-mercedes-benz","9":"product_cat-vorbestellbar","10":"product_tag-autoart","11":"product_tag-mercedes-benz","12":"product_tag-verfuegbar","13":"pa_automarke-mercedes","14":"pa_decade-2010s","15":"pa_fahrzeugtyp-gelaendewagen","16":"pa_limitiert-nein","17":"pa_massstab-1-18","18":"pa_modelmarke-autoart","19":"pa_modeltyp-alles-zum-oeffnen","20":"pa_modeltyp-fertigmodell","21":"pa_status-beim-hersteller-verfuegbar","22":"pa_verfuegbarkeit-5-tage-lieferzeit","23":"pa_zustand_modell-1-brandneu","24":"pa_zustand_verpackung-1-brandneu","26":"first","27":"instock","28":"taxable","29":"shipping-taxable","30":"purchasable","31":"product-type-simple"},"jetpack_sharing_enabled":true,"_links":{"self":[{"href":"https:\/\/www.modelcars24.de\/fr\/wp-json\/wp\/v2\/product\/53610","targetHints":{"allow":["GET"]}}],"collection":[{"href":"https:\/\/www.modelcars24.de\/fr\/wp-json\/wp\/v2\/product"}],"about":[{"href":"https:\/\/www.modelcars24.de\/fr\/wp-json\/wp\/v2\/types\/product"}],"replies":[{"embeddable":true,"href":"https:\/\/www.modelcars24.de\/fr\/wp-json\/wp\/v2\/comments?post=53610"}],"version-history":[{"count":0,"href":"https:\/\/www.modelcars24.de\/fr\/wp-json\/wp\/v2\/product\/53610\/revisions"}],"wp:featuredmedia":[{"embeddable":true,"href":"https:\/\/www.modelcars24.de\/fr\/wp-json\/wp\/v2\/media\/53633"}],"wp:attachment":[{"href":"https:\/\/www.modelcars24.de\/fr\/wp-json\/wp\/v2\/media?parent=53610"}],"wp:term":[{"taxonomy":"product_brand","embeddable":true,"href":"https:\/\/www.modelcars24.de\/fr\/wp-json\/wp\/v2\/product_brand?post=53610"},{"taxonomy":"product_cat","embeddable":true,"href":"https:\/\/www.modelcars24.de\/fr\/wp-json\/wp\/v2\/product_cat?post=53610"},{"taxonomy":"product_tag","embeddable":true,"href":"https:\/\/www.modelcars24.de\/fr\/wp-json\/wp\/v2\/product_tag?post=53610"}],"curies":[{"name":"wp","href":"https:\/\/api.w.org\/{rel}","templated":true}]}}