{"id":54032,"date":"2025-08-29T13:16:45","date_gmt":"2025-08-29T11:16:45","guid":{"rendered":"https:\/\/www.modelcars24.de\/?post_type=product&#038;p=54032"},"modified":"2026-01-10T23:58:49","modified_gmt":"2026-01-10T22:58:49","slug":"almost-real-porsche-ruf-ctr-anniversary","status":"publish","type":"product","link":"https:\/\/www.modelcars24.de\/fr\/almost-real-porsche-ruf-ctr-anniversary\/","title":{"rendered":"Almost Real Porsche Ruf CTR Anniversary 2017 blossom gelb 1:18 &#8211; 1\/18"},"content":{"rendered":"<h3>\u00a0Almost Real Porsche Ruf CTR Anniversary 2017 blossom gelb 1:18<\/h3>\n<p>Der Porsche RUF CTR Anniversary 2017 ist eine Hommage an den legend\u00e4ren \u201eYellowbird\u201c von 1987. Das Modellauto von Almost Real im Ma\u00dfstab 1:18, lackiert im auff\u00e4lligen Farbton \u201eBlossom Yellow\u201c, f\u00e4ngt die Essenz dieses modernen Klassikers perfekt ein.<\/p>\n<p>Das Modell zeichnet sich durch seine extrem hohe Detailtreue aus. Die Lackierung ist makellos und gl\u00e4nzt mit einer tiefen, satten Farbe. Die Spaltma\u00dfe sind sehr pr\u00e4zise, und die T\u00fcren, die Motorhaube sowie die Kofferraumklappe lassen sich \u00f6ffnen und geben den Blick auf den detaillierten Innenraum und den Motor frei.<\/p>\n<p>Im Innenraum wurde viel Wert auf Authentizit\u00e4t gelegt, von den Sportsitzen bis zum detaillierten Armaturenbrett. Auch die Felgen und die Bremsanlage sind originalgetreu nachgebildet. F\u00fcr Sammler und Liebhaber von Sportwagen ist dieses Modell ein echtes Highlight und ein Muss f\u00fcr jede Vitrine.<\/p>\n<p>Artikelnummer: ALM880301<\/p>","protected":false},"excerpt":{"rendered":"<p>ALM880301 &#8211; 1-brandneu &#8211; 289,00 \u20ac inkl. 19% Vat<\/p>","protected":false},"featured_media":54040,"comment_status":"open","ping_status":"closed","template":"","meta":{"_acf_changed":false},"product_brand":[],"product_cat":[465,249,56,20,21],"product_tag":[466,253,202],"class_list":{"0":"post-54032","1":"product","2":"type-product","3":"status-publish","4":"has-post-thumbnail","6":"product_cat-almost-real","7":"product_cat-pagani","8":"product_cat-porsche","9":"product_cat-titel","10":"product_cat-verfuegbar","11":"product_tag-almost-real","12":"product_tag-brabus","13":"product_tag-verfuegbar","14":"pa_automarke-porsche","15":"pa_decade-2010s","16":"pa_fahrzeugtyp-coupe","17":"pa_farbe-schwarz","18":"pa_limitiert-nein","19":"pa_massstab-1-18","20":"pa_modelmarke-almost-real","21":"pa_modeltyp-fertigmodell","22":"pa_modeltyp-geschlossen","23":"pa_status-beim-hersteller-ausverkauft","24":"pa_verfuegbarkeit-5-tage-lieferzeit","25":"pa_zustand_modell-1-brandneu","26":"pa_zustand_verpackung-1-brandneu","28":"first","29":"outofstock","30":"taxable","31":"shipping-taxable","32":"purchasable","33":"product-type-simple"},"acf":[],"jetpack_sharing_enabled":true,"_links":{"self":[{"href":"https:\/\/www.modelcars24.de\/fr\/wp-json\/wp\/v2\/product\/54032","targetHints":{"allow":["GET"]}}],"collection":[{"href":"https:\/\/www.modelcars24.de\/fr\/wp-json\/wp\/v2\/product"}],"about":[{"href":"https:\/\/www.modelcars24.de\/fr\/wp-json\/wp\/v2\/types\/product"}],"replies":[{"embeddable":true,"href":"https:\/\/www.modelcars24.de\/fr\/wp-json\/wp\/v2\/comments?post=54032"}],"version-history":[{"count":4,"href":"https:\/\/www.modelcars24.de\/fr\/wp-json\/wp\/v2\/product\/54032\/revisions"}],"predecessor-version":[{"id":58856,"href":"https:\/\/www.modelcars24.de\/fr\/wp-json\/wp\/v2\/product\/54032\/revisions\/58856"}],"wp:featuredmedia":[{"embeddable":true,"href":"https:\/\/www.modelcars24.de\/fr\/wp-json\/wp\/v2\/media\/54040"}],"wp:attachment":[{"href":"https:\/\/www.modelcars24.de\/fr\/wp-json\/wp\/v2\/media?parent=54032"}],"wp:term":[{"taxonomy":"product_brand","embeddable":true,"href":"https:\/\/www.modelcars24.de\/fr\/wp-json\/wp\/v2\/product_brand?post=54032"},{"taxonomy":"product_cat","embeddable":true,"href":"https:\/\/www.modelcars24.de\/fr\/wp-json\/wp\/v2\/product_cat?post=54032"},{"taxonomy":"product_tag","embeddable":true,"href":"https:\/\/www.modelcars24.de\/fr\/wp-json\/wp\/v2\/product_tag?post=54032"}],"curies":[{"name":"wp","href":"https:\/\/api.w.org\/{rel}","templated":true}]}}