{"id":54225,"date":"2025-09-04T16:29:53","date_gmt":"2025-09-04T14:29:53","guid":{"rendered":"https:\/\/www.modelcars24.de\/?post_type=product&#038;p=54225"},"modified":"2026-03-20T11:05:21","modified_gmt":"2026-03-20T10:05:21","slug":"top-marques-ferrari-250-lm-winner-24h-le-mans","status":"publish","type":"product","link":"https:\/\/www.modelcars24.de\/fr\/top-marques-ferrari-250-lm-winner-24h-le-mans\/","title":{"rendered":"Top Marques Ferrari 250 LM Winner 24h Le Mans 1965 Rindt - Gregory - 1\/12"},"content":{"rendered":"<p>Top Marques Ferrari 250 LM Winner 24h Le Mans 1965 Rindt - Gregory - 1\/12<\/p>\n<p>La Ferrari 250 LM est une l\u00e9gende du sport automobile, et le mod\u00e8le r\u00e9duit de Top Marques \u00e0 l'\u00e9chelle 1:12 rend un hommage digne de ce nom \u00e0 ce monument. Il reproduit la voiture de l'\u00e9quipe NART avec laquelle Jochen Rindt et Masten Gregory ont remport\u00e9 en 1965 la derni\u00e8re victoire finale de Ferrari aux 24 Heures du Mans \u00e0 ce jour.<\/p>\n<p>Le mod\u00e8le se distingue par sa pr\u00e9sence impressionnante et sa fid\u00e9lit\u00e9 aux d\u00e9tails. La peinture rouge caract\u00e9ristique et les lignes marquantes de la voiture de sport \u00e0 moteur central sont parfaitement reproduites. Gr\u00e2ce \u00e0 la grande \u00e9chelle, des d\u00e9tails tels que les jantes \u00e0 rayons filigranes, le cockpit authentique et les d\u00e9cors contemporains des sponsors sont particuli\u00e8rement bien mis en valeur. Pour les collectionneurs, ce mod\u00e8le en r\u00e9sine est un point fort exclusif qui fait revivre l'\u00e2ge d'or du sport d'endurance sur l'\u00e9tag\u00e8re de la maison.<\/p>\n<p>Mod\u00e8le de collection de haute qualit\u00e9 \u00e0 l'\u00e9chelle 1:12 en r\u00e9sine. Le mod\u00e8le est livr\u00e9 avec une vitrine.<br \/>\nNum\u00e9ro d'article : <b>TMR12-61A<\/b><\/p>","protected":false},"excerpt":{"rendered":"<p>TMR12-61A &#8211; 1-brandneu &#8211; 419,00 \u20ac inkl. 19% Vat<\/p>","protected":false},"featured_media":62222,"comment_status":"open","ping_status":"closed","template":"","meta":{"_acf_changed":false},"product_brand":[901],"product_cat":[63,262],"product_tag":[187,445,202],"class_list":{"0":"post-54225","1":"product","2":"type-product","3":"status-publish","4":"has-post-thumbnail","6":"product_brand-topmarques","7":"product_cat-ferrari","8":"product_cat-vorbestellbar","9":"product_tag-autoart","10":"product_tag-lamborghini","11":"product_tag-verfuegbar","12":"pa_automarke-ferrari","13":"pa_decade-1990s","14":"pa_fahrzeugtyp-coupe","15":"pa_limitiert-nein","16":"pa_massstab-1-18","17":"pa_modelmarke-topmarques","18":"pa_modeltyp-fertigmodell","19":"pa_modeltyp-geschlossen","20":"pa_status-beim-hersteller-verfuegbar","21":"pa_verfuegbarkeit-vorbestellbar","22":"pa_zustand_modell-1-brandneu","23":"pa_zustand_verpackung-1-brandneu","25":"first","26":"instock","27":"taxable","28":"shipping-taxable","29":"purchasable","30":"product-type-simple"},"acf":[],"jetpack_sharing_enabled":true,"_links":{"self":[{"href":"https:\/\/www.modelcars24.de\/fr\/wp-json\/wp\/v2\/product\/54225","targetHints":{"allow":["GET"]}}],"collection":[{"href":"https:\/\/www.modelcars24.de\/fr\/wp-json\/wp\/v2\/product"}],"about":[{"href":"https:\/\/www.modelcars24.de\/fr\/wp-json\/wp\/v2\/types\/product"}],"replies":[{"embeddable":true,"href":"https:\/\/www.modelcars24.de\/fr\/wp-json\/wp\/v2\/comments?post=54225"}],"version-history":[{"count":6,"href":"https:\/\/www.modelcars24.de\/fr\/wp-json\/wp\/v2\/product\/54225\/revisions"}],"predecessor-version":[{"id":62224,"href":"https:\/\/www.modelcars24.de\/fr\/wp-json\/wp\/v2\/product\/54225\/revisions\/62224"}],"wp:featuredmedia":[{"embeddable":true,"href":"https:\/\/www.modelcars24.de\/fr\/wp-json\/wp\/v2\/media\/62222"}],"wp:attachment":[{"href":"https:\/\/www.modelcars24.de\/fr\/wp-json\/wp\/v2\/media?parent=54225"}],"wp:term":[{"taxonomy":"product_brand","embeddable":true,"href":"https:\/\/www.modelcars24.de\/fr\/wp-json\/wp\/v2\/product_brand?post=54225"},{"taxonomy":"product_cat","embeddable":true,"href":"https:\/\/www.modelcars24.de\/fr\/wp-json\/wp\/v2\/product_cat?post=54225"},{"taxonomy":"product_tag","embeddable":true,"href":"https:\/\/www.modelcars24.de\/fr\/wp-json\/wp\/v2\/product_tag?post=54225"}],"curies":[{"name":"wp","href":"https:\/\/api.w.org\/{rel}","templated":true}]}}