{"id":54247,"date":"2025-09-05T10:51:15","date_gmt":"2025-09-05T08:51:15","guid":{"rendered":"https:\/\/www.modelcars24.de\/?post_type=product&#038;p=54247"},"modified":"2026-04-25T19:55:17","modified_gmt":"2026-04-25T17:55:17","slug":"cmc-maserati-birdcage-cut-off-model","status":"publish","type":"product","link":"https:\/\/www.modelcars24.de\/fr\/cmc-maserati-birdcage-cut-off-model\/","title":{"rendered":"CMC Maserati \u201eBirdcage\u201c, cut-off model, CGS25, Vitrine, plaque de base et plaquette incluses, Lim. 200 - 1\/18"},"content":{"rendered":"<h3 class=\"product_title entry-title\">CMC Maserati \u201eBirdcage\u201c, cut-off model, CGS25, Vitrine, plaque de base et plaquette incluses, Lim. 200, Schwetzingen<\/h3>\n<ul>\n<li>Mod\u00e8le de pr\u00e9cision en m\u00e9tal assembl\u00e9 \u00e0 la main \u00e0 partir de 1 523 pi\u00e8ces<\/li>\n<li>Cadre tubulaire en treillis fabriqu\u00e9 avec un souci du d\u00e9tail unique en tant que construction m\u00e9tallique filigrane<\/li>\n<li>Carrosserie authentique et moul\u00e9e \u00e0 l'\u00e9chelle<\/li>\n<li>Peinture bicolore somptueuse en hommage aux origines suisses de Gus Andrey<\/li>\n<li>Capot moteur rabattable avec verrouillage par levier<\/li>\n<li>Moteur hautement d\u00e9taill\u00e9 avec agr\u00e9gats de montage et pose compl\u00e8te des conduites\/c\u00e2blage<\/li>\n<li>R\u00e9servoir d'huile avec bouchon de r\u00e9servoir mobile<\/li>\n<li>Bouche d'aspiration d'air pour le refroidissement des pieds en m\u00e9tal<\/li>\n<li>Tableau de bord avec disposition d\u00e9taill\u00e9e des instruments<\/li>\n<li>Si\u00e8ges de course avec rev\u00eatement en cuir<\/li>\n<li>Portes mobiles articul\u00e9es sur des charni\u00e8res originales reproduites en filigrane<\/li>\n<li>Couverture arri\u00e8re amovible avec verrouillage par levier<\/li>\n<li>R\u00e9servoir d'essence en m\u00e9tal avec bouchon mobile<\/li>\n<li>Roue de secours amovible, s\u00e9curis\u00e9e par des sangles en cuir<\/li>\n<li>Roues \u00e0 rayons amovibles avec jantes en aluminium et rayons en fil d'acier inoxydable enfonc\u00e9s \u00e0 la main<\/li>\n<li>La plaque de fond d\u00e9vissable permet une vue suppl\u00e9mentaire sur le r\u00e9seau du cadre en treillis tubulaire<\/li>\n<li>T\u00f4le de fond du cockpit en m\u00e9tal et avec des t\u00f4les de renfort rivet\u00e9es de mani\u00e8re complexe<\/li>\n<li>Suspension ind\u00e9pendante des roues avant sur doubles triangles avec ressorts h\u00e9lico\u00efdaux et amortisseurs t\u00e9lescopiques<\/li>\n<li>Essieu arri\u00e8re De-Dion avec ressort \u00e0 lame m\u00e9tallique horizontal mont\u00e9 transversalement et amortisseurs t\u00e9lescopiques<\/li>\n<\/ul>\n<p>&nbsp;<\/p>\n<div class=\"woocommerce-product-details__short-description\">\n<p>Edition limit\u00e9e \u00e0 200 exemplaires<\/p>\n<\/div>\n<p>Num\u00e9ro d'article : M-290<\/p>\n<p>1-marque neuve<\/p>","protected":false},"excerpt":{"rendered":"<p>M-290 &#8211; 1-brandneu-\u00a0 anstatt 785,00 jetzt 685,00 \u20ac inkl. 19%<\/p>","protected":false},"featured_media":54340,"comment_status":"open","ping_status":"closed","template":"","meta":{"_acf_changed":false},"product_brand":[537],"product_cat":[18,90,20,21],"product_tag":[164,165,166,167,168],"class_list":{"0":"post-54247","1":"product","2":"type-product","3":"status-publish","4":"has-post-thumbnail","6":"product_brand-cmc","7":"product_cat-cmc","8":"product_cat-maserati","9":"product_cat-titel","10":"product_cat-verfuegbar","11":"product_tag-cmc-ferrari-275-ivory-cream","12":"product_tag-cmc-ferrari-275-weiss","13":"product_tag-cmc-ferrari-classic-gala","14":"product_tag-cmc-ferrari-schwetzingen","15":"product_tag-cmc-schwetzingen","16":"pa_automarke-ferrari","17":"pa_decade-1960s","18":"pa_fahrzeugtyp-coupe","19":"pa_farbe-weiss","20":"pa_limitiert-ja","21":"pa_massstab-1-18","22":"pa_modelmarke-cmc","23":"pa_modeltyp-alles-zum-oeffnen","24":"pa_modeltyp-fertigmodell","25":"pa_verfuegbarkeit-sofort-verfuegbar","26":"pa_zustand_modell-2-neuwertig","27":"pa_zustand_verpackung-2-neuwertig","29":"first","30":"instock","31":"sale","32":"taxable","33":"shipping-taxable","34":"purchasable","35":"product-type-simple"},"acf":[],"jetpack_sharing_enabled":true,"_links":{"self":[{"href":"https:\/\/www.modelcars24.de\/fr\/wp-json\/wp\/v2\/product\/54247","targetHints":{"allow":["GET"]}}],"collection":[{"href":"https:\/\/www.modelcars24.de\/fr\/wp-json\/wp\/v2\/product"}],"about":[{"href":"https:\/\/www.modelcars24.de\/fr\/wp-json\/wp\/v2\/types\/product"}],"replies":[{"embeddable":true,"href":"https:\/\/www.modelcars24.de\/fr\/wp-json\/wp\/v2\/comments?post=54247"}],"version-history":[{"count":10,"href":"https:\/\/www.modelcars24.de\/fr\/wp-json\/wp\/v2\/product\/54247\/revisions"}],"predecessor-version":[{"id":54333,"href":"https:\/\/www.modelcars24.de\/fr\/wp-json\/wp\/v2\/product\/54247\/revisions\/54333"}],"wp:featuredmedia":[{"embeddable":true,"href":"https:\/\/www.modelcars24.de\/fr\/wp-json\/wp\/v2\/media\/54340"}],"wp:attachment":[{"href":"https:\/\/www.modelcars24.de\/fr\/wp-json\/wp\/v2\/media?parent=54247"}],"wp:term":[{"taxonomy":"product_brand","embeddable":true,"href":"https:\/\/www.modelcars24.de\/fr\/wp-json\/wp\/v2\/product_brand?post=54247"},{"taxonomy":"product_cat","embeddable":true,"href":"https:\/\/www.modelcars24.de\/fr\/wp-json\/wp\/v2\/product_cat?post=54247"},{"taxonomy":"product_tag","embeddable":true,"href":"https:\/\/www.modelcars24.de\/fr\/wp-json\/wp\/v2\/product_tag?post=54247"}],"curies":[{"name":"wp","href":"https:\/\/api.w.org\/{rel}","templated":true}]}}